{"id":151,"date":"2023-07-07T11:27:30","date_gmt":"2023-07-07T09:27:30","guid":{"rendered":"https:\/\/nordicequicare.se\/?post_type=product&#038;p=151"},"modified":"2024-04-05T11:25:51","modified_gmt":"2024-04-05T09:25:51","slug":"laserpenna-med-en-diod-batteridriven-05-1w","status":"publish","type":"product","link":"https:\/\/nordicequicare.se\/en\/product\/laserpenna-med-en-diod-batteridriven-05-1w\/","title":{"rendered":"Laserpenna med en diod, batteridriven 0,5-1W"},"content":{"rendered":"<p>Denna batteridrivna medicinska laser \u00e4r det perfekta verktyget f\u00f6r medicinsk behandling med laser f\u00f6r djur.\u00a0Vi har sj\u00e4lva anv\u00e4nt lasern under 3 \u00e5r f\u00f6r att utv\u00e4rdera produkten och kan varmt rekommendera den f\u00f6r effektiv behandling av h\u00e4star.<\/p>\n<p>Laserpennan konfigureras enl. dina preferenser p\u00e5 v\u00e5gl\u00e4ngd: 650nm, 808nm eller 905nm.<\/p>\n<p>Den h\u00f6geffektiva laserdioden levererar ljuspartiklar p\u00e5 en koncentrerad yta och l\u00e4mpar sig b\u00e4st f\u00f6r punktbegandling n\u00e4r man vill behandla en specifik punkt p\u00e5 djuret. Batteriet g\u00f6r att du slipper leta efter kontakter och slipper sladdar. Du kan anv\u00e4nda lasern m\u00e5nga dagar utan att den beh\u00f6ver laddas.<\/p>\n<p>Du kan v\u00e4lja mellan att arbeta i CW-l\u00e4get\u00a0(continuous wave) och PW-l\u00e4get (pulse wave).<\/p>\n<p>Lasern tillverkas och konfigureras efter dina \u00f6nskem\u00e5l p\u00e5 v\u00e5gl\u00e4ngder. Leveranstiden \u00e4r mellan 7-14 dagar efter mottagen order.<\/p>\n<p>Du kan l\u00e4sa mer om styrkor och v\u00e5gl\u00e4ngder samt ta del av relevant forskning p\u00e5 v\u00e5ra informationssidor.<\/p>\n<p>Vi ser g\u00e4rna att du har relevant utbildning f\u00f6r att k\u00f6pa denna produkt. Veterin\u00e4r, Equipat, Equiterapeut eller motsvarande)<\/p>\n<p>\u00c5ngerr\u00e4tten g\u00e4ller inte f\u00f6r denna produkt eftersom den tillverkas efter dina specifikationer.<\/p>\n<p>Garanti: 1 \u00e5r fr\u00e5n ink\u00f6psdatum<\/p>","protected":false},"excerpt":{"rendered":"<p>Denna batteridrivna medicinska laser \u00e4r det perfekta verktyget f\u00f6r medicinsk behandling med laser f\u00f6r djur.\u00a0Vi har sj\u00e4lva anv\u00e4nt lasern under 3 \u00e5r f\u00f6r att utv\u00e4rdera produkten och kan varmt rekommendera den f\u00f6r effektiv behandling av h\u00e4star.<\/p>\n<p>Laserpennan konfigureras enl. dina preferenser p\u00e5 v\u00e5gl\u00e4ngd: 650nm, 808nm eller 905nm.<\/p>","protected":false},"featured_media":159,"comment_status":"open","ping_status":"closed","template":"","meta":[],"product_brand":[],"product_cat":[35],"product_tag":[],"class_list":{"0":"post-151","1":"product","2":"type-product","3":"status-publish","4":"has-post-thumbnail","6":"product_cat-medicinsk-laserutrustning","7":"pa_effekt-1000-mw","8":"pa_effekt-500-mw","10":"first","11":"onbackorder","12":"taxable","13":"shipping-taxable","14":"purchasable","15":"product-type-variable"},"yoast_head":"<!-- This site is optimized with the Yoast SEO plugin v27.5 - https:\/\/yoast.com\/product\/yoast-seo-wordpress\/ -->\n<title>Laserpenna med en diod, batteridriven 0,5-1W - Nordic Equicare<\/title>\n<meta name=\"robots\" content=\"index, follow, max-snippet:-1, max-image-preview:large, max-video-preview:-1\" \/>\n<link rel=\"canonical\" href=\"https:\/\/nordicequicare.se\/en\/product\/laserpenna-med-en-diod-batteridriven-05-1w\/\" \/>\n<meta property=\"og:locale\" content=\"en_US\" \/>\n<meta property=\"og:type\" content=\"article\" \/>\n<meta property=\"og:title\" content=\"Laserpenna med en diod, batteridriven 0,5-1W - Nordic Equicare\" \/>\n<meta property=\"og:description\" content=\"Denna batteridrivna medicinska laser \u00e4r det perfekta verktyget f\u00f6r medicinsk behandling med laser f\u00f6r djur.\u00a0Vi har sj\u00e4lva anv\u00e4nt lasern under 3 \u00e5r f\u00f6r att utv\u00e4rdera produkten och kan varmt rekommendera den f\u00f6r effektiv behandling av h\u00e4star.  Laserpennan konfigureras enl. dina preferenser p\u00e5 v\u00e5gl\u00e4ngd: 650nm, 808nm eller 905nm.\" \/>\n<meta property=\"og:url\" content=\"https:\/\/nordicequicare.se\/en\/product\/laserpenna-med-en-diod-batteridriven-05-1w\/\" \/>\n<meta property=\"og:site_name\" content=\"Nordic Equicare\" \/>\n<meta property=\"article:publisher\" content=\"https:\/\/www.facebook.com\/nordicequicare\" \/>\n<meta property=\"article:modified_time\" content=\"2024-04-05T09:25:51+00:00\" \/>\n<meta property=\"og:image\" content=\"https:\/\/nordicequicare.se\/wp-content\/uploads\/2023\/07\/Penna.jpg\" \/>\n\t<meta property=\"og:image:width\" content=\"1074\" \/>\n\t<meta property=\"og:image:height\" content=\"1349\" \/>\n\t<meta property=\"og:image:type\" content=\"image\/jpeg\" \/>\n<meta name=\"twitter:card\" content=\"summary_large_image\" \/>\n<meta name=\"twitter:label1\" content=\"Est. reading time\" \/>\n\t<meta name=\"twitter:data1\" content=\"2 minutes\" \/>\n<script type=\"application\/ld+json\" class=\"yoast-schema-graph\">{\"@context\":\"https:\\\/\\\/schema.org\",\"@graph\":[{\"@type\":\"WebPage\",\"@id\":\"https:\\\/\\\/nordicequicare.se\\\/product\\\/laserpenna-med-en-diod-batteridriven-05-1w\\\/\",\"url\":\"https:\\\/\\\/nordicequicare.se\\\/product\\\/laserpenna-med-en-diod-batteridriven-05-1w\\\/\",\"name\":\"Laserpenna med en diod, batteridriven 0,5-1W - Nordic Equicare\",\"isPartOf\":{\"@id\":\"https:\\\/\\\/nordicequicare.se\\\/#website\"},\"primaryImageOfPage\":{\"@id\":\"https:\\\/\\\/nordicequicare.se\\\/product\\\/laserpenna-med-en-diod-batteridriven-05-1w\\\/#primaryimage\"},\"image\":{\"@id\":\"https:\\\/\\\/nordicequicare.se\\\/product\\\/laserpenna-med-en-diod-batteridriven-05-1w\\\/#primaryimage\"},\"thumbnailUrl\":\"https:\\\/\\\/nordicequicare.se\\\/wp-content\\\/uploads\\\/2023\\\/07\\\/Penna.jpg\",\"datePublished\":\"2023-07-07T09:27:30+00:00\",\"dateModified\":\"2024-04-05T09:25:51+00:00\",\"breadcrumb\":{\"@id\":\"https:\\\/\\\/nordicequicare.se\\\/product\\\/laserpenna-med-en-diod-batteridriven-05-1w\\\/#breadcrumb\"},\"inLanguage\":\"en-US\",\"potentialAction\":[{\"@type\":\"ReadAction\",\"target\":[\"https:\\\/\\\/nordicequicare.se\\\/product\\\/laserpenna-med-en-diod-batteridriven-05-1w\\\/\"]}]},{\"@type\":\"ImageObject\",\"inLanguage\":\"en-US\",\"@id\":\"https:\\\/\\\/nordicequicare.se\\\/product\\\/laserpenna-med-en-diod-batteridriven-05-1w\\\/#primaryimage\",\"url\":\"https:\\\/\\\/nordicequicare.se\\\/wp-content\\\/uploads\\\/2023\\\/07\\\/Penna.jpg\",\"contentUrl\":\"https:\\\/\\\/nordicequicare.se\\\/wp-content\\\/uploads\\\/2023\\\/07\\\/Penna.jpg\",\"width\":1074,\"height\":1349},{\"@type\":\"BreadcrumbList\",\"@id\":\"https:\\\/\\\/nordicequicare.se\\\/product\\\/laserpenna-med-en-diod-batteridriven-05-1w\\\/#breadcrumb\",\"itemListElement\":[{\"@type\":\"ListItem\",\"position\":1,\"name\":\"Hem\",\"item\":\"https:\\\/\\\/nordicequicare.se\\\/\"},{\"@type\":\"ListItem\",\"position\":2,\"name\":\"Shop\",\"item\":\"https:\\\/\\\/nordicequicare.se\\\/shop\\\/\"},{\"@type\":\"ListItem\",\"position\":3,\"name\":\"Laserpenna med en diod, batteridriven 0,5-1W\"}]},{\"@type\":\"WebSite\",\"@id\":\"https:\\\/\\\/nordicequicare.se\\\/#website\",\"url\":\"https:\\\/\\\/nordicequicare.se\\\/\",\"name\":\"Nordic Equicare\",\"description\":\"Din equiterapeut i V\u00e4stmanland\",\"publisher\":{\"@id\":\"https:\\\/\\\/nordicequicare.se\\\/#organization\"},\"potentialAction\":[{\"@type\":\"SearchAction\",\"target\":{\"@type\":\"EntryPoint\",\"urlTemplate\":\"https:\\\/\\\/nordicequicare.se\\\/?s={search_term_string}\"},\"query-input\":{\"@type\":\"PropertyValueSpecification\",\"valueRequired\":true,\"valueName\":\"search_term_string\"}}],\"inLanguage\":\"en-US\"},{\"@type\":\"Organization\",\"@id\":\"https:\\\/\\\/nordicequicare.se\\\/#organization\",\"name\":\"Nordic Equicare\",\"url\":\"https:\\\/\\\/nordicequicare.se\\\/\",\"logo\":{\"@type\":\"ImageObject\",\"inLanguage\":\"en-US\",\"@id\":\"https:\\\/\\\/nordicequicare.se\\\/#\\\/schema\\\/logo\\\/image\\\/\",\"url\":\"https:\\\/\\\/nordicequicare.se\\\/wp-content\\\/uploads\\\/2023\\\/07\\\/gen_logo.png\",\"contentUrl\":\"https:\\\/\\\/nordicequicare.se\\\/wp-content\\\/uploads\\\/2023\\\/07\\\/gen_logo.png\",\"width\":500,\"height\":196,\"caption\":\"Nordic Equicare\"},\"image\":{\"@id\":\"https:\\\/\\\/nordicequicare.se\\\/#\\\/schema\\\/logo\\\/image\\\/\"},\"sameAs\":[\"https:\\\/\\\/www.facebook.com\\\/nordicequicare\",\"https:\\\/\\\/www.instagram.com\\\/nordicequicare\\\/\"]}]}<\/script>\n<!-- \/ Yoast SEO plugin. -->","yoast_head_json":{"title":"Laserpenna med en diod, batteridriven 0,5-1W - Nordic Equicare","robots":{"index":"index","follow":"follow","max-snippet":"max-snippet:-1","max-image-preview":"max-image-preview:large","max-video-preview":"max-video-preview:-1"},"canonical":"https:\/\/nordicequicare.se\/en\/product\/laserpenna-med-en-diod-batteridriven-05-1w\/","og_locale":"en_US","og_type":"article","og_title":"Laserpenna med en diod, batteridriven 0,5-1W - Nordic Equicare","og_description":"Denna batteridrivna medicinska laser \u00e4r det perfekta verktyget f\u00f6r medicinsk behandling med laser f\u00f6r djur.\u00a0Vi har sj\u00e4lva anv\u00e4nt lasern under 3 \u00e5r f\u00f6r att utv\u00e4rdera produkten och kan varmt rekommendera den f\u00f6r effektiv behandling av h\u00e4star.  Laserpennan konfigureras enl. dina preferenser p\u00e5 v\u00e5gl\u00e4ngd: 650nm, 808nm eller 905nm.","og_url":"https:\/\/nordicequicare.se\/en\/product\/laserpenna-med-en-diod-batteridriven-05-1w\/","og_site_name":"Nordic Equicare","article_publisher":"https:\/\/www.facebook.com\/nordicequicare","article_modified_time":"2024-04-05T09:25:51+00:00","og_image":[{"width":1074,"height":1349,"url":"https:\/\/nordicequicare.se\/wp-content\/uploads\/2023\/07\/Penna.jpg","type":"image\/jpeg"}],"twitter_card":"summary_large_image","twitter_misc":{"Est. reading time":"2 minutes"},"schema":{"@context":"https:\/\/schema.org","@graph":[{"@type":"WebPage","@id":"https:\/\/nordicequicare.se\/product\/laserpenna-med-en-diod-batteridriven-05-1w\/","url":"https:\/\/nordicequicare.se\/product\/laserpenna-med-en-diod-batteridriven-05-1w\/","name":"Laserpenna med en diod, batteridriven 0,5-1W - Nordic Equicare","isPartOf":{"@id":"https:\/\/nordicequicare.se\/#website"},"primaryImageOfPage":{"@id":"https:\/\/nordicequicare.se\/product\/laserpenna-med-en-diod-batteridriven-05-1w\/#primaryimage"},"image":{"@id":"https:\/\/nordicequicare.se\/product\/laserpenna-med-en-diod-batteridriven-05-1w\/#primaryimage"},"thumbnailUrl":"https:\/\/nordicequicare.se\/wp-content\/uploads\/2023\/07\/Penna.jpg","datePublished":"2023-07-07T09:27:30+00:00","dateModified":"2024-04-05T09:25:51+00:00","breadcrumb":{"@id":"https:\/\/nordicequicare.se\/product\/laserpenna-med-en-diod-batteridriven-05-1w\/#breadcrumb"},"inLanguage":"en-US","potentialAction":[{"@type":"ReadAction","target":["https:\/\/nordicequicare.se\/product\/laserpenna-med-en-diod-batteridriven-05-1w\/"]}]},{"@type":"ImageObject","inLanguage":"en-US","@id":"https:\/\/nordicequicare.se\/product\/laserpenna-med-en-diod-batteridriven-05-1w\/#primaryimage","url":"https:\/\/nordicequicare.se\/wp-content\/uploads\/2023\/07\/Penna.jpg","contentUrl":"https:\/\/nordicequicare.se\/wp-content\/uploads\/2023\/07\/Penna.jpg","width":1074,"height":1349},{"@type":"BreadcrumbList","@id":"https:\/\/nordicequicare.se\/product\/laserpenna-med-en-diod-batteridriven-05-1w\/#breadcrumb","itemListElement":[{"@type":"ListItem","position":1,"name":"Hem","item":"https:\/\/nordicequicare.se\/"},{"@type":"ListItem","position":2,"name":"Shop","item":"https:\/\/nordicequicare.se\/shop\/"},{"@type":"ListItem","position":3,"name":"Laserpenna med en diod, batteridriven 0,5-1W"}]},{"@type":"WebSite","@id":"https:\/\/nordicequicare.se\/#website","url":"https:\/\/nordicequicare.se\/","name":"Nordic Equicare","description":"Din equiterapeut i V\u00e4stmanland","publisher":{"@id":"https:\/\/nordicequicare.se\/#organization"},"potentialAction":[{"@type":"SearchAction","target":{"@type":"EntryPoint","urlTemplate":"https:\/\/nordicequicare.se\/?s={search_term_string}"},"query-input":{"@type":"PropertyValueSpecification","valueRequired":true,"valueName":"search_term_string"}}],"inLanguage":"en-US"},{"@type":"Organization","@id":"https:\/\/nordicequicare.se\/#organization","name":"Nordic Equicare","url":"https:\/\/nordicequicare.se\/","logo":{"@type":"ImageObject","inLanguage":"en-US","@id":"https:\/\/nordicequicare.se\/#\/schema\/logo\/image\/","url":"https:\/\/nordicequicare.se\/wp-content\/uploads\/2023\/07\/gen_logo.png","contentUrl":"https:\/\/nordicequicare.se\/wp-content\/uploads\/2023\/07\/gen_logo.png","width":500,"height":196,"caption":"Nordic Equicare"},"image":{"@id":"https:\/\/nordicequicare.se\/#\/schema\/logo\/image\/"},"sameAs":["https:\/\/www.facebook.com\/nordicequicare","https:\/\/www.instagram.com\/nordicequicare\/"]}]}},"_links":{"self":[{"href":"https:\/\/nordicequicare.se\/en\/wp-json\/wp\/v2\/product\/151","targetHints":{"allow":["GET"]}}],"collection":[{"href":"https:\/\/nordicequicare.se\/en\/wp-json\/wp\/v2\/product"}],"about":[{"href":"https:\/\/nordicequicare.se\/en\/wp-json\/wp\/v2\/types\/product"}],"replies":[{"embeddable":true,"href":"https:\/\/nordicequicare.se\/en\/wp-json\/wp\/v2\/comments?post=151"}],"wp:featuredmedia":[{"embeddable":true,"href":"https:\/\/nordicequicare.se\/en\/wp-json\/wp\/v2\/media\/159"}],"wp:attachment":[{"href":"https:\/\/nordicequicare.se\/en\/wp-json\/wp\/v2\/media?parent=151"}],"wp:term":[{"taxonomy":"product_brand","embeddable":true,"href":"https:\/\/nordicequicare.se\/en\/wp-json\/wp\/v2\/product_brand?post=151"},{"taxonomy":"product_cat","embeddable":true,"href":"https:\/\/nordicequicare.se\/en\/wp-json\/wp\/v2\/product_cat?post=151"},{"taxonomy":"product_tag","embeddable":true,"href":"https:\/\/nordicequicare.se\/en\/wp-json\/wp\/v2\/product_tag?post=151"}],"curies":[{"name":"wp","href":"https:\/\/api.w.org\/{rel}","templated":true}]}}