{"id":1131,"date":"2023-08-03T15:54:50","date_gmt":"2023-08-03T13:54:50","guid":{"rendered":"https:\/\/nordicequicare.se\/?post_type=product&#038;p=1131"},"modified":"2026-04-15T15:20:43","modified_gmt":"2026-04-15T13:20:43","slug":"sure-foot-equine-balance-slant-pads-par","status":"publish","type":"product","link":"https:\/\/nordicequicare.se\/en\/product\/sure-foot-equine-balance-slant-pads-par\/","title":{"rendered":"SURE FOOT Equine Balance Slant Pads (par)"},"content":{"rendered":"<p>Slant-pads<br \/>\nDet finns tv\u00e5 olika vinklade pads: Hard Slant och Firm Slant, vilka modifierar ledvinklarna n\u00e5got n\u00e4r h\u00e4star st\u00e5r p\u00e5 dem med h\u00e4len h\u00f6gt, och kan str\u00e4cka ut baksidan av benet n\u00e4r h\u00e4len \u00e4r l\u00e5g. Slants kan ocks\u00e5 anv\u00e4ndas sidledes f\u00f6r att skapa pronation eller supination.<\/p>\n<p>&nbsp;<\/p>","protected":false},"excerpt":{"rendered":"<p>Slant-pads Det finns tv\u00e5 olika vinklade pads: Hard Slant och Firm Slant, vilka modifierar ledvinklarna n\u00e5got n\u00e4r h\u00e4star st\u00e5r p\u00e5 dem med h\u00e4len h\u00f6gt, och kan str\u00e4cka ut baksidan av benet n\u00e4r h\u00e4len \u00e4r l\u00e5g. Slants kan ocks\u00e5 anv\u00e4ndas sidledes f\u00f6r att skapa pronation eller supination. &nbsp;<\/p>","protected":false},"featured_media":1145,"comment_status":"open","ping_status":"closed","template":"","meta":[],"product_brand":[],"product_cat":[44],"product_tag":[],"class_list":{"0":"post-1131","1":"product","2":"type-product","3":"status-publish","4":"has-post-thumbnail","6":"product_cat-surefoot","8":"first","9":"instock","10":"taxable","11":"shipping-taxable","12":"purchasable","13":"product-type-variable"},"yoast_head":"<!-- This site is optimized with the Yoast SEO plugin v27.5 - https:\/\/yoast.com\/product\/yoast-seo-wordpress\/ -->\n<title>SURE FOOT Equine Balance Slant Pads (par) - Nordic Equicare<\/title>\n<meta name=\"description\" content=\"Balansplatta fr\u00e5n Sure Foot \u00e4r\" \/>\n<meta name=\"robots\" content=\"index, follow, max-snippet:-1, max-image-preview:large, max-video-preview:-1\" \/>\n<link rel=\"canonical\" href=\"https:\/\/nordicequicare.se\/en\/product\/sure-foot-equine-balance-slant-pads-par\/\" \/>\n<meta property=\"og:locale\" content=\"en_US\" \/>\n<meta property=\"og:type\" content=\"article\" \/>\n<meta property=\"og:title\" content=\"SURE FOOT Equine Balance Slant Pads (par) - Nordic Equicare\" \/>\n<meta property=\"og:description\" content=\"Balansplatta fr\u00e5n Sure Foot \u00e4r\" \/>\n<meta property=\"og:url\" content=\"https:\/\/nordicequicare.se\/en\/product\/sure-foot-equine-balance-slant-pads-par\/\" \/>\n<meta property=\"og:site_name\" content=\"Nordic Equicare\" \/>\n<meta property=\"article:publisher\" content=\"https:\/\/www.facebook.com\/nordicequicare\" \/>\n<meta property=\"article:modified_time\" content=\"2026-04-15T13:20:43+00:00\" \/>\n<meta property=\"og:image\" content=\"https:\/\/nordicequicare.se\/wp-content\/uploads\/2023\/08\/slants-hard-main-scaled.jpeg\" \/>\n\t<meta property=\"og:image:width\" content=\"2560\" \/>\n\t<meta property=\"og:image:height\" content=\"2560\" \/>\n\t<meta property=\"og:image:type\" content=\"image\/jpeg\" \/>\n<meta name=\"twitter:card\" content=\"summary_large_image\" \/>\n<meta name=\"twitter:label1\" content=\"Est. reading time\" \/>\n\t<meta name=\"twitter:data1\" content=\"1 minute\" \/>\n<script type=\"application\/ld+json\" class=\"yoast-schema-graph\">{\"@context\":\"https:\\\/\\\/schema.org\",\"@graph\":[{\"@type\":\"WebPage\",\"@id\":\"https:\\\/\\\/nordicequicare.se\\\/product\\\/sure-foot-equine-balance-slant-pads-par\\\/\",\"url\":\"https:\\\/\\\/nordicequicare.se\\\/product\\\/sure-foot-equine-balance-slant-pads-par\\\/\",\"name\":\"SURE FOOT Equine Balance Slant Pads (par) - Nordic Equicare\",\"isPartOf\":{\"@id\":\"https:\\\/\\\/nordicequicare.se\\\/#website\"},\"primaryImageOfPage\":{\"@id\":\"https:\\\/\\\/nordicequicare.se\\\/product\\\/sure-foot-equine-balance-slant-pads-par\\\/#primaryimage\"},\"image\":{\"@id\":\"https:\\\/\\\/nordicequicare.se\\\/product\\\/sure-foot-equine-balance-slant-pads-par\\\/#primaryimage\"},\"thumbnailUrl\":\"https:\\\/\\\/nordicequicare.se\\\/wp-content\\\/uploads\\\/2023\\\/08\\\/slants-hard-main-scaled.jpeg\",\"datePublished\":\"2023-08-03T13:54:50+00:00\",\"dateModified\":\"2026-04-15T13:20:43+00:00\",\"description\":\"Balansplatta fr\u00e5n Sure Foot \u00e4r\",\"breadcrumb\":{\"@id\":\"https:\\\/\\\/nordicequicare.se\\\/product\\\/sure-foot-equine-balance-slant-pads-par\\\/#breadcrumb\"},\"inLanguage\":\"en-US\",\"potentialAction\":[{\"@type\":\"ReadAction\",\"target\":[\"https:\\\/\\\/nordicequicare.se\\\/product\\\/sure-foot-equine-balance-slant-pads-par\\\/\"]}]},{\"@type\":\"ImageObject\",\"inLanguage\":\"en-US\",\"@id\":\"https:\\\/\\\/nordicequicare.se\\\/product\\\/sure-foot-equine-balance-slant-pads-par\\\/#primaryimage\",\"url\":\"https:\\\/\\\/nordicequicare.se\\\/wp-content\\\/uploads\\\/2023\\\/08\\\/slants-hard-main-scaled.jpeg\",\"contentUrl\":\"https:\\\/\\\/nordicequicare.se\\\/wp-content\\\/uploads\\\/2023\\\/08\\\/slants-hard-main-scaled.jpeg\",\"width\":2560,\"height\":2560},{\"@type\":\"BreadcrumbList\",\"@id\":\"https:\\\/\\\/nordicequicare.se\\\/product\\\/sure-foot-equine-balance-slant-pads-par\\\/#breadcrumb\",\"itemListElement\":[{\"@type\":\"ListItem\",\"position\":1,\"name\":\"Hem\",\"item\":\"https:\\\/\\\/nordicequicare.se\\\/\"},{\"@type\":\"ListItem\",\"position\":2,\"name\":\"Shop\",\"item\":\"https:\\\/\\\/nordicequicare.se\\\/shop\\\/\"},{\"@type\":\"ListItem\",\"position\":3,\"name\":\"SURE FOOT Equine Balance Slant Pads (par)\"}]},{\"@type\":\"WebSite\",\"@id\":\"https:\\\/\\\/nordicequicare.se\\\/#website\",\"url\":\"https:\\\/\\\/nordicequicare.se\\\/\",\"name\":\"Nordic Equicare\",\"description\":\"Din equiterapeut i V\u00e4stmanland\",\"publisher\":{\"@id\":\"https:\\\/\\\/nordicequicare.se\\\/#organization\"},\"potentialAction\":[{\"@type\":\"SearchAction\",\"target\":{\"@type\":\"EntryPoint\",\"urlTemplate\":\"https:\\\/\\\/nordicequicare.se\\\/?s={search_term_string}\"},\"query-input\":{\"@type\":\"PropertyValueSpecification\",\"valueRequired\":true,\"valueName\":\"search_term_string\"}}],\"inLanguage\":\"en-US\"},{\"@type\":\"Organization\",\"@id\":\"https:\\\/\\\/nordicequicare.se\\\/#organization\",\"name\":\"Nordic Equicare\",\"url\":\"https:\\\/\\\/nordicequicare.se\\\/\",\"logo\":{\"@type\":\"ImageObject\",\"inLanguage\":\"en-US\",\"@id\":\"https:\\\/\\\/nordicequicare.se\\\/#\\\/schema\\\/logo\\\/image\\\/\",\"url\":\"https:\\\/\\\/nordicequicare.se\\\/wp-content\\\/uploads\\\/2023\\\/07\\\/gen_logo.png\",\"contentUrl\":\"https:\\\/\\\/nordicequicare.se\\\/wp-content\\\/uploads\\\/2023\\\/07\\\/gen_logo.png\",\"width\":500,\"height\":196,\"caption\":\"Nordic Equicare\"},\"image\":{\"@id\":\"https:\\\/\\\/nordicequicare.se\\\/#\\\/schema\\\/logo\\\/image\\\/\"},\"sameAs\":[\"https:\\\/\\\/www.facebook.com\\\/nordicequicare\",\"https:\\\/\\\/www.instagram.com\\\/nordicequicare\\\/\"]}]}<\/script>\n<!-- \/ Yoast SEO plugin. -->","yoast_head_json":{"title":"SURE FOOT Equine Balance Slant Pads (par) - Nordic Equicare","description":"Balansplatta fr\u00e5n Sure Foot \u00e4r","robots":{"index":"index","follow":"follow","max-snippet":"max-snippet:-1","max-image-preview":"max-image-preview:large","max-video-preview":"max-video-preview:-1"},"canonical":"https:\/\/nordicequicare.se\/en\/product\/sure-foot-equine-balance-slant-pads-par\/","og_locale":"en_US","og_type":"article","og_title":"SURE FOOT Equine Balance Slant Pads (par) - Nordic Equicare","og_description":"Balansplatta fr\u00e5n Sure Foot \u00e4r","og_url":"https:\/\/nordicequicare.se\/en\/product\/sure-foot-equine-balance-slant-pads-par\/","og_site_name":"Nordic Equicare","article_publisher":"https:\/\/www.facebook.com\/nordicequicare","article_modified_time":"2026-04-15T13:20:43+00:00","og_image":[{"width":2560,"height":2560,"url":"https:\/\/nordicequicare.se\/wp-content\/uploads\/2023\/08\/slants-hard-main-scaled.jpeg","type":"image\/jpeg"}],"twitter_card":"summary_large_image","twitter_misc":{"Est. reading time":"1 minute"},"schema":{"@context":"https:\/\/schema.org","@graph":[{"@type":"WebPage","@id":"https:\/\/nordicequicare.se\/product\/sure-foot-equine-balance-slant-pads-par\/","url":"https:\/\/nordicequicare.se\/product\/sure-foot-equine-balance-slant-pads-par\/","name":"SURE FOOT Equine Balance Slant Pads (par) - Nordic Equicare","isPartOf":{"@id":"https:\/\/nordicequicare.se\/#website"},"primaryImageOfPage":{"@id":"https:\/\/nordicequicare.se\/product\/sure-foot-equine-balance-slant-pads-par\/#primaryimage"},"image":{"@id":"https:\/\/nordicequicare.se\/product\/sure-foot-equine-balance-slant-pads-par\/#primaryimage"},"thumbnailUrl":"https:\/\/nordicequicare.se\/wp-content\/uploads\/2023\/08\/slants-hard-main-scaled.jpeg","datePublished":"2023-08-03T13:54:50+00:00","dateModified":"2026-04-15T13:20:43+00:00","description":"Balansplatta fr\u00e5n Sure Foot \u00e4r","breadcrumb":{"@id":"https:\/\/nordicequicare.se\/product\/sure-foot-equine-balance-slant-pads-par\/#breadcrumb"},"inLanguage":"en-US","potentialAction":[{"@type":"ReadAction","target":["https:\/\/nordicequicare.se\/product\/sure-foot-equine-balance-slant-pads-par\/"]}]},{"@type":"ImageObject","inLanguage":"en-US","@id":"https:\/\/nordicequicare.se\/product\/sure-foot-equine-balance-slant-pads-par\/#primaryimage","url":"https:\/\/nordicequicare.se\/wp-content\/uploads\/2023\/08\/slants-hard-main-scaled.jpeg","contentUrl":"https:\/\/nordicequicare.se\/wp-content\/uploads\/2023\/08\/slants-hard-main-scaled.jpeg","width":2560,"height":2560},{"@type":"BreadcrumbList","@id":"https:\/\/nordicequicare.se\/product\/sure-foot-equine-balance-slant-pads-par\/#breadcrumb","itemListElement":[{"@type":"ListItem","position":1,"name":"Hem","item":"https:\/\/nordicequicare.se\/"},{"@type":"ListItem","position":2,"name":"Shop","item":"https:\/\/nordicequicare.se\/shop\/"},{"@type":"ListItem","position":3,"name":"SURE FOOT Equine Balance Slant Pads (par)"}]},{"@type":"WebSite","@id":"https:\/\/nordicequicare.se\/#website","url":"https:\/\/nordicequicare.se\/","name":"Nordic Equicare","description":"Din equiterapeut i V\u00e4stmanland","publisher":{"@id":"https:\/\/nordicequicare.se\/#organization"},"potentialAction":[{"@type":"SearchAction","target":{"@type":"EntryPoint","urlTemplate":"https:\/\/nordicequicare.se\/?s={search_term_string}"},"query-input":{"@type":"PropertyValueSpecification","valueRequired":true,"valueName":"search_term_string"}}],"inLanguage":"en-US"},{"@type":"Organization","@id":"https:\/\/nordicequicare.se\/#organization","name":"Nordic Equicare","url":"https:\/\/nordicequicare.se\/","logo":{"@type":"ImageObject","inLanguage":"en-US","@id":"https:\/\/nordicequicare.se\/#\/schema\/logo\/image\/","url":"https:\/\/nordicequicare.se\/wp-content\/uploads\/2023\/07\/gen_logo.png","contentUrl":"https:\/\/nordicequicare.se\/wp-content\/uploads\/2023\/07\/gen_logo.png","width":500,"height":196,"caption":"Nordic Equicare"},"image":{"@id":"https:\/\/nordicequicare.se\/#\/schema\/logo\/image\/"},"sameAs":["https:\/\/www.facebook.com\/nordicequicare","https:\/\/www.instagram.com\/nordicequicare\/"]}]}},"_links":{"self":[{"href":"https:\/\/nordicequicare.se\/en\/wp-json\/wp\/v2\/product\/1131","targetHints":{"allow":["GET"]}}],"collection":[{"href":"https:\/\/nordicequicare.se\/en\/wp-json\/wp\/v2\/product"}],"about":[{"href":"https:\/\/nordicequicare.se\/en\/wp-json\/wp\/v2\/types\/product"}],"replies":[{"embeddable":true,"href":"https:\/\/nordicequicare.se\/en\/wp-json\/wp\/v2\/comments?post=1131"}],"wp:featuredmedia":[{"embeddable":true,"href":"https:\/\/nordicequicare.se\/en\/wp-json\/wp\/v2\/media\/1145"}],"wp:attachment":[{"href":"https:\/\/nordicequicare.se\/en\/wp-json\/wp\/v2\/media?parent=1131"}],"wp:term":[{"taxonomy":"product_brand","embeddable":true,"href":"https:\/\/nordicequicare.se\/en\/wp-json\/wp\/v2\/product_brand?post=1131"},{"taxonomy":"product_cat","embeddable":true,"href":"https:\/\/nordicequicare.se\/en\/wp-json\/wp\/v2\/product_cat?post=1131"},{"taxonomy":"product_tag","embeddable":true,"href":"https:\/\/nordicequicare.se\/en\/wp-json\/wp\/v2\/product_tag?post=1131"}],"curies":[{"name":"wp","href":"https:\/\/api.w.org\/{rel}","templated":true}]}}