{"id":1127,"date":"2023-08-03T15:26:51","date_gmt":"2023-08-03T13:26:51","guid":{"rendered":"https:\/\/nordicequicare.se\/?post_type=product&#038;p=1127"},"modified":"2025-08-23T16:00:09","modified_gmt":"2025-08-23T14:00:09","slug":"sure-foot-duffel-bag","status":"publish","type":"product","link":"https:\/\/nordicequicare.se\/en\/product\/sure-foot-duffel-bag\/","title":{"rendered":"SURE FOOT Duffel Bag"},"content":{"rendered":"<p>Denna 76-cm ultral\u00e4tta duffelv\u00e4ska i slitt\u00e5lig polyester, med dragkedja kan rymma upp till 7 par pads och tv\u00e5 set pods. Perfekt f\u00f6r att b\u00e4ra dina SURE FOOT pads i handen eller \u00f6ver axeln.<\/p>\n<ul>\n<li>Med en kapacitet p\u00e5 upp till 75 liter v\u00e4ger den endast cirka 240g<\/li>\n<li>Tillverkad av vatten- och rivs\u00e4ker polyester med kraftiga s\u00f6mmar och l\u00e5sbar 2-v\u00e4gs dragkedja.<\/li>\n<li>Den kan enkelt vikas ihop till sin egen lilla kompakta storlek (storlek som en iPad).<\/li>\n<li>Denna v\u00e4ska rymmer 7 par SURE FOOT pads eller 6 par och 2 par pods samt en halv fysiopad.<\/li>\n<li>Med stor kapacitet och kompakta storlek och vikt, den \u00e4r verkligen en idealisk\u00a0<span style=\"font-size: 16px; font-style: normal; font-weight: 400;\">v\u00e4ska\u00a0<\/span>extra &#8221;bara i fall&#8221; f\u00f6r resor\/shopping\/camping.<\/li>\n<\/ul>","protected":false},"excerpt":{"rendered":"<p>Denna 76-cm ultral\u00e4tta duffelv\u00e4ska i slitt\u00e5lig polyester, med dragkedja kan rymma upp till 7 par pads och tv\u00e5 set pods. Perfekt f\u00f6r att b\u00e4ra dina SURE FOOT pads i handen eller \u00f6ver axeln. Med en kapacitet p\u00e5 upp till 75 liter v\u00e4ger den endast cirka 240g Tillverkad av vatten- och rivs\u00e4ker polyester med kraftiga s\u00f6mmar [&hellip;]<\/p>\n","protected":false},"featured_media":1128,"comment_status":"open","ping_status":"closed","template":"","meta":[],"product_brand":[],"product_cat":[44],"product_tag":[],"class_list":{"0":"post-1127","1":"product","2":"type-product","3":"status-publish","4":"has-post-thumbnail","6":"product_cat-surefoot","8":"first","9":"onbackorder","10":"taxable","11":"shipping-taxable","12":"purchasable","13":"product-type-simple"},"yoast_head":"<!-- This site is optimized with the Yoast SEO plugin v27.5 - https:\/\/yoast.com\/product\/yoast-seo-wordpress\/ -->\n<title>SURE FOOT Duffel Bag - Nordic Equicare<\/title>\n<meta name=\"robots\" content=\"index, follow, max-snippet:-1, max-image-preview:large, max-video-preview:-1\" \/>\n<link rel=\"canonical\" href=\"https:\/\/nordicequicare.se\/en\/product\/sure-foot-duffel-bag\/\" \/>\n<meta property=\"og:locale\" content=\"en_US\" \/>\n<meta property=\"og:type\" content=\"article\" \/>\n<meta property=\"og:title\" content=\"SURE FOOT Duffel Bag - Nordic Equicare\" \/>\n<meta property=\"og:description\" content=\"Denna 76-cm ultral\u00e4tta duffelv\u00e4ska i slitt\u00e5lig polyester, med dragkedja kan rymma upp till 7 par pads och tv\u00e5 set pods. Perfekt f\u00f6r att b\u00e4ra dina SURE FOOT pads i handen eller \u00f6ver axeln. Med en kapacitet p\u00e5 upp till 75 liter v\u00e4ger den endast cirka 240g Tillverkad av vatten- och rivs\u00e4ker polyester med kraftiga s\u00f6mmar [&hellip;]\" \/>\n<meta property=\"og:url\" content=\"https:\/\/nordicequicare.se\/en\/product\/sure-foot-duffel-bag\/\" \/>\n<meta property=\"og:site_name\" content=\"Nordic Equicare\" \/>\n<meta property=\"article:publisher\" content=\"https:\/\/www.facebook.com\/nordicequicare\" \/>\n<meta property=\"article:modified_time\" content=\"2025-08-23T14:00:09+00:00\" \/>\n<meta property=\"og:image\" content=\"https:\/\/nordicequicare.se\/wp-content\/uploads\/2023\/08\/SureFoot-Duffelbag.jpg\" \/>\n\t<meta property=\"og:image:width\" content=\"700\" \/>\n\t<meta property=\"og:image:height\" content=\"700\" \/>\n\t<meta property=\"og:image:type\" content=\"image\/jpeg\" \/>\n<meta name=\"twitter:card\" content=\"summary_large_image\" \/>\n<meta name=\"twitter:label1\" content=\"Est. reading time\" \/>\n\t<meta name=\"twitter:data1\" content=\"1 minute\" \/>\n<script type=\"application\/ld+json\" class=\"yoast-schema-graph\">{\"@context\":\"https:\\\/\\\/schema.org\",\"@graph\":[{\"@type\":\"WebPage\",\"@id\":\"https:\\\/\\\/nordicequicare.se\\\/product\\\/sure-foot-duffel-bag\\\/\",\"url\":\"https:\\\/\\\/nordicequicare.se\\\/product\\\/sure-foot-duffel-bag\\\/\",\"name\":\"SURE FOOT Duffel Bag - Nordic Equicare\",\"isPartOf\":{\"@id\":\"https:\\\/\\\/nordicequicare.se\\\/#website\"},\"primaryImageOfPage\":{\"@id\":\"https:\\\/\\\/nordicequicare.se\\\/product\\\/sure-foot-duffel-bag\\\/#primaryimage\"},\"image\":{\"@id\":\"https:\\\/\\\/nordicequicare.se\\\/product\\\/sure-foot-duffel-bag\\\/#primaryimage\"},\"thumbnailUrl\":\"https:\\\/\\\/nordicequicare.se\\\/wp-content\\\/uploads\\\/2023\\\/08\\\/SureFoot-Duffelbag.jpg\",\"datePublished\":\"2023-08-03T13:26:51+00:00\",\"dateModified\":\"2025-08-23T14:00:09+00:00\",\"breadcrumb\":{\"@id\":\"https:\\\/\\\/nordicequicare.se\\\/product\\\/sure-foot-duffel-bag\\\/#breadcrumb\"},\"inLanguage\":\"en-US\",\"potentialAction\":[{\"@type\":\"ReadAction\",\"target\":[\"https:\\\/\\\/nordicequicare.se\\\/product\\\/sure-foot-duffel-bag\\\/\"]}]},{\"@type\":\"ImageObject\",\"inLanguage\":\"en-US\",\"@id\":\"https:\\\/\\\/nordicequicare.se\\\/product\\\/sure-foot-duffel-bag\\\/#primaryimage\",\"url\":\"https:\\\/\\\/nordicequicare.se\\\/wp-content\\\/uploads\\\/2023\\\/08\\\/SureFoot-Duffelbag.jpg\",\"contentUrl\":\"https:\\\/\\\/nordicequicare.se\\\/wp-content\\\/uploads\\\/2023\\\/08\\\/SureFoot-Duffelbag.jpg\",\"width\":700,\"height\":700},{\"@type\":\"BreadcrumbList\",\"@id\":\"https:\\\/\\\/nordicequicare.se\\\/product\\\/sure-foot-duffel-bag\\\/#breadcrumb\",\"itemListElement\":[{\"@type\":\"ListItem\",\"position\":1,\"name\":\"Hem\",\"item\":\"https:\\\/\\\/nordicequicare.se\\\/\"},{\"@type\":\"ListItem\",\"position\":2,\"name\":\"Shop\",\"item\":\"https:\\\/\\\/nordicequicare.se\\\/shop\\\/\"},{\"@type\":\"ListItem\",\"position\":3,\"name\":\"SURE FOOT Duffel Bag\"}]},{\"@type\":\"WebSite\",\"@id\":\"https:\\\/\\\/nordicequicare.se\\\/#website\",\"url\":\"https:\\\/\\\/nordicequicare.se\\\/\",\"name\":\"Nordic Equicare\",\"description\":\"Din equiterapeut i V\u00e4stmanland\",\"publisher\":{\"@id\":\"https:\\\/\\\/nordicequicare.se\\\/#organization\"},\"potentialAction\":[{\"@type\":\"SearchAction\",\"target\":{\"@type\":\"EntryPoint\",\"urlTemplate\":\"https:\\\/\\\/nordicequicare.se\\\/?s={search_term_string}\"},\"query-input\":{\"@type\":\"PropertyValueSpecification\",\"valueRequired\":true,\"valueName\":\"search_term_string\"}}],\"inLanguage\":\"en-US\"},{\"@type\":\"Organization\",\"@id\":\"https:\\\/\\\/nordicequicare.se\\\/#organization\",\"name\":\"Nordic Equicare\",\"url\":\"https:\\\/\\\/nordicequicare.se\\\/\",\"logo\":{\"@type\":\"ImageObject\",\"inLanguage\":\"en-US\",\"@id\":\"https:\\\/\\\/nordicequicare.se\\\/#\\\/schema\\\/logo\\\/image\\\/\",\"url\":\"https:\\\/\\\/nordicequicare.se\\\/wp-content\\\/uploads\\\/2023\\\/07\\\/gen_logo.png\",\"contentUrl\":\"https:\\\/\\\/nordicequicare.se\\\/wp-content\\\/uploads\\\/2023\\\/07\\\/gen_logo.png\",\"width\":500,\"height\":196,\"caption\":\"Nordic Equicare\"},\"image\":{\"@id\":\"https:\\\/\\\/nordicequicare.se\\\/#\\\/schema\\\/logo\\\/image\\\/\"},\"sameAs\":[\"https:\\\/\\\/www.facebook.com\\\/nordicequicare\",\"https:\\\/\\\/www.instagram.com\\\/nordicequicare\\\/\"]}]}<\/script>\n<!-- \/ Yoast SEO plugin. -->","yoast_head_json":{"title":"SURE FOOT Duffel Bag - Nordic Equicare","robots":{"index":"index","follow":"follow","max-snippet":"max-snippet:-1","max-image-preview":"max-image-preview:large","max-video-preview":"max-video-preview:-1"},"canonical":"https:\/\/nordicequicare.se\/en\/product\/sure-foot-duffel-bag\/","og_locale":"en_US","og_type":"article","og_title":"SURE FOOT Duffel Bag - Nordic Equicare","og_description":"Denna 76-cm ultral\u00e4tta duffelv\u00e4ska i slitt\u00e5lig polyester, med dragkedja kan rymma upp till 7 par pads och tv\u00e5 set pods. Perfekt f\u00f6r att b\u00e4ra dina SURE FOOT pads i handen eller \u00f6ver axeln. Med en kapacitet p\u00e5 upp till 75 liter v\u00e4ger den endast cirka 240g Tillverkad av vatten- och rivs\u00e4ker polyester med kraftiga s\u00f6mmar [&hellip;]","og_url":"https:\/\/nordicequicare.se\/en\/product\/sure-foot-duffel-bag\/","og_site_name":"Nordic Equicare","article_publisher":"https:\/\/www.facebook.com\/nordicequicare","article_modified_time":"2025-08-23T14:00:09+00:00","og_image":[{"width":700,"height":700,"url":"https:\/\/nordicequicare.se\/wp-content\/uploads\/2023\/08\/SureFoot-Duffelbag.jpg","type":"image\/jpeg"}],"twitter_card":"summary_large_image","twitter_misc":{"Est. reading time":"1 minute"},"schema":{"@context":"https:\/\/schema.org","@graph":[{"@type":"WebPage","@id":"https:\/\/nordicequicare.se\/product\/sure-foot-duffel-bag\/","url":"https:\/\/nordicequicare.se\/product\/sure-foot-duffel-bag\/","name":"SURE FOOT Duffel Bag - Nordic Equicare","isPartOf":{"@id":"https:\/\/nordicequicare.se\/#website"},"primaryImageOfPage":{"@id":"https:\/\/nordicequicare.se\/product\/sure-foot-duffel-bag\/#primaryimage"},"image":{"@id":"https:\/\/nordicequicare.se\/product\/sure-foot-duffel-bag\/#primaryimage"},"thumbnailUrl":"https:\/\/nordicequicare.se\/wp-content\/uploads\/2023\/08\/SureFoot-Duffelbag.jpg","datePublished":"2023-08-03T13:26:51+00:00","dateModified":"2025-08-23T14:00:09+00:00","breadcrumb":{"@id":"https:\/\/nordicequicare.se\/product\/sure-foot-duffel-bag\/#breadcrumb"},"inLanguage":"en-US","potentialAction":[{"@type":"ReadAction","target":["https:\/\/nordicequicare.se\/product\/sure-foot-duffel-bag\/"]}]},{"@type":"ImageObject","inLanguage":"en-US","@id":"https:\/\/nordicequicare.se\/product\/sure-foot-duffel-bag\/#primaryimage","url":"https:\/\/nordicequicare.se\/wp-content\/uploads\/2023\/08\/SureFoot-Duffelbag.jpg","contentUrl":"https:\/\/nordicequicare.se\/wp-content\/uploads\/2023\/08\/SureFoot-Duffelbag.jpg","width":700,"height":700},{"@type":"BreadcrumbList","@id":"https:\/\/nordicequicare.se\/product\/sure-foot-duffel-bag\/#breadcrumb","itemListElement":[{"@type":"ListItem","position":1,"name":"Hem","item":"https:\/\/nordicequicare.se\/"},{"@type":"ListItem","position":2,"name":"Shop","item":"https:\/\/nordicequicare.se\/shop\/"},{"@type":"ListItem","position":3,"name":"SURE FOOT Duffel Bag"}]},{"@type":"WebSite","@id":"https:\/\/nordicequicare.se\/#website","url":"https:\/\/nordicequicare.se\/","name":"Nordic Equicare","description":"Din equiterapeut i V\u00e4stmanland","publisher":{"@id":"https:\/\/nordicequicare.se\/#organization"},"potentialAction":[{"@type":"SearchAction","target":{"@type":"EntryPoint","urlTemplate":"https:\/\/nordicequicare.se\/?s={search_term_string}"},"query-input":{"@type":"PropertyValueSpecification","valueRequired":true,"valueName":"search_term_string"}}],"inLanguage":"en-US"},{"@type":"Organization","@id":"https:\/\/nordicequicare.se\/#organization","name":"Nordic Equicare","url":"https:\/\/nordicequicare.se\/","logo":{"@type":"ImageObject","inLanguage":"en-US","@id":"https:\/\/nordicequicare.se\/#\/schema\/logo\/image\/","url":"https:\/\/nordicequicare.se\/wp-content\/uploads\/2023\/07\/gen_logo.png","contentUrl":"https:\/\/nordicequicare.se\/wp-content\/uploads\/2023\/07\/gen_logo.png","width":500,"height":196,"caption":"Nordic Equicare"},"image":{"@id":"https:\/\/nordicequicare.se\/#\/schema\/logo\/image\/"},"sameAs":["https:\/\/www.facebook.com\/nordicequicare","https:\/\/www.instagram.com\/nordicequicare\/"]}]}},"_links":{"self":[{"href":"https:\/\/nordicequicare.se\/en\/wp-json\/wp\/v2\/product\/1127","targetHints":{"allow":["GET"]}}],"collection":[{"href":"https:\/\/nordicequicare.se\/en\/wp-json\/wp\/v2\/product"}],"about":[{"href":"https:\/\/nordicequicare.se\/en\/wp-json\/wp\/v2\/types\/product"}],"replies":[{"embeddable":true,"href":"https:\/\/nordicequicare.se\/en\/wp-json\/wp\/v2\/comments?post=1127"}],"wp:featuredmedia":[{"embeddable":true,"href":"https:\/\/nordicequicare.se\/en\/wp-json\/wp\/v2\/media\/1128"}],"wp:attachment":[{"href":"https:\/\/nordicequicare.se\/en\/wp-json\/wp\/v2\/media?parent=1127"}],"wp:term":[{"taxonomy":"product_brand","embeddable":true,"href":"https:\/\/nordicequicare.se\/en\/wp-json\/wp\/v2\/product_brand?post=1127"},{"taxonomy":"product_cat","embeddable":true,"href":"https:\/\/nordicequicare.se\/en\/wp-json\/wp\/v2\/product_cat?post=1127"},{"taxonomy":"product_tag","embeddable":true,"href":"https:\/\/nordicequicare.se\/en\/wp-json\/wp\/v2\/product_tag?post=1127"}],"curies":[{"name":"wp","href":"https:\/\/api.w.org\/{rel}","templated":true}]}}