{"id":1115,"date":"2023-08-03T13:18:07","date_gmt":"2023-08-03T11:18:07","guid":{"rendered":"https:\/\/nordicequicare.se\/?post_type=product&#038;p=1115"},"modified":"2024-04-05T11:10:10","modified_gmt":"2024-04-05T09:10:10","slug":"surefoot-half-physiopad","status":"publish","type":"product","link":"https:\/\/nordicequicare.se\/en\/product\/surefoot-half-physiopad\/","title":{"rendered":"SureFoot Half Physiopad (st)"},"content":{"rendered":"<h3><strong>Ta med vart du \u00e4n g\u00e5r<\/strong><\/h3>\n<p>HALF PHYSIOPAD \u00e4r den som \u00e4r mest m\u00e5ngsidig av alla SURE FOOT Equine Balance Paddar. Ta den med dig var du \u00e4n g\u00e5r eftersom du aldrig vet n\u00e4r du beh\u00f6ver den. Att lugna h\u00e4sten som inte vill g\u00e5 p\u00e5 transporten, f\u00f6rberedelser inf\u00f6r t\u00e4vling, tr\u00e4ning, eller anv\u00e4nd den som ett underlag n\u00e4r du ska titta p\u00e5 en tr\u00e4ning en kall dag.<\/p>\n<p>&nbsp;<\/p>\n<p>The HALF PHYSIOPAD \u00e4r h\u00e4lften s\u00e5 stor som \u00a0FULL PHYSIOPAD och passar till en hov. Den \u00e4r gjord av tv\u00e5 olika material, hard och Medium. Medium delen \u00e4r endast a half-inch tjock och \u00e4r d\u00e4rf\u00f6r en mjukare sida.<\/p>\n<p>The HALF PHYSIOPAD \u00e4r en perfekt introduktion till SURE FOOT Equine Pads. Det \u00e4r ocks\u00e5 ett bra val om du inte k\u00e4nner h\u00e4sten och vill vara s\u00e4ker p\u00e5 att den kommer vara okej med SURE FOOT. De \u00e4r ocks\u00e5 bra f\u00f6r de h\u00e4star som inte vill\/kan lyfta sin ben s\u00e5 h\u00f6gt fr\u00e5n marken, h\u00e4star som \u00e4r nerv\u00f6sa inf\u00f6r resa, eller \u00e5ka till nya st\u00e4llen.<\/p>\n<p>PHYSIOPADS \u00e4r designad av hovslagare och verkare f\u00f6r att f\u00e5 h\u00e4sten att st\u00e5 bekv\u00e4mt och lugnt vid skoning. En h\u00e4st som \u00e4r lugn och bekv\u00e4m \u00e4r l\u00e4ttare att arbeta med. Det viktigaste \u00e4r att en h\u00e4st som \u00e4r bekv\u00e4m och lugn \u00e4r s\u00e4krare f\u00f6r alla, h\u00e4sten, hovslagare, sk\u00f6tare.<\/p>\n<p>PHYSIOPADs \u00e4r ocks\u00e5 perfekt att anv\u00e4nda i stallet f\u00f6r oss m\u00e4nniskor.<\/p>","protected":false},"excerpt":{"rendered":"<p>Initialt \u00e4r physiopadsen skapade f\u00f6r hovslagare f\u00f6r att h\u00e4sten ska st\u00e5 bekv\u00e4mt, men har snabbt blivit en av de mest popul\u00e4ra produkterna i hela programmet.<\/p>","protected":false},"featured_media":1155,"comment_status":"open","ping_status":"closed","template":"","meta":[],"product_brand":[],"product_cat":[44],"product_tag":[],"class_list":{"0":"post-1115","1":"product","2":"type-product","3":"status-publish","4":"has-post-thumbnail","6":"product_cat-surefoot","8":"first","9":"instock","10":"taxable","11":"shipping-taxable","12":"purchasable","13":"product-type-simple"},"yoast_head":"<!-- This site is optimized with the Yoast SEO plugin v27.5 - https:\/\/yoast.com\/product\/yoast-seo-wordpress\/ -->\n<title>SureFoot Half Physiopad (st) - Nordic Equicare<\/title>\n<meta name=\"robots\" content=\"index, follow, max-snippet:-1, max-image-preview:large, max-video-preview:-1\" \/>\n<link rel=\"canonical\" href=\"https:\/\/nordicequicare.se\/en\/product\/surefoot-half-physiopad\/\" \/>\n<meta property=\"og:locale\" content=\"en_US\" \/>\n<meta property=\"og:type\" content=\"article\" \/>\n<meta property=\"og:title\" content=\"SureFoot Half Physiopad (st) - Nordic Equicare\" \/>\n<meta property=\"og:description\" content=\"Initialt \u00e4r physiopadsen skapade f\u00f6r hovslagare f\u00f6r att h\u00e4sten ska st\u00e5 bekv\u00e4mt, men har snabbt blivit en av de mest popul\u00e4ra produkterna i hela programmet.\" \/>\n<meta property=\"og:url\" content=\"https:\/\/nordicequicare.se\/en\/product\/surefoot-half-physiopad\/\" \/>\n<meta property=\"og:site_name\" content=\"Nordic Equicare\" \/>\n<meta property=\"article:publisher\" content=\"https:\/\/www.facebook.com\/nordicequicare\" \/>\n<meta property=\"article:modified_time\" content=\"2024-04-05T09:10:10+00:00\" \/>\n<meta property=\"og:image\" content=\"https:\/\/nordicequicare.se\/wp-content\/uploads\/2023\/08\/physiopad-half-main-scaled.jpeg\" \/>\n\t<meta property=\"og:image:width\" content=\"2560\" \/>\n\t<meta property=\"og:image:height\" content=\"2560\" \/>\n\t<meta property=\"og:image:type\" content=\"image\/jpeg\" \/>\n<meta name=\"twitter:card\" content=\"summary_large_image\" \/>\n<meta name=\"twitter:label1\" content=\"Est. reading time\" \/>\n\t<meta name=\"twitter:data1\" content=\"2 minutes\" \/>\n<script type=\"application\/ld+json\" class=\"yoast-schema-graph\">{\"@context\":\"https:\\\/\\\/schema.org\",\"@graph\":[{\"@type\":\"WebPage\",\"@id\":\"https:\\\/\\\/nordicequicare.se\\\/product\\\/surefoot-half-physiopad\\\/\",\"url\":\"https:\\\/\\\/nordicequicare.se\\\/product\\\/surefoot-half-physiopad\\\/\",\"name\":\"SureFoot Half Physiopad (st) - Nordic Equicare\",\"isPartOf\":{\"@id\":\"https:\\\/\\\/nordicequicare.se\\\/#website\"},\"primaryImageOfPage\":{\"@id\":\"https:\\\/\\\/nordicequicare.se\\\/product\\\/surefoot-half-physiopad\\\/#primaryimage\"},\"image\":{\"@id\":\"https:\\\/\\\/nordicequicare.se\\\/product\\\/surefoot-half-physiopad\\\/#primaryimage\"},\"thumbnailUrl\":\"https:\\\/\\\/nordicequicare.se\\\/wp-content\\\/uploads\\\/2023\\\/08\\\/physiopad-half-main-scaled.jpeg\",\"datePublished\":\"2023-08-03T11:18:07+00:00\",\"dateModified\":\"2024-04-05T09:10:10+00:00\",\"breadcrumb\":{\"@id\":\"https:\\\/\\\/nordicequicare.se\\\/product\\\/surefoot-half-physiopad\\\/#breadcrumb\"},\"inLanguage\":\"en-US\",\"potentialAction\":[{\"@type\":\"ReadAction\",\"target\":[\"https:\\\/\\\/nordicequicare.se\\\/product\\\/surefoot-half-physiopad\\\/\"]}]},{\"@type\":\"ImageObject\",\"inLanguage\":\"en-US\",\"@id\":\"https:\\\/\\\/nordicequicare.se\\\/product\\\/surefoot-half-physiopad\\\/#primaryimage\",\"url\":\"https:\\\/\\\/nordicequicare.se\\\/wp-content\\\/uploads\\\/2023\\\/08\\\/physiopad-half-main-scaled.jpeg\",\"contentUrl\":\"https:\\\/\\\/nordicequicare.se\\\/wp-content\\\/uploads\\\/2023\\\/08\\\/physiopad-half-main-scaled.jpeg\",\"width\":2560,\"height\":2560},{\"@type\":\"BreadcrumbList\",\"@id\":\"https:\\\/\\\/nordicequicare.se\\\/product\\\/surefoot-half-physiopad\\\/#breadcrumb\",\"itemListElement\":[{\"@type\":\"ListItem\",\"position\":1,\"name\":\"Hem\",\"item\":\"https:\\\/\\\/nordicequicare.se\\\/\"},{\"@type\":\"ListItem\",\"position\":2,\"name\":\"Shop\",\"item\":\"https:\\\/\\\/nordicequicare.se\\\/shop\\\/\"},{\"@type\":\"ListItem\",\"position\":3,\"name\":\"SureFoot Half Physiopad (st)\"}]},{\"@type\":\"WebSite\",\"@id\":\"https:\\\/\\\/nordicequicare.se\\\/#website\",\"url\":\"https:\\\/\\\/nordicequicare.se\\\/\",\"name\":\"Nordic Equicare\",\"description\":\"Din equiterapeut i V\u00e4stmanland\",\"publisher\":{\"@id\":\"https:\\\/\\\/nordicequicare.se\\\/#organization\"},\"potentialAction\":[{\"@type\":\"SearchAction\",\"target\":{\"@type\":\"EntryPoint\",\"urlTemplate\":\"https:\\\/\\\/nordicequicare.se\\\/?s={search_term_string}\"},\"query-input\":{\"@type\":\"PropertyValueSpecification\",\"valueRequired\":true,\"valueName\":\"search_term_string\"}}],\"inLanguage\":\"en-US\"},{\"@type\":\"Organization\",\"@id\":\"https:\\\/\\\/nordicequicare.se\\\/#organization\",\"name\":\"Nordic Equicare\",\"url\":\"https:\\\/\\\/nordicequicare.se\\\/\",\"logo\":{\"@type\":\"ImageObject\",\"inLanguage\":\"en-US\",\"@id\":\"https:\\\/\\\/nordicequicare.se\\\/#\\\/schema\\\/logo\\\/image\\\/\",\"url\":\"https:\\\/\\\/nordicequicare.se\\\/wp-content\\\/uploads\\\/2023\\\/07\\\/gen_logo.png\",\"contentUrl\":\"https:\\\/\\\/nordicequicare.se\\\/wp-content\\\/uploads\\\/2023\\\/07\\\/gen_logo.png\",\"width\":500,\"height\":196,\"caption\":\"Nordic Equicare\"},\"image\":{\"@id\":\"https:\\\/\\\/nordicequicare.se\\\/#\\\/schema\\\/logo\\\/image\\\/\"},\"sameAs\":[\"https:\\\/\\\/www.facebook.com\\\/nordicequicare\",\"https:\\\/\\\/www.instagram.com\\\/nordicequicare\\\/\"]}]}<\/script>\n<!-- \/ Yoast SEO plugin. -->","yoast_head_json":{"title":"SureFoot Half Physiopad (st) - Nordic Equicare","robots":{"index":"index","follow":"follow","max-snippet":"max-snippet:-1","max-image-preview":"max-image-preview:large","max-video-preview":"max-video-preview:-1"},"canonical":"https:\/\/nordicequicare.se\/en\/product\/surefoot-half-physiopad\/","og_locale":"en_US","og_type":"article","og_title":"SureFoot Half Physiopad (st) - Nordic Equicare","og_description":"Initialt \u00e4r physiopadsen skapade f\u00f6r hovslagare f\u00f6r att h\u00e4sten ska st\u00e5 bekv\u00e4mt, men har snabbt blivit en av de mest popul\u00e4ra produkterna i hela programmet.","og_url":"https:\/\/nordicequicare.se\/en\/product\/surefoot-half-physiopad\/","og_site_name":"Nordic Equicare","article_publisher":"https:\/\/www.facebook.com\/nordicequicare","article_modified_time":"2024-04-05T09:10:10+00:00","og_image":[{"width":2560,"height":2560,"url":"https:\/\/nordicequicare.se\/wp-content\/uploads\/2023\/08\/physiopad-half-main-scaled.jpeg","type":"image\/jpeg"}],"twitter_card":"summary_large_image","twitter_misc":{"Est. reading time":"2 minutes"},"schema":{"@context":"https:\/\/schema.org","@graph":[{"@type":"WebPage","@id":"https:\/\/nordicequicare.se\/product\/surefoot-half-physiopad\/","url":"https:\/\/nordicequicare.se\/product\/surefoot-half-physiopad\/","name":"SureFoot Half Physiopad (st) - Nordic Equicare","isPartOf":{"@id":"https:\/\/nordicequicare.se\/#website"},"primaryImageOfPage":{"@id":"https:\/\/nordicequicare.se\/product\/surefoot-half-physiopad\/#primaryimage"},"image":{"@id":"https:\/\/nordicequicare.se\/product\/surefoot-half-physiopad\/#primaryimage"},"thumbnailUrl":"https:\/\/nordicequicare.se\/wp-content\/uploads\/2023\/08\/physiopad-half-main-scaled.jpeg","datePublished":"2023-08-03T11:18:07+00:00","dateModified":"2024-04-05T09:10:10+00:00","breadcrumb":{"@id":"https:\/\/nordicequicare.se\/product\/surefoot-half-physiopad\/#breadcrumb"},"inLanguage":"en-US","potentialAction":[{"@type":"ReadAction","target":["https:\/\/nordicequicare.se\/product\/surefoot-half-physiopad\/"]}]},{"@type":"ImageObject","inLanguage":"en-US","@id":"https:\/\/nordicequicare.se\/product\/surefoot-half-physiopad\/#primaryimage","url":"https:\/\/nordicequicare.se\/wp-content\/uploads\/2023\/08\/physiopad-half-main-scaled.jpeg","contentUrl":"https:\/\/nordicequicare.se\/wp-content\/uploads\/2023\/08\/physiopad-half-main-scaled.jpeg","width":2560,"height":2560},{"@type":"BreadcrumbList","@id":"https:\/\/nordicequicare.se\/product\/surefoot-half-physiopad\/#breadcrumb","itemListElement":[{"@type":"ListItem","position":1,"name":"Hem","item":"https:\/\/nordicequicare.se\/"},{"@type":"ListItem","position":2,"name":"Shop","item":"https:\/\/nordicequicare.se\/shop\/"},{"@type":"ListItem","position":3,"name":"SureFoot Half Physiopad (st)"}]},{"@type":"WebSite","@id":"https:\/\/nordicequicare.se\/#website","url":"https:\/\/nordicequicare.se\/","name":"Nordic Equicare","description":"Din equiterapeut i V\u00e4stmanland","publisher":{"@id":"https:\/\/nordicequicare.se\/#organization"},"potentialAction":[{"@type":"SearchAction","target":{"@type":"EntryPoint","urlTemplate":"https:\/\/nordicequicare.se\/?s={search_term_string}"},"query-input":{"@type":"PropertyValueSpecification","valueRequired":true,"valueName":"search_term_string"}}],"inLanguage":"en-US"},{"@type":"Organization","@id":"https:\/\/nordicequicare.se\/#organization","name":"Nordic Equicare","url":"https:\/\/nordicequicare.se\/","logo":{"@type":"ImageObject","inLanguage":"en-US","@id":"https:\/\/nordicequicare.se\/#\/schema\/logo\/image\/","url":"https:\/\/nordicequicare.se\/wp-content\/uploads\/2023\/07\/gen_logo.png","contentUrl":"https:\/\/nordicequicare.se\/wp-content\/uploads\/2023\/07\/gen_logo.png","width":500,"height":196,"caption":"Nordic Equicare"},"image":{"@id":"https:\/\/nordicequicare.se\/#\/schema\/logo\/image\/"},"sameAs":["https:\/\/www.facebook.com\/nordicequicare","https:\/\/www.instagram.com\/nordicequicare\/"]}]}},"_links":{"self":[{"href":"https:\/\/nordicequicare.se\/en\/wp-json\/wp\/v2\/product\/1115","targetHints":{"allow":["GET"]}}],"collection":[{"href":"https:\/\/nordicequicare.se\/en\/wp-json\/wp\/v2\/product"}],"about":[{"href":"https:\/\/nordicequicare.se\/en\/wp-json\/wp\/v2\/types\/product"}],"replies":[{"embeddable":true,"href":"https:\/\/nordicequicare.se\/en\/wp-json\/wp\/v2\/comments?post=1115"}],"wp:featuredmedia":[{"embeddable":true,"href":"https:\/\/nordicequicare.se\/en\/wp-json\/wp\/v2\/media\/1155"}],"wp:attachment":[{"href":"https:\/\/nordicequicare.se\/en\/wp-json\/wp\/v2\/media?parent=1115"}],"wp:term":[{"taxonomy":"product_brand","embeddable":true,"href":"https:\/\/nordicequicare.se\/en\/wp-json\/wp\/v2\/product_brand?post=1115"},{"taxonomy":"product_cat","embeddable":true,"href":"https:\/\/nordicequicare.se\/en\/wp-json\/wp\/v2\/product_cat?post=1115"},{"taxonomy":"product_tag","embeddable":true,"href":"https:\/\/nordicequicare.se\/en\/wp-json\/wp\/v2\/product_tag?post=1115"}],"curies":[{"name":"wp","href":"https:\/\/api.w.org\/{rel}","templated":true}]}}