{"id":1109,"date":"2023-08-03T13:17:37","date_gmt":"2023-08-03T11:17:37","guid":{"rendered":"https:\/\/nordicequicare.se\/?post_type=product&#038;p=1109"},"modified":"2025-08-23T15:59:35","modified_gmt":"2025-08-23T13:59:35","slug":"surefoot-full-physiopad","status":"publish","type":"product","link":"https:\/\/nordicequicare.se\/en\/product\/surefoot-full-physiopad\/","title":{"rendered":"SureFoot Full Physiopad (st)"},"content":{"rendered":"<p>FULL PHYSIOPAD \u00e4r stor nog att kunna ha tv\u00e5 hovar p\u00e5 den p\u00e5 en och samma g\u00e5ng. Den \u00e4r designad f\u00f6r att ge comfort och stabilitet utan att utmana balansen lika mycket som standard paddsen.<\/p>\n<p>FULL PHYSIOPAD och HALF PHYSIOPAD \u00e4r de padder som \u00e4r gjort med tv\u00e5 olika material. 1 sida \u00e4r hard och en sida \u00e4r medium och b\u00e5da kan anv\u00e4ndas<\/p>\n<p>PHYSIOPADS \u00e4r designad av hovslagare och verkare f\u00f6r att f\u00e5 h\u00e4sten att st\u00e5 bekv\u00e4mt och lugnt vid skoning. En h\u00e4st som \u00e4r lugn och bekv\u00e4m \u00e4r l\u00e4ttare att arbeta med. Det viktigaste \u00e4r att en h\u00e4st som \u00e4r bekv\u00e4m och lugn \u00e4r s\u00e4krare f\u00f6r alla, h\u00e4sten, hovslagare, sk\u00f6tare.<\/p>\n<p>PHYSIOPADs \u00e4r ocks\u00e5 perfekt att anv\u00e4nda i stallet f\u00f6r oss m\u00e4nniskor.<\/p>\n<p>&nbsp;<\/p>","protected":false},"excerpt":{"rendered":"<p>Initialt \u00e4r physiopadsen skapade f\u00f6r hovslagare f\u00f6r att h\u00e4sten ska st\u00e5 bekv\u00e4mt, men har snabbt blivit en av de mest popul\u00e4ra produkterna i hela programmet.<\/p>","protected":false},"featured_media":1156,"comment_status":"open","ping_status":"closed","template":"","meta":[],"product_brand":[],"product_cat":[44],"product_tag":[],"class_list":{"0":"post-1109","1":"product","2":"type-product","3":"status-publish","4":"has-post-thumbnail","6":"product_cat-surefoot","8":"first","9":"instock","10":"taxable","11":"shipping-taxable","12":"purchasable","13":"product-type-simple"},"yoast_head":"<!-- This site is optimized with the Yoast SEO plugin v27.5 - https:\/\/yoast.com\/product\/yoast-seo-wordpress\/ -->\n<title>SureFoot Full Physiopad (st) - Nordic Equicare<\/title>\n<meta name=\"robots\" content=\"index, follow, max-snippet:-1, max-image-preview:large, max-video-preview:-1\" \/>\n<link rel=\"canonical\" href=\"https:\/\/nordicequicare.se\/en\/product\/surefoot-full-physiopad\/\" \/>\n<meta property=\"og:locale\" content=\"en_US\" \/>\n<meta property=\"og:type\" content=\"article\" \/>\n<meta property=\"og:title\" content=\"SureFoot Full Physiopad (st) - Nordic Equicare\" \/>\n<meta property=\"og:description\" content=\"Initialt \u00e4r physiopadsen skapade f\u00f6r hovslagare f\u00f6r att h\u00e4sten ska st\u00e5 bekv\u00e4mt, men har snabbt blivit en av de mest popul\u00e4ra produkterna i hela programmet.\" \/>\n<meta property=\"og:url\" content=\"https:\/\/nordicequicare.se\/en\/product\/surefoot-full-physiopad\/\" \/>\n<meta property=\"og:site_name\" content=\"Nordic Equicare\" \/>\n<meta property=\"article:publisher\" content=\"https:\/\/www.facebook.com\/nordicequicare\" \/>\n<meta property=\"article:modified_time\" content=\"2025-08-23T13:59:35+00:00\" \/>\n<meta property=\"og:image\" content=\"https:\/\/nordicequicare.se\/wp-content\/uploads\/2023\/08\/Physio-full-main-scaled.jpeg\" \/>\n\t<meta property=\"og:image:width\" content=\"2560\" \/>\n\t<meta property=\"og:image:height\" content=\"2560\" \/>\n\t<meta property=\"og:image:type\" content=\"image\/jpeg\" \/>\n<meta name=\"twitter:card\" content=\"summary_large_image\" \/>\n<meta name=\"twitter:label1\" content=\"Est. reading time\" \/>\n\t<meta name=\"twitter:data1\" content=\"1 minute\" \/>\n<script type=\"application\/ld+json\" class=\"yoast-schema-graph\">{\"@context\":\"https:\\\/\\\/schema.org\",\"@graph\":[{\"@type\":\"WebPage\",\"@id\":\"https:\\\/\\\/nordicequicare.se\\\/product\\\/surefoot-full-physiopad\\\/\",\"url\":\"https:\\\/\\\/nordicequicare.se\\\/product\\\/surefoot-full-physiopad\\\/\",\"name\":\"SureFoot Full Physiopad (st) - Nordic Equicare\",\"isPartOf\":{\"@id\":\"https:\\\/\\\/nordicequicare.se\\\/#website\"},\"primaryImageOfPage\":{\"@id\":\"https:\\\/\\\/nordicequicare.se\\\/product\\\/surefoot-full-physiopad\\\/#primaryimage\"},\"image\":{\"@id\":\"https:\\\/\\\/nordicequicare.se\\\/product\\\/surefoot-full-physiopad\\\/#primaryimage\"},\"thumbnailUrl\":\"https:\\\/\\\/nordicequicare.se\\\/wp-content\\\/uploads\\\/2023\\\/08\\\/Physio-full-main-scaled.jpeg\",\"datePublished\":\"2023-08-03T11:17:37+00:00\",\"dateModified\":\"2025-08-23T13:59:35+00:00\",\"breadcrumb\":{\"@id\":\"https:\\\/\\\/nordicequicare.se\\\/product\\\/surefoot-full-physiopad\\\/#breadcrumb\"},\"inLanguage\":\"en-US\",\"potentialAction\":[{\"@type\":\"ReadAction\",\"target\":[\"https:\\\/\\\/nordicequicare.se\\\/product\\\/surefoot-full-physiopad\\\/\"]}]},{\"@type\":\"ImageObject\",\"inLanguage\":\"en-US\",\"@id\":\"https:\\\/\\\/nordicequicare.se\\\/product\\\/surefoot-full-physiopad\\\/#primaryimage\",\"url\":\"https:\\\/\\\/nordicequicare.se\\\/wp-content\\\/uploads\\\/2023\\\/08\\\/Physio-full-main-scaled.jpeg\",\"contentUrl\":\"https:\\\/\\\/nordicequicare.se\\\/wp-content\\\/uploads\\\/2023\\\/08\\\/Physio-full-main-scaled.jpeg\",\"width\":2560,\"height\":2560},{\"@type\":\"BreadcrumbList\",\"@id\":\"https:\\\/\\\/nordicequicare.se\\\/product\\\/surefoot-full-physiopad\\\/#breadcrumb\",\"itemListElement\":[{\"@type\":\"ListItem\",\"position\":1,\"name\":\"Hem\",\"item\":\"https:\\\/\\\/nordicequicare.se\\\/\"},{\"@type\":\"ListItem\",\"position\":2,\"name\":\"Shop\",\"item\":\"https:\\\/\\\/nordicequicare.se\\\/shop\\\/\"},{\"@type\":\"ListItem\",\"position\":3,\"name\":\"SureFoot Full Physiopad (st)\"}]},{\"@type\":\"WebSite\",\"@id\":\"https:\\\/\\\/nordicequicare.se\\\/#website\",\"url\":\"https:\\\/\\\/nordicequicare.se\\\/\",\"name\":\"Nordic Equicare\",\"description\":\"Din equiterapeut i V\u00e4stmanland\",\"publisher\":{\"@id\":\"https:\\\/\\\/nordicequicare.se\\\/#organization\"},\"potentialAction\":[{\"@type\":\"SearchAction\",\"target\":{\"@type\":\"EntryPoint\",\"urlTemplate\":\"https:\\\/\\\/nordicequicare.se\\\/?s={search_term_string}\"},\"query-input\":{\"@type\":\"PropertyValueSpecification\",\"valueRequired\":true,\"valueName\":\"search_term_string\"}}],\"inLanguage\":\"en-US\"},{\"@type\":\"Organization\",\"@id\":\"https:\\\/\\\/nordicequicare.se\\\/#organization\",\"name\":\"Nordic Equicare\",\"url\":\"https:\\\/\\\/nordicequicare.se\\\/\",\"logo\":{\"@type\":\"ImageObject\",\"inLanguage\":\"en-US\",\"@id\":\"https:\\\/\\\/nordicequicare.se\\\/#\\\/schema\\\/logo\\\/image\\\/\",\"url\":\"https:\\\/\\\/nordicequicare.se\\\/wp-content\\\/uploads\\\/2023\\\/07\\\/gen_logo.png\",\"contentUrl\":\"https:\\\/\\\/nordicequicare.se\\\/wp-content\\\/uploads\\\/2023\\\/07\\\/gen_logo.png\",\"width\":500,\"height\":196,\"caption\":\"Nordic Equicare\"},\"image\":{\"@id\":\"https:\\\/\\\/nordicequicare.se\\\/#\\\/schema\\\/logo\\\/image\\\/\"},\"sameAs\":[\"https:\\\/\\\/www.facebook.com\\\/nordicequicare\",\"https:\\\/\\\/www.instagram.com\\\/nordicequicare\\\/\"]}]}<\/script>\n<!-- \/ Yoast SEO plugin. -->","yoast_head_json":{"title":"SureFoot Full Physiopad (st) - Nordic Equicare","robots":{"index":"index","follow":"follow","max-snippet":"max-snippet:-1","max-image-preview":"max-image-preview:large","max-video-preview":"max-video-preview:-1"},"canonical":"https:\/\/nordicequicare.se\/en\/product\/surefoot-full-physiopad\/","og_locale":"en_US","og_type":"article","og_title":"SureFoot Full Physiopad (st) - Nordic Equicare","og_description":"Initialt \u00e4r physiopadsen skapade f\u00f6r hovslagare f\u00f6r att h\u00e4sten ska st\u00e5 bekv\u00e4mt, men har snabbt blivit en av de mest popul\u00e4ra produkterna i hela programmet.","og_url":"https:\/\/nordicequicare.se\/en\/product\/surefoot-full-physiopad\/","og_site_name":"Nordic Equicare","article_publisher":"https:\/\/www.facebook.com\/nordicequicare","article_modified_time":"2025-08-23T13:59:35+00:00","og_image":[{"width":2560,"height":2560,"url":"https:\/\/nordicequicare.se\/wp-content\/uploads\/2023\/08\/Physio-full-main-scaled.jpeg","type":"image\/jpeg"}],"twitter_card":"summary_large_image","twitter_misc":{"Est. reading time":"1 minute"},"schema":{"@context":"https:\/\/schema.org","@graph":[{"@type":"WebPage","@id":"https:\/\/nordicequicare.se\/product\/surefoot-full-physiopad\/","url":"https:\/\/nordicequicare.se\/product\/surefoot-full-physiopad\/","name":"SureFoot Full Physiopad (st) - Nordic Equicare","isPartOf":{"@id":"https:\/\/nordicequicare.se\/#website"},"primaryImageOfPage":{"@id":"https:\/\/nordicequicare.se\/product\/surefoot-full-physiopad\/#primaryimage"},"image":{"@id":"https:\/\/nordicequicare.se\/product\/surefoot-full-physiopad\/#primaryimage"},"thumbnailUrl":"https:\/\/nordicequicare.se\/wp-content\/uploads\/2023\/08\/Physio-full-main-scaled.jpeg","datePublished":"2023-08-03T11:17:37+00:00","dateModified":"2025-08-23T13:59:35+00:00","breadcrumb":{"@id":"https:\/\/nordicequicare.se\/product\/surefoot-full-physiopad\/#breadcrumb"},"inLanguage":"en-US","potentialAction":[{"@type":"ReadAction","target":["https:\/\/nordicequicare.se\/product\/surefoot-full-physiopad\/"]}]},{"@type":"ImageObject","inLanguage":"en-US","@id":"https:\/\/nordicequicare.se\/product\/surefoot-full-physiopad\/#primaryimage","url":"https:\/\/nordicequicare.se\/wp-content\/uploads\/2023\/08\/Physio-full-main-scaled.jpeg","contentUrl":"https:\/\/nordicequicare.se\/wp-content\/uploads\/2023\/08\/Physio-full-main-scaled.jpeg","width":2560,"height":2560},{"@type":"BreadcrumbList","@id":"https:\/\/nordicequicare.se\/product\/surefoot-full-physiopad\/#breadcrumb","itemListElement":[{"@type":"ListItem","position":1,"name":"Hem","item":"https:\/\/nordicequicare.se\/"},{"@type":"ListItem","position":2,"name":"Shop","item":"https:\/\/nordicequicare.se\/shop\/"},{"@type":"ListItem","position":3,"name":"SureFoot Full Physiopad (st)"}]},{"@type":"WebSite","@id":"https:\/\/nordicequicare.se\/#website","url":"https:\/\/nordicequicare.se\/","name":"Nordic Equicare","description":"Din equiterapeut i V\u00e4stmanland","publisher":{"@id":"https:\/\/nordicequicare.se\/#organization"},"potentialAction":[{"@type":"SearchAction","target":{"@type":"EntryPoint","urlTemplate":"https:\/\/nordicequicare.se\/?s={search_term_string}"},"query-input":{"@type":"PropertyValueSpecification","valueRequired":true,"valueName":"search_term_string"}}],"inLanguage":"en-US"},{"@type":"Organization","@id":"https:\/\/nordicequicare.se\/#organization","name":"Nordic Equicare","url":"https:\/\/nordicequicare.se\/","logo":{"@type":"ImageObject","inLanguage":"en-US","@id":"https:\/\/nordicequicare.se\/#\/schema\/logo\/image\/","url":"https:\/\/nordicequicare.se\/wp-content\/uploads\/2023\/07\/gen_logo.png","contentUrl":"https:\/\/nordicequicare.se\/wp-content\/uploads\/2023\/07\/gen_logo.png","width":500,"height":196,"caption":"Nordic Equicare"},"image":{"@id":"https:\/\/nordicequicare.se\/#\/schema\/logo\/image\/"},"sameAs":["https:\/\/www.facebook.com\/nordicequicare","https:\/\/www.instagram.com\/nordicequicare\/"]}]}},"_links":{"self":[{"href":"https:\/\/nordicequicare.se\/en\/wp-json\/wp\/v2\/product\/1109","targetHints":{"allow":["GET"]}}],"collection":[{"href":"https:\/\/nordicequicare.se\/en\/wp-json\/wp\/v2\/product"}],"about":[{"href":"https:\/\/nordicequicare.se\/en\/wp-json\/wp\/v2\/types\/product"}],"replies":[{"embeddable":true,"href":"https:\/\/nordicequicare.se\/en\/wp-json\/wp\/v2\/comments?post=1109"}],"wp:featuredmedia":[{"embeddable":true,"href":"https:\/\/nordicequicare.se\/en\/wp-json\/wp\/v2\/media\/1156"}],"wp:attachment":[{"href":"https:\/\/nordicequicare.se\/en\/wp-json\/wp\/v2\/media?parent=1109"}],"wp:term":[{"taxonomy":"product_brand","embeddable":true,"href":"https:\/\/nordicequicare.se\/en\/wp-json\/wp\/v2\/product_brand?post=1109"},{"taxonomy":"product_cat","embeddable":true,"href":"https:\/\/nordicequicare.se\/en\/wp-json\/wp\/v2\/product_cat?post=1109"},{"taxonomy":"product_tag","embeddable":true,"href":"https:\/\/nordicequicare.se\/en\/wp-json\/wp\/v2\/product_tag?post=1109"}],"curies":[{"name":"wp","href":"https:\/\/api.w.org\/{rel}","templated":true}]}}