{"id":1014,"date":"2023-07-27T19:06:11","date_gmt":"2023-07-27T17:06:11","guid":{"rendered":"https:\/\/nordicequicare.se\/?post_type=product&#038;p=1014"},"modified":"2026-04-15T15:20:43","modified_gmt":"2026-04-15T13:20:43","slug":"surefoot-balansplatta-par","status":"publish","type":"product","link":"https:\/\/nordicequicare.se\/en\/product\/surefoot-balansplatta-par\/","title":{"rendered":"SureFoot Balansplatta (par)"},"content":{"rendered":"<p>Skapad och utvecklad av Wendy Murdoch och uppskattad av \u00e4gare, veterin\u00e4rer, h\u00e4stproffs, tr\u00e4nare, hovslagare och h\u00e4stforskare runt om i v\u00e4rlden. Programmet anv\u00e4nder <a href=\"https:\/\/nordicequicare.se\/en\/vara-behandlingar\/surefoot-balansterapi\/\">SURE FOOT-stabiliseringsplattor<\/a> specifikt utformade f\u00f6r h\u00e4star. Din h\u00e4st f\u00e5r m\u00f6jlighet att utmana sina egna vanem\u00f6nster och plattorna arbetar med h\u00e4stens proprioception f\u00f6r att adressera balans och core-muskulatur. Se hur den g\u00e5r fr\u00e5n \u00e4ngslig till lugn och sedan vidare till en djup avslappning. Det mest fantastiska \u00e4r att dessa f\u00f6rb\u00e4ttringar varar l\u00e5ngt efter att h\u00e4sten kliver av dynan. St\u00f6rre avslappning betyder mindre stress, l\u00e4ttare att tr\u00e4na, st\u00f6rre r\u00f6relsefrihet, mer anpassningsf\u00f6rm\u00e5ga till omgivningen och f\u00f6r att inte gl\u00f6mma, st\u00f6rre v\u00e4lbefinnande.<\/p>\n<p>SURE FOOT-plattorna varierar i densitet fr\u00e5n h\u00e5rd till mjuk och ger en bred variation f\u00f6r din h\u00e4st att arbeta med. SURE FOOT-dynorna utmanar din h\u00e4sts balans, aktiverar proprioception, tr\u00e4nar de sm\u00e5 h\u00e5llningsmusklerna och \u00f6kar medvetenheten. Sv\u00e5righetsgraden beror p\u00e5 dynans densitet och antal hovar som placeras p\u00e5 dynorna. N\u00e4r h\u00e4sten har blivit bekant med SURE FOOT, kan man variera densiteterna fr\u00e5n dag till dag beroende p\u00e5 h\u00e4stens kondition, medicinska historia och \u00f6nskad effekt.<\/p>\n<p>SureFoot-programmet utformat s\u00e5 att de olika densiteterna introduceras gradvis. En typisk utveckling \u00e4r H\u00e5rd-&gt;Fast-&gt;Mjuk och till slut medium, eftersom den \u00e4r mest fj\u00e4drande och kan f\u00f6r vissa h\u00e4star uppfattas som &#8221;l\u00e4skig&#8221; om den introduceras f\u00f6r snabbt. L\u00e4s mer i tabellen\u00a0<a href=\"https:\/\/nordicequicare.se\/wp-content\/uploads\/2023\/08\/SureFoot-Guide-SWE-2023.pdf\">SureFoot-Guide-SWE-2023<\/a><\/p>\n<p>Ofta introducerar jag balansplattorna till dig och din h\u00e4st under en behandling. D\u00e5 v\u00e4ljer vi ut den upps\u00e4ttningen som passar er att forts\u00e4tta jobba med hemma. Ni f\u00e5r \u00e4ven med er \u00f6vningar att l\u00e4gga till.<\/p>","protected":false},"excerpt":{"rendered":"<p>Originalet <a href=\"https:\/\/www.surefootequine.com\/contact\/about-us\" target=\"_blank\" rel=\"noopener\">SureFoot<\/a> finns nu i Sverige, Denna produkt skall inte f\u00f6rv\u00e4xlas med kopior eller produkter som framtagits f\u00f6r m\u00e4nniskor.<\/p>","protected":false},"featured_media":1753,"comment_status":"open","ping_status":"closed","template":"","meta":[],"product_brand":[],"product_cat":[44],"product_tag":[],"class_list":{"0":"post-1014","1":"product","2":"type-product","3":"status-publish","4":"has-post-thumbnail","6":"product_cat-surefoot","8":"first","9":"instock","10":"taxable","11":"shipping-taxable","12":"purchasable","13":"product-type-variable"},"yoast_head":"<!-- This site is optimized with the Yoast SEO plugin v27.5 - https:\/\/yoast.com\/product\/yoast-seo-wordpress\/ -->\n<title>SureFoot Balansplatta (par) - Nordic Equicare<\/title>\n<meta name=\"description\" content=\"SureFoot pads eller balansplattor \u00e4r originalet fr\u00e5n USA som inte skall j\u00e4mf\u00f6ras med billigare kopior. Skapad och utvecklad av Wendy Murdoch.\" \/>\n<meta name=\"robots\" content=\"index, follow, max-snippet:-1, max-image-preview:large, max-video-preview:-1\" \/>\n<link rel=\"canonical\" href=\"https:\/\/nordicequicare.se\/en\/product\/surefoot-balansplatta-par\/\" \/>\n<meta property=\"og:locale\" content=\"en_US\" \/>\n<meta property=\"og:type\" content=\"article\" \/>\n<meta property=\"og:title\" content=\"SureFoot Balansplatta (par) - Nordic Equicare\" \/>\n<meta property=\"og:description\" content=\"SureFoot pads eller balansplattor \u00e4r originalet fr\u00e5n USA som inte skall j\u00e4mf\u00f6ras med billigare kopior. Skapad och utvecklad av Wendy Murdoch.\" \/>\n<meta property=\"og:url\" content=\"https:\/\/nordicequicare.se\/en\/product\/surefoot-balansplatta-par\/\" \/>\n<meta property=\"og:site_name\" content=\"Nordic Equicare\" \/>\n<meta property=\"article:publisher\" content=\"https:\/\/www.facebook.com\/nordicequicare\" \/>\n<meta property=\"article:modified_time\" content=\"2026-04-15T13:20:43+00:00\" \/>\n<meta property=\"og:image\" content=\"https:\/\/nordicequicare.se\/wp-content\/uploads\/2023\/07\/mads-medium-main-scaled.jpeg\" \/>\n\t<meta property=\"og:image:width\" content=\"2560\" \/>\n\t<meta property=\"og:image:height\" content=\"2560\" \/>\n\t<meta property=\"og:image:type\" content=\"image\/jpeg\" \/>\n<meta name=\"twitter:card\" content=\"summary_large_image\" \/>\n<meta name=\"twitter:label1\" content=\"Est. reading time\" \/>\n\t<meta name=\"twitter:data1\" content=\"2 minutes\" \/>\n<script type=\"application\/ld+json\" class=\"yoast-schema-graph\">{\"@context\":\"https:\\\/\\\/schema.org\",\"@graph\":[{\"@type\":\"WebPage\",\"@id\":\"https:\\\/\\\/nordicequicare.se\\\/product\\\/surefoot-balansplatta-par\\\/\",\"url\":\"https:\\\/\\\/nordicequicare.se\\\/product\\\/surefoot-balansplatta-par\\\/\",\"name\":\"SureFoot Balansplatta (par) - Nordic Equicare\",\"isPartOf\":{\"@id\":\"https:\\\/\\\/nordicequicare.se\\\/#website\"},\"primaryImageOfPage\":{\"@id\":\"https:\\\/\\\/nordicequicare.se\\\/product\\\/surefoot-balansplatta-par\\\/#primaryimage\"},\"image\":{\"@id\":\"https:\\\/\\\/nordicequicare.se\\\/product\\\/surefoot-balansplatta-par\\\/#primaryimage\"},\"thumbnailUrl\":\"https:\\\/\\\/nordicequicare.se\\\/wp-content\\\/uploads\\\/2023\\\/07\\\/pads-all.webp\",\"datePublished\":\"2023-07-27T17:06:11+00:00\",\"dateModified\":\"2026-04-15T13:20:43+00:00\",\"description\":\"SureFoot pads eller balansplattor \u00e4r originalet fr\u00e5n USA som inte skall j\u00e4mf\u00f6ras med billigare kopior. Skapad och utvecklad av Wendy Murdoch.\",\"breadcrumb\":{\"@id\":\"https:\\\/\\\/nordicequicare.se\\\/product\\\/surefoot-balansplatta-par\\\/#breadcrumb\"},\"inLanguage\":\"en-US\",\"potentialAction\":[{\"@type\":\"ReadAction\",\"target\":[\"https:\\\/\\\/nordicequicare.se\\\/product\\\/surefoot-balansplatta-par\\\/\"]}]},{\"@type\":\"ImageObject\",\"inLanguage\":\"en-US\",\"@id\":\"https:\\\/\\\/nordicequicare.se\\\/product\\\/surefoot-balansplatta-par\\\/#primaryimage\",\"url\":\"https:\\\/\\\/nordicequicare.se\\\/wp-content\\\/uploads\\\/2023\\\/07\\\/pads-all.webp\",\"contentUrl\":\"https:\\\/\\\/nordicequicare.se\\\/wp-content\\\/uploads\\\/2023\\\/07\\\/pads-all.webp\",\"width\":1000,\"height\":1000},{\"@type\":\"BreadcrumbList\",\"@id\":\"https:\\\/\\\/nordicequicare.se\\\/product\\\/surefoot-balansplatta-par\\\/#breadcrumb\",\"itemListElement\":[{\"@type\":\"ListItem\",\"position\":1,\"name\":\"Hem\",\"item\":\"https:\\\/\\\/nordicequicare.se\\\/\"},{\"@type\":\"ListItem\",\"position\":2,\"name\":\"Shop\",\"item\":\"https:\\\/\\\/nordicequicare.se\\\/shop\\\/\"},{\"@type\":\"ListItem\",\"position\":3,\"name\":\"SureFoot Balansplatta (par)\"}]},{\"@type\":\"WebSite\",\"@id\":\"https:\\\/\\\/nordicequicare.se\\\/#website\",\"url\":\"https:\\\/\\\/nordicequicare.se\\\/\",\"name\":\"Nordic Equicare\",\"description\":\"Din equiterapeut i V\u00e4stmanland\",\"publisher\":{\"@id\":\"https:\\\/\\\/nordicequicare.se\\\/#organization\"},\"potentialAction\":[{\"@type\":\"SearchAction\",\"target\":{\"@type\":\"EntryPoint\",\"urlTemplate\":\"https:\\\/\\\/nordicequicare.se\\\/?s={search_term_string}\"},\"query-input\":{\"@type\":\"PropertyValueSpecification\",\"valueRequired\":true,\"valueName\":\"search_term_string\"}}],\"inLanguage\":\"en-US\"},{\"@type\":\"Organization\",\"@id\":\"https:\\\/\\\/nordicequicare.se\\\/#organization\",\"name\":\"Nordic Equicare\",\"url\":\"https:\\\/\\\/nordicequicare.se\\\/\",\"logo\":{\"@type\":\"ImageObject\",\"inLanguage\":\"en-US\",\"@id\":\"https:\\\/\\\/nordicequicare.se\\\/#\\\/schema\\\/logo\\\/image\\\/\",\"url\":\"https:\\\/\\\/nordicequicare.se\\\/wp-content\\\/uploads\\\/2023\\\/07\\\/gen_logo.png\",\"contentUrl\":\"https:\\\/\\\/nordicequicare.se\\\/wp-content\\\/uploads\\\/2023\\\/07\\\/gen_logo.png\",\"width\":500,\"height\":196,\"caption\":\"Nordic Equicare\"},\"image\":{\"@id\":\"https:\\\/\\\/nordicequicare.se\\\/#\\\/schema\\\/logo\\\/image\\\/\"},\"sameAs\":[\"https:\\\/\\\/www.facebook.com\\\/nordicequicare\",\"https:\\\/\\\/www.instagram.com\\\/nordicequicare\\\/\"]}]}<\/script>\n<!-- \/ Yoast SEO plugin. -->","yoast_head_json":{"title":"SureFoot Balansplatta (par) - Nordic Equicare","description":"SureFoot pads eller balansplattor \u00e4r originalet fr\u00e5n USA som inte skall j\u00e4mf\u00f6ras med billigare kopior. Skapad och utvecklad av Wendy Murdoch.","robots":{"index":"index","follow":"follow","max-snippet":"max-snippet:-1","max-image-preview":"max-image-preview:large","max-video-preview":"max-video-preview:-1"},"canonical":"https:\/\/nordicequicare.se\/en\/product\/surefoot-balansplatta-par\/","og_locale":"en_US","og_type":"article","og_title":"SureFoot Balansplatta (par) - Nordic Equicare","og_description":"SureFoot pads eller balansplattor \u00e4r originalet fr\u00e5n USA som inte skall j\u00e4mf\u00f6ras med billigare kopior. Skapad och utvecklad av Wendy Murdoch.","og_url":"https:\/\/nordicequicare.se\/en\/product\/surefoot-balansplatta-par\/","og_site_name":"Nordic Equicare","article_publisher":"https:\/\/www.facebook.com\/nordicequicare","article_modified_time":"2026-04-15T13:20:43+00:00","og_image":[{"width":2560,"height":2560,"url":"https:\/\/nordicequicare.se\/wp-content\/uploads\/2023\/07\/mads-medium-main-scaled.jpeg","type":"image\/jpeg"}],"twitter_card":"summary_large_image","twitter_misc":{"Est. reading time":"2 minutes"},"schema":{"@context":"https:\/\/schema.org","@graph":[{"@type":"WebPage","@id":"https:\/\/nordicequicare.se\/product\/surefoot-balansplatta-par\/","url":"https:\/\/nordicequicare.se\/product\/surefoot-balansplatta-par\/","name":"SureFoot Balansplatta (par) - Nordic Equicare","isPartOf":{"@id":"https:\/\/nordicequicare.se\/#website"},"primaryImageOfPage":{"@id":"https:\/\/nordicequicare.se\/product\/surefoot-balansplatta-par\/#primaryimage"},"image":{"@id":"https:\/\/nordicequicare.se\/product\/surefoot-balansplatta-par\/#primaryimage"},"thumbnailUrl":"https:\/\/nordicequicare.se\/wp-content\/uploads\/2023\/07\/pads-all.webp","datePublished":"2023-07-27T17:06:11+00:00","dateModified":"2026-04-15T13:20:43+00:00","description":"SureFoot pads eller balansplattor \u00e4r originalet fr\u00e5n USA som inte skall j\u00e4mf\u00f6ras med billigare kopior. Skapad och utvecklad av Wendy Murdoch.","breadcrumb":{"@id":"https:\/\/nordicequicare.se\/product\/surefoot-balansplatta-par\/#breadcrumb"},"inLanguage":"en-US","potentialAction":[{"@type":"ReadAction","target":["https:\/\/nordicequicare.se\/product\/surefoot-balansplatta-par\/"]}]},{"@type":"ImageObject","inLanguage":"en-US","@id":"https:\/\/nordicequicare.se\/product\/surefoot-balansplatta-par\/#primaryimage","url":"https:\/\/nordicequicare.se\/wp-content\/uploads\/2023\/07\/pads-all.webp","contentUrl":"https:\/\/nordicequicare.se\/wp-content\/uploads\/2023\/07\/pads-all.webp","width":1000,"height":1000},{"@type":"BreadcrumbList","@id":"https:\/\/nordicequicare.se\/product\/surefoot-balansplatta-par\/#breadcrumb","itemListElement":[{"@type":"ListItem","position":1,"name":"Hem","item":"https:\/\/nordicequicare.se\/"},{"@type":"ListItem","position":2,"name":"Shop","item":"https:\/\/nordicequicare.se\/shop\/"},{"@type":"ListItem","position":3,"name":"SureFoot Balansplatta (par)"}]},{"@type":"WebSite","@id":"https:\/\/nordicequicare.se\/#website","url":"https:\/\/nordicequicare.se\/","name":"Nordic Equicare","description":"Din equiterapeut i V\u00e4stmanland","publisher":{"@id":"https:\/\/nordicequicare.se\/#organization"},"potentialAction":[{"@type":"SearchAction","target":{"@type":"EntryPoint","urlTemplate":"https:\/\/nordicequicare.se\/?s={search_term_string}"},"query-input":{"@type":"PropertyValueSpecification","valueRequired":true,"valueName":"search_term_string"}}],"inLanguage":"en-US"},{"@type":"Organization","@id":"https:\/\/nordicequicare.se\/#organization","name":"Nordic Equicare","url":"https:\/\/nordicequicare.se\/","logo":{"@type":"ImageObject","inLanguage":"en-US","@id":"https:\/\/nordicequicare.se\/#\/schema\/logo\/image\/","url":"https:\/\/nordicequicare.se\/wp-content\/uploads\/2023\/07\/gen_logo.png","contentUrl":"https:\/\/nordicequicare.se\/wp-content\/uploads\/2023\/07\/gen_logo.png","width":500,"height":196,"caption":"Nordic Equicare"},"image":{"@id":"https:\/\/nordicequicare.se\/#\/schema\/logo\/image\/"},"sameAs":["https:\/\/www.facebook.com\/nordicequicare","https:\/\/www.instagram.com\/nordicequicare\/"]}]}},"_links":{"self":[{"href":"https:\/\/nordicequicare.se\/en\/wp-json\/wp\/v2\/product\/1014","targetHints":{"allow":["GET"]}}],"collection":[{"href":"https:\/\/nordicequicare.se\/en\/wp-json\/wp\/v2\/product"}],"about":[{"href":"https:\/\/nordicequicare.se\/en\/wp-json\/wp\/v2\/types\/product"}],"replies":[{"embeddable":true,"href":"https:\/\/nordicequicare.se\/en\/wp-json\/wp\/v2\/comments?post=1014"}],"wp:featuredmedia":[{"embeddable":true,"href":"https:\/\/nordicequicare.se\/en\/wp-json\/wp\/v2\/media\/1753"}],"wp:attachment":[{"href":"https:\/\/nordicequicare.se\/en\/wp-json\/wp\/v2\/media?parent=1014"}],"wp:term":[{"taxonomy":"product_brand","embeddable":true,"href":"https:\/\/nordicequicare.se\/en\/wp-json\/wp\/v2\/product_brand?post=1014"},{"taxonomy":"product_cat","embeddable":true,"href":"https:\/\/nordicequicare.se\/en\/wp-json\/wp\/v2\/product_cat?post=1014"},{"taxonomy":"product_tag","embeddable":true,"href":"https:\/\/nordicequicare.se\/en\/wp-json\/wp\/v2\/product_tag?post=1014"}],"curies":[{"name":"wp","href":"https:\/\/api.w.org\/{rel}","templated":true}]}}