{"id":564,"date":"2023-07-12T09:17:31","date_gmt":"2023-07-12T07:17:31","guid":{"rendered":"https:\/\/nordicequicare.se\/?page_id=564"},"modified":"2026-02-18T20:41:28","modified_gmt":"2026-02-18T19:41:28","slug":"equiband","status":"publish","type":"page","link":"https:\/\/nordicequicare.se\/en\/vara-hastbehandlingar\/equiband\/","title":{"rendered":"Equiband"},"content":{"rendered":"<section class=\"bde-section-564-100 bde-section\">\n              \n  \n  \n\t\n\n  <div class=\"section-background-overlay\"><\/div>\n\n\n<div class=\"section-container\"><div class=\"bde-image-564-101 bde-image\" data-parallax=\"true\">\n<figure class=\"breakdance-image breakdance-image--1007\">\n\t<div class=\"breakdance-image-container\">\n\t\t<div class=\"breakdance-image-clip\"><img decoding=\"async\" class=\"breakdance-image-object\" src=\"https:\/\/nordicequicare.se\/wp-content\/uploads\/2023\/07\/HeroImage3.jpg\" width=\"1440\" height=\"568\" srcset=\"https:\/\/nordicequicare.se\/wp-content\/uploads\/2023\/07\/HeroImage3.jpg 1440w, https:\/\/nordicequicare.se\/wp-content\/uploads\/2023\/07\/HeroImage3-300x118.jpg 300w, https:\/\/nordicequicare.se\/wp-content\/uploads\/2023\/07\/HeroImage3-1024x404.jpg 1024w, https:\/\/nordicequicare.se\/wp-content\/uploads\/2023\/07\/HeroImage3-768x303.jpg 768w, https:\/\/nordicequicare.se\/wp-content\/uploads\/2023\/07\/HeroImage3-600x237.jpg 600w\" sizes=\"auto, (max-width: 1440px) 100vw, 1440px\" loading=\"lazy\"><\/div>\n\t<\/div><\/figure>\n\n<\/div><h1 class=\"bde-heading-564-102 bde-heading\">\nEquiband\n<\/h1><\/div>\n<\/section><section class=\"bde-section-564-103 bde-section\">\n  \n  \n\t\n\n\n\n<div class=\"section-container\"><div class=\"bde-columns-564-104 bde-columns\"><div class=\"bde-column-564-105 bde-column\">\n  \n  \n\t\n\n\n\n<div class=\"bde-image-564-106 bde-image\">\n<figure class=\"breakdance-image breakdance-image--816\">\n\t<div class=\"breakdance-image-container\">\n\t\t<div class=\"breakdance-image-clip\"><img decoding=\"async\" class=\"breakdance-image-object\" src=\"https:\/\/nordicequicare.se\/wp-content\/uploads\/2023\/07\/equiband.png\" width=\"428\" height=\"285\" srcset=\"https:\/\/nordicequicare.se\/wp-content\/uploads\/2023\/07\/equiband.png 428w, https:\/\/nordicequicare.se\/wp-content\/uploads\/2023\/07\/equiband-300x200.png 300w\" sizes=\"auto, (max-width: 428px) 100vw, 428px\" loading=\"lazy\"><\/div>\n\t<\/div><\/figure>\n\n<\/div><div class=\"bde-button-564-116 bde-button\">\n        \n    \n    \n    \n    \n            \n                    \n            \n            \n\n    \n    \n    \n    \n    \n    <a class=\"breakdance-link button-atom button-atom--primary bde-button__button\" href=\"https:\/\/nordicequicare.se\/en\/kontakt\/\" target=\"_self\" data-type=\"url\"  >\n\n    \n        <span class=\"button-atom__text\">Boka behandlingen<\/span>\n\n        \n        \n                <\/a>\n\n    \n\n\n<\/div>\n<\/div><div class=\"bde-column-564-107 bde-column\">\n  \n  \n\t\n\n\n\n<h2 class=\"bde-heading-564-108 bde-heading\">\nEquiband\n<\/h2><div class=\"bde-text-564-109 bde-text\">\nH\u00e4stens core-muskulatur \u00e4r grunden f\u00f6r att stabilisera h\u00e4stens rygg i r\u00f6relse. En stark core-muskulatur hj\u00e4lper till att f\u00f6rebygga ryggsm\u00e4rta och skador. \u00d6vningsprogram med equiband stimulerar receptorer i h\u00e4stens hud och h\u00e5rs\u00e4ckar vilket aktiverar bukmusklerna, sneda magmuskler, musklerna under l\u00e4ndryggen samt de djupa nack- och ryggmusklerna. Dessa muskler stabiliserar ryggraden och aktiverar bakdelen under r\u00f6relse.<br><br>Ett behandlingsprogram med equiband st\u00e4rker h\u00e4stens core-muskulatur, vilket underl\u00e4ttar f\u00f6r h\u00e4sten att arbeta med en optimal h\u00e5llning. Det minskar risken f\u00f6r sm\u00e4rta och skador som uppkommer p\u00e5 grund av fel h\u00e5llning.<br><br>Jag anv\u00e4nder equiband f\u00f6r h\u00e4star som beh\u00f6ver bli starkare och mer balanserade. Equiband \u00e4r ett tr\u00e4ningsredskap som kan anv\u00e4ndas ouppsuttet eller uppsuttet men beh\u00f6ver introduceras p\u00e5 r\u00e4tt s\u00e4tt f\u00f6r att inte \u00f6veranstr\u00e4nga h\u00e4sten. Jag hj\u00e4lper dig att f\u00e5 r\u00e4tt insp\u00e4nning och introduktion.\n<\/div><div class=\"bde-menu-564-119 bde-menu\">\n\n\n      \n        \n    <nav class=\"breakdance-menu breakdance-menu--collapse breakdance-menu--vertical\">\n    <button class=\"breakdance-menu-toggle breakdance-menu-toggle--squeeze\" type=\"button\" aria-label=\"Open Menu\" aria-expanded=\"false\" aria-controls=\"menu-119\">\n                  <span class=\"breakdance-menu-toggle-icon\">\n            <span class=\"breakdance-menu-toggle-lines\"><\/span>\n          <\/span>\n            <\/button>\n    \n  <ul class=\"breakdance-menu-list\" id=\"menu-119\">\n              \n  \n    <li class=\"bde-menu-dropdown-564-120 bde-menu-dropdown breakdance-menu-item\">\n<div class=\"breakdance-dropdown\">\n    <div class=\"breakdance-dropdown-toggle\">\n      \n              <button class=\"breakdance-menu-link\" type=\"button\" aria-expanded=\"false\" aria-controls=\"dropdown-120\" >\n          Andra behandlingar\n        <\/button>\n      \n      <button class=\"breakdance-menu-link-arrow\" type=\"button\" aria-expanded=\"false\" aria-controls=\"dropdown-120\" aria-label=\"Andra behandlingar Submenu\"><\/button>\n    <\/div>\n\n    <div class=\"breakdance-dropdown-floater\" aria-hidden=\"true\" id=\"dropdown-120\">\n        <div class=\"breakdance-dropdown-body\">\n              <div class=\"breakdance-dropdown-section breakdance-dropdown-section--\">\n    <div class=\"breakdance-dropdown-columns\">\n              <div class=\"breakdance-dropdown-column\">\n          \n          <ul class=\"breakdance-dropdown-links\">\n                                <li class=\"breakdance-dropdown-item\">\n            \n            \n            \n\n    \n    \n    \n    \n    \n    <a class=\"breakdance-link breakdance-dropdown-link\" href=\"https:\/\/nordicequicare.se\/en\/vara-hastbehandlingar\/massage-hast-stretch-myofacial-release\/\" target=\"_self\" data-type=\"url\"  >\n\n      \n      <span class=\"breakdance-dropdown-link__label\">\n                  <span class=\"breakdance-dropdown-link__text\">Massage, stretch, myofacial release<\/span>\n        \n              <\/span>\n        <\/a>\n\n  <\/li>\n\n                                <li class=\"breakdance-dropdown-item\">\n            \n            \n            \n\n    \n    \n    \n    \n    \n    <a class=\"breakdance-link breakdance-dropdown-link\" href=\"https:\/\/nordicequicare.se\/en\/vara-hastbehandlingar\/medicinsk-laserterapi\/\" target=\"_self\" data-type=\"url\"  >\n\n      \n      <span class=\"breakdance-dropdown-link__label\">\n                  <span class=\"breakdance-dropdown-link__text\">Medicinsk Laserterapi<\/span>\n        \n              <\/span>\n        <\/a>\n\n  <\/li>\n\n                                <li class=\"breakdance-dropdown-item\">\n            \n            \n            \n\n    \n    \n    \n    \n    \n    <a class=\"breakdance-link breakdance-dropdown-link\" href=\"https:\/\/nordicequicare.se\/en\/vara-hastbehandlingar\/medicinsk-elterapi\/\" target=\"_self\" data-type=\"url\"  >\n\n      \n      <span class=\"breakdance-dropdown-link__label\">\n                  <span class=\"breakdance-dropdown-link__text\">Medicinsk Elterapi<\/span>\n        \n              <\/span>\n        <\/a>\n\n  <\/li>\n\n                                <li class=\"breakdance-dropdown-item\">\n            \n            \n            \n\n    \n    \n    \n    \n    \n    <a class=\"breakdance-link breakdance-dropdown-link\" href=\"https:\/\/nordicequicare.se\/en\/vara-hastbehandlingar\/surefoot-balansterapi\/\" target=\"_self\" data-type=\"url\"  >\n\n      \n      <span class=\"breakdance-dropdown-link__label\">\n                  <span class=\"breakdance-dropdown-link__text\">SureFoot\u00ae balansterapi<\/span>\n        \n              <\/span>\n        <\/a>\n\n  <\/li>\n\n                                <li class=\"breakdance-dropdown-item\">\n            \n            \n            \n\n    \n    \n    \n    \n    \n    <a class=\"breakdance-link breakdance-dropdown-link\" href=\"https:\/\/nordicequicare.se\/en\/vara-hastbehandlingar\/equiband\/\" target=\"_self\" data-type=\"url\"  >\n\n      \n      <span class=\"breakdance-dropdown-link__label\">\n                  <span class=\"breakdance-dropdown-link__text\">Equiband<\/span>\n        \n              <\/span>\n        <\/a>\n\n  <\/li>\n\n                                <li class=\"breakdance-dropdown-item\">\n            \n            \n            \n\n    \n    \n    \n    \n    \n    <a class=\"breakdance-link breakdance-dropdown-link\" href=\"https:\/\/nordicequicare.se\/en\/vara-hastbehandlingar\/akupunktur\/\" target=\"_self\" data-type=\"url\"  >\n\n      \n      <span class=\"breakdance-dropdown-link__label\">\n                  <span class=\"breakdance-dropdown-link__text\">Akupunktur<\/span>\n        \n              <\/span>\n        <\/a>\n\n  <\/li>\n\n                      <\/ul>\n        <\/div>\n          <\/div>\n  <\/div>\n\n\n                    <\/div>\n    <\/div>\n<\/div>\n\n<\/li>\n  <\/ul>\n  <\/nav>\n\n\n<\/div>\n<\/div><\/div><\/div>\n<\/section>","protected":false},"excerpt":{"rendered":"<p>Equiband Boka behandlingen Equiband H\u00e4stens core-muskulatur \u00e4r grunden f\u00f6r att stabilisera h\u00e4stens rygg i r\u00f6relse. En stark core-muskulatur hj\u00e4lper till att f\u00f6rebygga ryggsm\u00e4rta och skador. \u00d6vningsprogram med equiband stimulerar receptorer i h\u00e4stens hud och h\u00e5rs\u00e4ckar vilket aktiverar bukmusklerna, sneda magmuskler, musklerna under l\u00e4ndryggen samt de djupa nack- och ryggmusklerna. Dessa muskler stabiliserar ryggraden och aktiverar [&hellip;]<\/p>\n","protected":false},"author":1,"featured_media":0,"parent":550,"menu_order":0,"comment_status":"closed","ping_status":"closed","template":"","meta":{"_breakdance_hide_in_design_set":false,"_breakdance_tags":"","footnotes":""},"class_list":["post-564","page","type-page","status-publish","hentry"],"yoast_head":"<!-- This site is optimized with the Yoast SEO plugin v27.5 - https:\/\/yoast.com\/product\/yoast-seo-wordpress\/ -->\n<title>Equiband - Nordic Equicare<\/title>\n<meta name=\"robots\" content=\"index, follow, max-snippet:-1, max-image-preview:large, max-video-preview:-1\" \/>\n<link rel=\"canonical\" href=\"https:\/\/nordicequicare.se\/en\/vara-hastbehandlingar\/equiband\/\" \/>\n<meta property=\"og:locale\" content=\"en_US\" \/>\n<meta property=\"og:type\" content=\"article\" \/>\n<meta property=\"og:title\" content=\"Equiband - Nordic Equicare\" \/>\n<meta property=\"og:description\" content=\"Equiband Boka behandlingen Equiband H\u00e4stens core-muskulatur \u00e4r grunden f\u00f6r att stabilisera h\u00e4stens rygg i r\u00f6relse. En stark core-muskulatur hj\u00e4lper till att f\u00f6rebygga ryggsm\u00e4rta och skador. \u00d6vningsprogram med equiband stimulerar receptorer i h\u00e4stens hud och h\u00e5rs\u00e4ckar vilket aktiverar bukmusklerna, sneda magmuskler, musklerna under l\u00e4ndryggen samt de djupa nack- och ryggmusklerna. Dessa muskler stabiliserar ryggraden och aktiverar [&hellip;]\" \/>\n<meta property=\"og:url\" content=\"https:\/\/nordicequicare.se\/en\/vara-hastbehandlingar\/equiband\/\" \/>\n<meta property=\"og:site_name\" content=\"Nordic Equicare\" \/>\n<meta property=\"article:publisher\" content=\"https:\/\/www.facebook.com\/nordicequicare\" \/>\n<meta property=\"article:modified_time\" content=\"2026-02-18T19:41:28+00:00\" \/>\n<meta property=\"og:image\" content=\"https:\/\/nordicequicare.se\/wp-content\/uploads\/2024\/07\/Anna_atretch1.webp\" \/>\n\t<meta property=\"og:image:width\" content=\"553\" \/>\n\t<meta property=\"og:image:height\" content=\"553\" \/>\n\t<meta property=\"og:image:type\" content=\"image\/webp\" \/>\n<meta name=\"twitter:card\" content=\"summary_large_image\" \/>\n<meta name=\"twitter:label1\" content=\"Est. reading time\" \/>\n\t<meta name=\"twitter:data1\" content=\"1 minute\" \/>\n<script type=\"application\/ld+json\" class=\"yoast-schema-graph\">{\"@context\":\"https:\\\/\\\/schema.org\",\"@graph\":[{\"@type\":[\"Article\",\"BlogPosting\"],\"@id\":\"https:\\\/\\\/nordicequicare.se\\\/vara-hastbehandlingar\\\/equiband\\\/#article\",\"isPartOf\":{\"@id\":\"https:\\\/\\\/nordicequicare.se\\\/vara-hastbehandlingar\\\/equiband\\\/\"},\"author\":{\"name\":\"adamhagman\",\"@id\":\"https:\\\/\\\/nordicequicare.se\\\/#\\\/schema\\\/person\\\/bc523ae26af3ff7797b4d496aa7328c7\"},\"headline\":\"Equiband\",\"datePublished\":\"2023-07-12T07:17:31+00:00\",\"dateModified\":\"2026-02-18T19:41:28+00:00\",\"mainEntityOfPage\":{\"@id\":\"https:\\\/\\\/nordicequicare.se\\\/vara-hastbehandlingar\\\/equiband\\\/\"},\"wordCount\":1,\"publisher\":{\"@id\":\"https:\\\/\\\/nordicequicare.se\\\/#organization\"},\"inLanguage\":\"en-US\"},{\"@type\":\"WebPage\",\"@id\":\"https:\\\/\\\/nordicequicare.se\\\/vara-hastbehandlingar\\\/equiband\\\/\",\"url\":\"https:\\\/\\\/nordicequicare.se\\\/vara-hastbehandlingar\\\/equiband\\\/\",\"name\":\"Equiband - Nordic Equicare\",\"isPartOf\":{\"@id\":\"https:\\\/\\\/nordicequicare.se\\\/#website\"},\"datePublished\":\"2023-07-12T07:17:31+00:00\",\"dateModified\":\"2026-02-18T19:41:28+00:00\",\"breadcrumb\":{\"@id\":\"https:\\\/\\\/nordicequicare.se\\\/vara-hastbehandlingar\\\/equiband\\\/#breadcrumb\"},\"inLanguage\":\"en-US\",\"potentialAction\":[{\"@type\":\"ReadAction\",\"target\":[\"https:\\\/\\\/nordicequicare.se\\\/vara-hastbehandlingar\\\/equiband\\\/\"]}]},{\"@type\":\"BreadcrumbList\",\"@id\":\"https:\\\/\\\/nordicequicare.se\\\/vara-hastbehandlingar\\\/equiband\\\/#breadcrumb\",\"itemListElement\":[{\"@type\":\"ListItem\",\"position\":1,\"name\":\"Hem\",\"item\":\"https:\\\/\\\/nordicequicare.se\\\/\"},{\"@type\":\"ListItem\",\"position\":2,\"name\":\"Mina h\u00e4stbehandlingar\",\"item\":\"https:\\\/\\\/nordicequicare.se\\\/vara-hastbehandlingar\\\/\"},{\"@type\":\"ListItem\",\"position\":3,\"name\":\"Equiband\"}]},{\"@type\":\"WebSite\",\"@id\":\"https:\\\/\\\/nordicequicare.se\\\/#website\",\"url\":\"https:\\\/\\\/nordicequicare.se\\\/\",\"name\":\"Nordic Equicare\",\"description\":\"Din equiterapeut i V\u00e4stmanland\",\"publisher\":{\"@id\":\"https:\\\/\\\/nordicequicare.se\\\/#organization\"},\"potentialAction\":[{\"@type\":\"SearchAction\",\"target\":{\"@type\":\"EntryPoint\",\"urlTemplate\":\"https:\\\/\\\/nordicequicare.se\\\/?s={search_term_string}\"},\"query-input\":{\"@type\":\"PropertyValueSpecification\",\"valueRequired\":true,\"valueName\":\"search_term_string\"}}],\"inLanguage\":\"en-US\"},{\"@type\":\"Organization\",\"@id\":\"https:\\\/\\\/nordicequicare.se\\\/#organization\",\"name\":\"Nordic Equicare\",\"url\":\"https:\\\/\\\/nordicequicare.se\\\/\",\"logo\":{\"@type\":\"ImageObject\",\"inLanguage\":\"en-US\",\"@id\":\"https:\\\/\\\/nordicequicare.se\\\/#\\\/schema\\\/logo\\\/image\\\/\",\"url\":\"https:\\\/\\\/nordicequicare.se\\\/wp-content\\\/uploads\\\/2023\\\/07\\\/gen_logo.png\",\"contentUrl\":\"https:\\\/\\\/nordicequicare.se\\\/wp-content\\\/uploads\\\/2023\\\/07\\\/gen_logo.png\",\"width\":500,\"height\":196,\"caption\":\"Nordic Equicare\"},\"image\":{\"@id\":\"https:\\\/\\\/nordicequicare.se\\\/#\\\/schema\\\/logo\\\/image\\\/\"},\"sameAs\":[\"https:\\\/\\\/www.facebook.com\\\/nordicequicare\",\"https:\\\/\\\/www.instagram.com\\\/nordicequicare\\\/\"]},{\"@type\":\"Person\",\"@id\":\"https:\\\/\\\/nordicequicare.se\\\/#\\\/schema\\\/person\\\/bc523ae26af3ff7797b4d496aa7328c7\",\"name\":\"adamhagman\",\"image\":{\"@type\":\"ImageObject\",\"inLanguage\":\"en-US\",\"@id\":\"https:\\\/\\\/secure.gravatar.com\\\/avatar\\\/0028a9544b7512c97252eaa2dcbd02f6c241d97eabc42833764f1198c3e15a9b?s=96&d=mm&r=g\",\"url\":\"https:\\\/\\\/secure.gravatar.com\\\/avatar\\\/0028a9544b7512c97252eaa2dcbd02f6c241d97eabc42833764f1198c3e15a9b?s=96&d=mm&r=g\",\"contentUrl\":\"https:\\\/\\\/secure.gravatar.com\\\/avatar\\\/0028a9544b7512c97252eaa2dcbd02f6c241d97eabc42833764f1198c3e15a9b?s=96&d=mm&r=g\",\"caption\":\"adamhagman\"},\"sameAs\":[\"https:\\\/\\\/nordicequicare.se\"],\"url\":\"https:\\\/\\\/nordicequicare.se\\\/en\\\/author\\\/adamhagman\\\/\"}]}<\/script>\n<!-- \/ Yoast SEO plugin. -->","yoast_head_json":{"title":"Equiband - Nordic Equicare","robots":{"index":"index","follow":"follow","max-snippet":"max-snippet:-1","max-image-preview":"max-image-preview:large","max-video-preview":"max-video-preview:-1"},"canonical":"https:\/\/nordicequicare.se\/en\/vara-hastbehandlingar\/equiband\/","og_locale":"en_US","og_type":"article","og_title":"Equiband - Nordic Equicare","og_description":"Equiband Boka behandlingen Equiband H\u00e4stens core-muskulatur \u00e4r grunden f\u00f6r att stabilisera h\u00e4stens rygg i r\u00f6relse. En stark core-muskulatur hj\u00e4lper till att f\u00f6rebygga ryggsm\u00e4rta och skador. \u00d6vningsprogram med equiband stimulerar receptorer i h\u00e4stens hud och h\u00e5rs\u00e4ckar vilket aktiverar bukmusklerna, sneda magmuskler, musklerna under l\u00e4ndryggen samt de djupa nack- och ryggmusklerna. Dessa muskler stabiliserar ryggraden och aktiverar [&hellip;]","og_url":"https:\/\/nordicequicare.se\/en\/vara-hastbehandlingar\/equiband\/","og_site_name":"Nordic Equicare","article_publisher":"https:\/\/www.facebook.com\/nordicequicare","article_modified_time":"2026-02-18T19:41:28+00:00","og_image":[{"width":553,"height":553,"url":"https:\/\/nordicequicare.se\/wp-content\/uploads\/2024\/07\/Anna_atretch1.webp","type":"image\/webp"}],"twitter_card":"summary_large_image","twitter_misc":{"Est. reading time":"1 minute"},"schema":{"@context":"https:\/\/schema.org","@graph":[{"@type":["Article","BlogPosting"],"@id":"https:\/\/nordicequicare.se\/vara-hastbehandlingar\/equiband\/#article","isPartOf":{"@id":"https:\/\/nordicequicare.se\/vara-hastbehandlingar\/equiband\/"},"author":{"name":"adamhagman","@id":"https:\/\/nordicequicare.se\/#\/schema\/person\/bc523ae26af3ff7797b4d496aa7328c7"},"headline":"Equiband","datePublished":"2023-07-12T07:17:31+00:00","dateModified":"2026-02-18T19:41:28+00:00","mainEntityOfPage":{"@id":"https:\/\/nordicequicare.se\/vara-hastbehandlingar\/equiband\/"},"wordCount":1,"publisher":{"@id":"https:\/\/nordicequicare.se\/#organization"},"inLanguage":"en-US"},{"@type":"WebPage","@id":"https:\/\/nordicequicare.se\/vara-hastbehandlingar\/equiband\/","url":"https:\/\/nordicequicare.se\/vara-hastbehandlingar\/equiband\/","name":"Equiband - Nordic Equicare","isPartOf":{"@id":"https:\/\/nordicequicare.se\/#website"},"datePublished":"2023-07-12T07:17:31+00:00","dateModified":"2026-02-18T19:41:28+00:00","breadcrumb":{"@id":"https:\/\/nordicequicare.se\/vara-hastbehandlingar\/equiband\/#breadcrumb"},"inLanguage":"en-US","potentialAction":[{"@type":"ReadAction","target":["https:\/\/nordicequicare.se\/vara-hastbehandlingar\/equiband\/"]}]},{"@type":"BreadcrumbList","@id":"https:\/\/nordicequicare.se\/vara-hastbehandlingar\/equiband\/#breadcrumb","itemListElement":[{"@type":"ListItem","position":1,"name":"Hem","item":"https:\/\/nordicequicare.se\/"},{"@type":"ListItem","position":2,"name":"Mina h\u00e4stbehandlingar","item":"https:\/\/nordicequicare.se\/vara-hastbehandlingar\/"},{"@type":"ListItem","position":3,"name":"Equiband"}]},{"@type":"WebSite","@id":"https:\/\/nordicequicare.se\/#website","url":"https:\/\/nordicequicare.se\/","name":"Nordic Equicare","description":"Din equiterapeut i V\u00e4stmanland","publisher":{"@id":"https:\/\/nordicequicare.se\/#organization"},"potentialAction":[{"@type":"SearchAction","target":{"@type":"EntryPoint","urlTemplate":"https:\/\/nordicequicare.se\/?s={search_term_string}"},"query-input":{"@type":"PropertyValueSpecification","valueRequired":true,"valueName":"search_term_string"}}],"inLanguage":"en-US"},{"@type":"Organization","@id":"https:\/\/nordicequicare.se\/#organization","name":"Nordic Equicare","url":"https:\/\/nordicequicare.se\/","logo":{"@type":"ImageObject","inLanguage":"en-US","@id":"https:\/\/nordicequicare.se\/#\/schema\/logo\/image\/","url":"https:\/\/nordicequicare.se\/wp-content\/uploads\/2023\/07\/gen_logo.png","contentUrl":"https:\/\/nordicequicare.se\/wp-content\/uploads\/2023\/07\/gen_logo.png","width":500,"height":196,"caption":"Nordic Equicare"},"image":{"@id":"https:\/\/nordicequicare.se\/#\/schema\/logo\/image\/"},"sameAs":["https:\/\/www.facebook.com\/nordicequicare","https:\/\/www.instagram.com\/nordicequicare\/"]},{"@type":"Person","@id":"https:\/\/nordicequicare.se\/#\/schema\/person\/bc523ae26af3ff7797b4d496aa7328c7","name":"adamhagman","image":{"@type":"ImageObject","inLanguage":"en-US","@id":"https:\/\/secure.gravatar.com\/avatar\/0028a9544b7512c97252eaa2dcbd02f6c241d97eabc42833764f1198c3e15a9b?s=96&d=mm&r=g","url":"https:\/\/secure.gravatar.com\/avatar\/0028a9544b7512c97252eaa2dcbd02f6c241d97eabc42833764f1198c3e15a9b?s=96&d=mm&r=g","contentUrl":"https:\/\/secure.gravatar.com\/avatar\/0028a9544b7512c97252eaa2dcbd02f6c241d97eabc42833764f1198c3e15a9b?s=96&d=mm&r=g","caption":"adamhagman"},"sameAs":["https:\/\/nordicequicare.se"],"url":"https:\/\/nordicequicare.se\/en\/author\/adamhagman\/"}]}},"_links":{"self":[{"href":"https:\/\/nordicequicare.se\/en\/wp-json\/wp\/v2\/pages\/564","targetHints":{"allow":["GET"]}}],"collection":[{"href":"https:\/\/nordicequicare.se\/en\/wp-json\/wp\/v2\/pages"}],"about":[{"href":"https:\/\/nordicequicare.se\/en\/wp-json\/wp\/v2\/types\/page"}],"author":[{"embeddable":true,"href":"https:\/\/nordicequicare.se\/en\/wp-json\/wp\/v2\/users\/1"}],"replies":[{"embeddable":true,"href":"https:\/\/nordicequicare.se\/en\/wp-json\/wp\/v2\/comments?post=564"}],"version-history":[{"count":8,"href":"https:\/\/nordicequicare.se\/en\/wp-json\/wp\/v2\/pages\/564\/revisions"}],"predecessor-version":[{"id":1869,"href":"https:\/\/nordicequicare.se\/en\/wp-json\/wp\/v2\/pages\/564\/revisions\/1869"}],"up":[{"embeddable":true,"href":"https:\/\/nordicequicare.se\/en\/wp-json\/wp\/v2\/pages\/550"}],"wp:attachment":[{"href":"https:\/\/nordicequicare.se\/en\/wp-json\/wp\/v2\/media?parent=564"}],"curies":[{"name":"wp","href":"https:\/\/api.w.org\/{rel}","templated":true}]}}