{"id":562,"date":"2023-07-12T09:16:01","date_gmt":"2023-07-12T07:16:01","guid":{"rendered":"https:\/\/nordicequicare.se\/?page_id=562"},"modified":"2026-02-18T20:43:04","modified_gmt":"2026-02-18T19:43:04","slug":"massage-hast-stretch-myofacial-release","status":"publish","type":"page","link":"https:\/\/nordicequicare.se\/en\/vara-hastbehandlingar\/massage-hast-stretch-myofacial-release\/","title":{"rendered":"Massage, stretch, myofacial release"},"content":{"rendered":"<section class=\"bde-section-562-100 bde-section\">\n              \n  \n  \n\t\n\n  <div class=\"section-background-overlay\"><\/div>\n\n\n<div class=\"section-container\"><div class=\"bde-image-562-101 bde-image\" data-parallax=\"true\">\n<figure class=\"breakdance-image breakdance-image--1007\">\n\t<div class=\"breakdance-image-container\">\n\t\t<div class=\"breakdance-image-clip\"><img decoding=\"async\" class=\"breakdance-image-object\" src=\"https:\/\/nordicequicare.se\/wp-content\/uploads\/2023\/07\/HeroImage3.jpg\" width=\"1440\" height=\"568\" srcset=\"https:\/\/nordicequicare.se\/wp-content\/uploads\/2023\/07\/HeroImage3.jpg 1440w, https:\/\/nordicequicare.se\/wp-content\/uploads\/2023\/07\/HeroImage3-300x118.jpg 300w, https:\/\/nordicequicare.se\/wp-content\/uploads\/2023\/07\/HeroImage3-1024x404.jpg 1024w, https:\/\/nordicequicare.se\/wp-content\/uploads\/2023\/07\/HeroImage3-768x303.jpg 768w, https:\/\/nordicequicare.se\/wp-content\/uploads\/2023\/07\/HeroImage3-600x237.jpg 600w\" sizes=\"auto, (max-width: 1440px) 100vw, 1440px\" loading=\"lazy\"><\/div>\n\t<\/div><\/figure>\n\n<\/div><h1 class=\"bde-heading-562-102 bde-heading\">\nMassage, stretch, myofacial release <br>och mobilisering\n<\/h1><\/div>\n<\/section><section class=\"bde-section-562-103 bde-section\">\n  \n  \n\t\n\n\n\n<div class=\"section-container\"><div class=\"bde-columns-562-104 bde-columns\"><div class=\"bde-column-562-105 bde-column\">\n  \n  \n\t\n\n\n\n<div class=\"bde-image-562-106 bde-image\">\n<figure class=\"breakdance-image breakdance-image--1668\">\n\t<div class=\"breakdance-image-container\">\n\t\t<div class=\"breakdance-image-clip\"><img decoding=\"async\" class=\"breakdance-image-object\" src=\"https:\/\/nordicequicare.se\/wp-content\/uploads\/2024\/07\/Anna_massage1.webp\" width=\"800\" height=\"926\" srcset=\"https:\/\/nordicequicare.se\/wp-content\/uploads\/2024\/07\/Anna_massage1.webp 800w, https:\/\/nordicequicare.se\/wp-content\/uploads\/2024\/07\/Anna_massage1-259x300.webp 259w, https:\/\/nordicequicare.se\/wp-content\/uploads\/2024\/07\/Anna_massage1-768x889.webp 768w, https:\/\/nordicequicare.se\/wp-content\/uploads\/2024\/07\/Anna_massage1-600x695.webp 600w\" sizes=\"auto, (max-width: 800px) 100vw, 800px\" alt=\"Massage p\u00e5 h\u00e4st\" loading=\"lazy\"><\/div>\n\t<\/div><\/figure>\n\n<\/div><div class=\"bde-button-562-107 bde-button\">\n        \n    \n    \n    \n    \n            \n                    \n            \n            \n\n    \n    \n    \n    \n    \n    <a class=\"breakdance-link button-atom button-atom--primary bde-button__button\" href=\"https:\/\/nordicequicare.se\/en\/kontakt\/\" target=\"_self\" data-type=\"url\"  >\n\n    \n        <span class=\"button-atom__text\">Boka behandlingen<\/span>\n\n        \n        \n                <\/a>\n\n    \n\n\n<\/div>\n<\/div><div class=\"bde-column-562-108 bde-column\">\n  \n  \n\t\n\n\n\n<h2 class=\"bde-heading-562-109 bde-heading\">\nMassage, stretch, myofacial release och mobilisering\n<\/h2><div class=\"bde-text-562-110 bde-text\">\nEn h\u00e4st har c:a 700 muskler som anv\u00e4nds f\u00f6r h\u00e4stens r\u00f6relse och balans. Det \u00e4r viktigt att h\u00e5lla h\u00e4stens muskler i god form och balans f\u00f6r att h\u00e4sten skall fungera optimalt. En m\u00e4nniska som sitter p\u00e5 en h\u00e4strygg skapar stora p\u00e5frestningar och det \u00e4r n\u00f6dv\u00e4ndigt att h\u00e5lla musklerna starka och friska f\u00f6r att h\u00e4sten ska m\u00e5 bra och kunna prestera.<br><br>De absolut viktigaste verktygen jag har \u00e4r mina h\u00e4nder och fingrar. Med dessa k\u00e4nner jag varje fiber i muskeln och kan uppt\u00e4cka n\u00e4r musklerna slappnar av, n\u00e4r de \u00e4r varma eller kalla eller om det har uppkommit en skada som str\u00e4ckning, \u00f6dem eller liknande. Jag har provat en m\u00e4ngd vibrerande apparater, och \u00e4ven om man kan uppn\u00e5 en viss effekt, s\u00e5 finns det inga verktyg som kan m\u00e4ta sig med fingrar och h\u00e4nder som kan k\u00e4nna temperatur, elasticitet, densitet och fasthet.\n<\/div><h4 class=\"bde-heading-562-117 bde-heading\">\nMassage \u00e4r en viktig metod f\u00f6r att h\u00e5lla h\u00e4stens muskler smidiga\n<\/h4><div class=\"bde-text-562-116 bde-text\">\nMassage kombinerar olika manuella massagetekniker f\u00f6r att lindra sm\u00e4rta, f\u00f6rb\u00e4ttra funktion och fr\u00e4mja l\u00e4kning i kroppen. Den b\u00f6r utf\u00f6ras av en certifierad och kvalificerad mass\u00f6r eller terapeut f\u00f6r att uppn\u00e5 b\u00e4sta effekt. Jag anv\u00e4nder olika tekniker, tryckpunkter och strykningar f\u00f6r att l\u00f6sa upp sp\u00e4nningar, f\u00f6rb\u00e4ttra blodcirkulationen, \u00f6ka r\u00f6rligheten och minska sm\u00e4rta.<br><br>Under en behandlingssession kombinerar jag oftast massagen med stretch och mobilisering. En begr\u00e4nsad r\u00f6rlighet kan leda till obalanserat r\u00f6relsem\u00f6nster och p\u00e5 sikt skador, men med r\u00e4tt teknik kan jag eliminera l\u00e5sningar och \u00e5terst\u00e4lla r\u00f6rligheten. En v\u00e4lm\u00e5ende muskel \u00e4r elastisk och flexibel och det \u00e5stadkommer jag med genom aktiva och passiva stretchmetoder.\n<\/div><h4 class=\"bde-heading-562-111 bde-heading\">\nMassagens historia\n<\/h4><h5 class=\"bde-heading-562-115 bde-heading\">\nRelaterat:\n<\/h5><div class=\"bde-text-562-118 bde-text\">\nMassagens historia str\u00e4cker sig l\u00e5ngt tillbaka i tiden och har sina r\u00f6tter i olika kulturer runt om i v\u00e4rlden. Historien om massage kan man sp\u00e5ra tillbaka till antiken, d\u00e4r man dokumenterat att massagetekniker anv\u00e4ndes i b\u00e5de antika Egypten, Kina, Indien och Grekland.<br><br>I antika Egypten praktiserade man massage som en del av medicinsk behandling och man ans\u00e5g behandlingen vara en v\u00e4sentlig del av den helande processen. Hieroglyfer och v\u00e4ggm\u00e5lningar avbildar massage som man anv\u00e4nde p\u00e5 olika delar av kroppen. Man tror att egyptiska l\u00e4kare och terapeuter anv\u00e4nde massage f\u00f6r att lindra sm\u00e4rta, minska inflammation och f\u00f6rb\u00e4ttra blodcirkulationen.<br><br>Liknande f\u00f6rekomster av massage kan ses i antikens Kina, d\u00e4r tekniker som tryckpunktsmassage och akupressur anv\u00e4ndes f\u00f6r att balansera den vitala energin, \u00e4ven k\u00e4nd som \u201cqi\u201d, i kroppen. Massageterapeuter i Kina anv\u00e4nde ocks\u00e5 olika tekniker f\u00f6r att behandla muskelsp\u00e4nningar, sm\u00e4rta och sjukdom.<br><br>I antika Grekland utvecklade man massage som en del av idrottsmedicinen. Metoden anv\u00e4nde man f\u00f6r att f\u00f6rbereda atleter inf\u00f6r t\u00e4vlingar och f\u00f6r att fr\u00e4mja snabbare \u00e5terh\u00e4mtning efter fysisk anstr\u00e4ngning. Hippokrates, en framst\u00e5ende grekisk l\u00e4kare, ans\u00e5g massage vara en viktig del av medicinsk praxis och anv\u00e4nde det som en terapeutisk behandling.<br><br>I Indien utvecklade de l\u00e4rde en omfattande och sofistikerad form av massage och kroppsbehandling kallad Ayurvedisk massage. Ayurvedisk massage fokuserar p\u00e5 att balansera kroppens energier och f\u00f6rb\u00e4ttra h\u00e4lsan genom olika massagetekniker och anv\u00e4ndning av v\u00e4xtbaserade oljor.<br><br>Under medeltiden och ren\u00e4ssansen f\u00f6rlorade massagen i viss utstr\u00e4ckning popularitet i Europa p\u00e5 grund av religi\u00f6sa och kulturella f\u00f6r\u00e4ndringar. Men intresset f\u00f6r massage belv \u00e5terupplivat under 1800- och 1900-talet, n\u00e4r vetenskapliga och medicinska framsteg b\u00f6rjade bekr\u00e4fta dess h\u00e4lsofr\u00e4mjande egenskaper. L\u00e4kare utvecklade och f\u00f6rfinade massagetekniker och metoder, och massage blev en etablerad medicinsk och terapeutisk praxis.<br><br>Idag \u00e4r massage en v\u00e4lk\u00e4nd och popul\u00e4r behandlingsmetod \u00f6ver hela v\u00e4rlden, som man anv\u00e4nder inom medicin, spa, friskv\u00e5rd och veterin\u00e4rv\u00e5rd.\n<\/div><div class=\"bde-menu-562-121 bde-menu\">\n\n\n      \n        \n    <nav class=\"breakdance-menu breakdance-menu--collapse breakdance-menu--vertical\">\n    <button class=\"breakdance-menu-toggle breakdance-menu-toggle--squeeze\" type=\"button\" aria-label=\"Open Menu\" aria-expanded=\"false\" aria-controls=\"menu-121\">\n                  <span class=\"breakdance-menu-toggle-icon\">\n            <span class=\"breakdance-menu-toggle-lines\"><\/span>\n          <\/span>\n            <\/button>\n    \n  <ul class=\"breakdance-menu-list\" id=\"menu-121\">\n              \n  \n    <li class=\"bde-menu-dropdown-562-122 bde-menu-dropdown breakdance-menu-item\">\n<div class=\"breakdance-dropdown\">\n    <div class=\"breakdance-dropdown-toggle\">\n      \n              <button class=\"breakdance-menu-link\" type=\"button\" aria-expanded=\"false\" aria-controls=\"dropdown-122\" >\n          Andra behandlingar\n        <\/button>\n      \n      <button class=\"breakdance-menu-link-arrow\" type=\"button\" aria-expanded=\"false\" aria-controls=\"dropdown-122\" aria-label=\"Andra behandlingar Submenu\"><\/button>\n    <\/div>\n\n    <div class=\"breakdance-dropdown-floater\" aria-hidden=\"true\" id=\"dropdown-122\">\n        <div class=\"breakdance-dropdown-body\">\n              <div class=\"breakdance-dropdown-section breakdance-dropdown-section--\">\n    <div class=\"breakdance-dropdown-columns\">\n              <div class=\"breakdance-dropdown-column\">\n          \n          <ul class=\"breakdance-dropdown-links\">\n                                <li class=\"breakdance-dropdown-item\">\n            \n            \n            \n\n    \n    \n    \n    \n    \n    <a class=\"breakdance-link breakdance-dropdown-link\" href=\"https:\/\/nordicequicare.se\/en\/vara-hastbehandlingar\/massage-hast-stretch-myofacial-release\/\" target=\"_self\" data-type=\"url\"  >\n\n      \n      <span class=\"breakdance-dropdown-link__label\">\n                  <span class=\"breakdance-dropdown-link__text\">Massage, stretch, myofacial release<\/span>\n        \n              <\/span>\n        <\/a>\n\n  <\/li>\n\n                                <li class=\"breakdance-dropdown-item\">\n            \n            \n            \n\n    \n    \n    \n    \n    \n    <a class=\"breakdance-link breakdance-dropdown-link\" href=\"https:\/\/nordicequicare.se\/en\/vara-hastbehandlingar\/medicinsk-laserterapi\/\" target=\"_self\" data-type=\"url\"  >\n\n      \n      <span class=\"breakdance-dropdown-link__label\">\n                  <span class=\"breakdance-dropdown-link__text\">Medicinsk Laserterapi<\/span>\n        \n              <\/span>\n        <\/a>\n\n  <\/li>\n\n                                <li class=\"breakdance-dropdown-item\">\n            \n            \n            \n\n    \n    \n    \n    \n    \n    <a class=\"breakdance-link breakdance-dropdown-link\" href=\"https:\/\/nordicequicare.se\/en\/vara-hastbehandlingar\/medicinsk-elterapi\/\" target=\"_self\" data-type=\"url\"  >\n\n      \n      <span class=\"breakdance-dropdown-link__label\">\n                  <span class=\"breakdance-dropdown-link__text\">Medicinsk Elterapi<\/span>\n        \n              <\/span>\n        <\/a>\n\n  <\/li>\n\n                                <li class=\"breakdance-dropdown-item\">\n            \n            \n            \n\n    \n    \n    \n    \n    \n    <a class=\"breakdance-link breakdance-dropdown-link\" href=\"https:\/\/nordicequicare.se\/en\/vara-hastbehandlingar\/surefoot-balansterapi\/\" target=\"_self\" data-type=\"url\"  >\n\n      \n      <span class=\"breakdance-dropdown-link__label\">\n                  <span class=\"breakdance-dropdown-link__text\">SureFoot\u00ae balansterapi<\/span>\n        \n              <\/span>\n        <\/a>\n\n  <\/li>\n\n                                <li class=\"breakdance-dropdown-item\">\n            \n            \n            \n\n    \n    \n    \n    \n    \n    <a class=\"breakdance-link breakdance-dropdown-link\" href=\"https:\/\/nordicequicare.se\/en\/vara-hastbehandlingar\/equiband\/\" target=\"_self\" data-type=\"url\"  >\n\n      \n      <span class=\"breakdance-dropdown-link__label\">\n                  <span class=\"breakdance-dropdown-link__text\">Equiband<\/span>\n        \n              <\/span>\n        <\/a>\n\n  <\/li>\n\n                                <li class=\"breakdance-dropdown-item\">\n            \n            \n            \n\n    \n    \n    \n    \n    \n    <a class=\"breakdance-link breakdance-dropdown-link\" href=\"https:\/\/nordicequicare.se\/en\/vara-hastbehandlingar\/akupunktur\/\" target=\"_self\" data-type=\"url\"  >\n\n      \n      <span class=\"breakdance-dropdown-link__label\">\n                  <span class=\"breakdance-dropdown-link__text\">Akupunktur<\/span>\n        \n              <\/span>\n        <\/a>\n\n  <\/li>\n\n                      <\/ul>\n        <\/div>\n          <\/div>\n  <\/div>\n\n\n                    <\/div>\n    <\/div>\n<\/div>\n\n<\/li>\n  <\/ul>\n  <\/nav>\n\n\n<\/div>\n<\/div><\/div><\/div>\n<\/section>","protected":false},"excerpt":{"rendered":"<p>Massage, stretch, myofacial release och mobilisering Boka behandlingen Massage, stretch, myofacial release och mobilisering En h\u00e4st har c:a 700 muskler som anv\u00e4nds f\u00f6r h\u00e4stens r\u00f6relse och balans. Det \u00e4r viktigt att h\u00e5lla h\u00e4stens muskler i god form och balans f\u00f6r att h\u00e4sten skall fungera optimalt. En m\u00e4nniska som sitter p\u00e5 en h\u00e4strygg skapar stora p\u00e5frestningar [&hellip;]<\/p>\n","protected":false},"author":1,"featured_media":0,"parent":550,"menu_order":0,"comment_status":"closed","ping_status":"closed","template":"","meta":{"_breakdance_hide_in_design_set":false,"_breakdance_tags":"","footnotes":""},"class_list":["post-562","page","type-page","status-publish","hentry"],"yoast_head":"<!-- This site is optimized with the Yoast SEO plugin v27.4 - https:\/\/yoast.com\/product\/yoast-seo-wordpress\/ -->\n<title>Massage h\u00e4st | Massage, stretch, myofacial release - Nordic Equicare<\/title>\n<meta name=\"description\" content=\"Massage och stretch \u00e4r en av de vanligase metoderna f\u00f6r att sl\u00e4ppa p\u00e5 sp\u00e4nningar och l\u00e5sningar hos en h\u00e4st.\" \/>\n<meta name=\"robots\" content=\"index, follow, max-snippet:-1, max-image-preview:large, max-video-preview:-1\" \/>\n<link rel=\"canonical\" href=\"https:\/\/nordicequicare.se\/en\/vara-hastbehandlingar\/massage-hast-stretch-myofacial-release\/\" \/>\n<meta property=\"og:locale\" content=\"en_US\" \/>\n<meta property=\"og:type\" content=\"article\" \/>\n<meta property=\"og:title\" content=\"Massage h\u00e4st | Massage, stretch, myofacial release - Nordic Equicare\" \/>\n<meta property=\"og:description\" content=\"Massage och stretch \u00e4r en av de vanligase metoderna f\u00f6r att sl\u00e4ppa p\u00e5 sp\u00e4nningar och l\u00e5sningar hos en h\u00e4st.\" \/>\n<meta property=\"og:url\" content=\"https:\/\/nordicequicare.se\/en\/vara-hastbehandlingar\/massage-hast-stretch-myofacial-release\/\" \/>\n<meta property=\"og:site_name\" content=\"Nordic Equicare\" \/>\n<meta property=\"article:publisher\" content=\"https:\/\/www.facebook.com\/nordicequicare\" \/>\n<meta property=\"article:modified_time\" content=\"2026-02-18T19:43:04+00:00\" \/>\n<meta property=\"og:image\" content=\"https:\/\/nordicequicare.se\/wp-content\/uploads\/2024\/07\/Anna_atretch1.webp\" \/>\n\t<meta property=\"og:image:width\" content=\"553\" \/>\n\t<meta property=\"og:image:height\" content=\"553\" \/>\n\t<meta property=\"og:image:type\" content=\"image\/webp\" \/>\n<meta name=\"twitter:card\" content=\"summary_large_image\" \/>\n<meta name=\"twitter:label1\" content=\"Est. reading time\" \/>\n\t<meta name=\"twitter:data1\" content=\"4 minutes\" \/>\n<script type=\"application\/ld+json\" class=\"yoast-schema-graph\">{\"@context\":\"https:\\\/\\\/schema.org\",\"@graph\":[{\"@type\":[\"Article\",\"BlogPosting\"],\"@id\":\"https:\\\/\\\/nordicequicare.se\\\/vara-hastbehandlingar\\\/massage-hast-stretch-myofacial-release\\\/#article\",\"isPartOf\":{\"@id\":\"https:\\\/\\\/nordicequicare.se\\\/vara-hastbehandlingar\\\/massage-hast-stretch-myofacial-release\\\/\"},\"author\":{\"name\":\"adamhagman\",\"@id\":\"https:\\\/\\\/nordicequicare.se\\\/#\\\/schema\\\/person\\\/bc523ae26af3ff7797b4d496aa7328c7\"},\"headline\":\"Massage, stretch, myofacial release\",\"datePublished\":\"2023-07-12T07:16:01+00:00\",\"dateModified\":\"2026-02-18T19:43:04+00:00\",\"mainEntityOfPage\":{\"@id\":\"https:\\\/\\\/nordicequicare.se\\\/vara-hastbehandlingar\\\/massage-hast-stretch-myofacial-release\\\/\"},\"wordCount\":4,\"publisher\":{\"@id\":\"https:\\\/\\\/nordicequicare.se\\\/#organization\"},\"inLanguage\":\"en-US\"},{\"@type\":\"WebPage\",\"@id\":\"https:\\\/\\\/nordicequicare.se\\\/vara-hastbehandlingar\\\/massage-hast-stretch-myofacial-release\\\/\",\"url\":\"https:\\\/\\\/nordicequicare.se\\\/vara-hastbehandlingar\\\/massage-hast-stretch-myofacial-release\\\/\",\"name\":\"Massage h\u00e4st | Massage, stretch, myofacial release - Nordic Equicare\",\"isPartOf\":{\"@id\":\"https:\\\/\\\/nordicequicare.se\\\/#website\"},\"datePublished\":\"2023-07-12T07:16:01+00:00\",\"dateModified\":\"2026-02-18T19:43:04+00:00\",\"description\":\"Massage och stretch \u00e4r en av de vanligase metoderna f\u00f6r att sl\u00e4ppa p\u00e5 sp\u00e4nningar och l\u00e5sningar hos en h\u00e4st.\",\"breadcrumb\":{\"@id\":\"https:\\\/\\\/nordicequicare.se\\\/vara-hastbehandlingar\\\/massage-hast-stretch-myofacial-release\\\/#breadcrumb\"},\"inLanguage\":\"en-US\",\"potentialAction\":[{\"@type\":\"ReadAction\",\"target\":[\"https:\\\/\\\/nordicequicare.se\\\/vara-hastbehandlingar\\\/massage-hast-stretch-myofacial-release\\\/\"]}]},{\"@type\":\"BreadcrumbList\",\"@id\":\"https:\\\/\\\/nordicequicare.se\\\/vara-hastbehandlingar\\\/massage-hast-stretch-myofacial-release\\\/#breadcrumb\",\"itemListElement\":[{\"@type\":\"ListItem\",\"position\":1,\"name\":\"Hem\",\"item\":\"https:\\\/\\\/nordicequicare.se\\\/\"},{\"@type\":\"ListItem\",\"position\":2,\"name\":\"Mina h\u00e4stbehandlingar\",\"item\":\"https:\\\/\\\/nordicequicare.se\\\/vara-hastbehandlingar\\\/\"},{\"@type\":\"ListItem\",\"position\":3,\"name\":\"Massage, stretch, myofacial release\"}]},{\"@type\":\"WebSite\",\"@id\":\"https:\\\/\\\/nordicequicare.se\\\/#website\",\"url\":\"https:\\\/\\\/nordicequicare.se\\\/\",\"name\":\"Nordic Equicare\",\"description\":\"Din equiterapeut i V\u00e4stmanland\",\"publisher\":{\"@id\":\"https:\\\/\\\/nordicequicare.se\\\/#organization\"},\"potentialAction\":[{\"@type\":\"SearchAction\",\"target\":{\"@type\":\"EntryPoint\",\"urlTemplate\":\"https:\\\/\\\/nordicequicare.se\\\/?s={search_term_string}\"},\"query-input\":{\"@type\":\"PropertyValueSpecification\",\"valueRequired\":true,\"valueName\":\"search_term_string\"}}],\"inLanguage\":\"en-US\"},{\"@type\":\"Organization\",\"@id\":\"https:\\\/\\\/nordicequicare.se\\\/#organization\",\"name\":\"Nordic Equicare\",\"url\":\"https:\\\/\\\/nordicequicare.se\\\/\",\"logo\":{\"@type\":\"ImageObject\",\"inLanguage\":\"en-US\",\"@id\":\"https:\\\/\\\/nordicequicare.se\\\/#\\\/schema\\\/logo\\\/image\\\/\",\"url\":\"https:\\\/\\\/nordicequicare.se\\\/wp-content\\\/uploads\\\/2023\\\/07\\\/gen_logo.png\",\"contentUrl\":\"https:\\\/\\\/nordicequicare.se\\\/wp-content\\\/uploads\\\/2023\\\/07\\\/gen_logo.png\",\"width\":500,\"height\":196,\"caption\":\"Nordic Equicare\"},\"image\":{\"@id\":\"https:\\\/\\\/nordicequicare.se\\\/#\\\/schema\\\/logo\\\/image\\\/\"},\"sameAs\":[\"https:\\\/\\\/www.facebook.com\\\/nordicequicare\",\"https:\\\/\\\/www.instagram.com\\\/nordicequicare\\\/\"]},{\"@type\":\"Person\",\"@id\":\"https:\\\/\\\/nordicequicare.se\\\/#\\\/schema\\\/person\\\/bc523ae26af3ff7797b4d496aa7328c7\",\"name\":\"adamhagman\",\"image\":{\"@type\":\"ImageObject\",\"inLanguage\":\"en-US\",\"@id\":\"https:\\\/\\\/secure.gravatar.com\\\/avatar\\\/0028a9544b7512c97252eaa2dcbd02f6c241d97eabc42833764f1198c3e15a9b?s=96&d=mm&r=g\",\"url\":\"https:\\\/\\\/secure.gravatar.com\\\/avatar\\\/0028a9544b7512c97252eaa2dcbd02f6c241d97eabc42833764f1198c3e15a9b?s=96&d=mm&r=g\",\"contentUrl\":\"https:\\\/\\\/secure.gravatar.com\\\/avatar\\\/0028a9544b7512c97252eaa2dcbd02f6c241d97eabc42833764f1198c3e15a9b?s=96&d=mm&r=g\",\"caption\":\"adamhagman\"},\"sameAs\":[\"https:\\\/\\\/nordicequicare.se\"],\"url\":\"https:\\\/\\\/nordicequicare.se\\\/en\\\/author\\\/adamhagman\\\/\"}]}<\/script>\n<!-- \/ Yoast SEO plugin. -->","yoast_head_json":{"title":"Massage h\u00e4st | Massage, stretch, myofacial release - Nordic Equicare","description":"Massage och stretch \u00e4r en av de vanligase metoderna f\u00f6r att sl\u00e4ppa p\u00e5 sp\u00e4nningar och l\u00e5sningar hos en h\u00e4st.","robots":{"index":"index","follow":"follow","max-snippet":"max-snippet:-1","max-image-preview":"max-image-preview:large","max-video-preview":"max-video-preview:-1"},"canonical":"https:\/\/nordicequicare.se\/en\/vara-hastbehandlingar\/massage-hast-stretch-myofacial-release\/","og_locale":"en_US","og_type":"article","og_title":"Massage h\u00e4st | Massage, stretch, myofacial release - Nordic Equicare","og_description":"Massage och stretch \u00e4r en av de vanligase metoderna f\u00f6r att sl\u00e4ppa p\u00e5 sp\u00e4nningar och l\u00e5sningar hos en h\u00e4st.","og_url":"https:\/\/nordicequicare.se\/en\/vara-hastbehandlingar\/massage-hast-stretch-myofacial-release\/","og_site_name":"Nordic Equicare","article_publisher":"https:\/\/www.facebook.com\/nordicequicare","article_modified_time":"2026-02-18T19:43:04+00:00","og_image":[{"width":553,"height":553,"url":"https:\/\/nordicequicare.se\/wp-content\/uploads\/2024\/07\/Anna_atretch1.webp","type":"image\/webp"}],"twitter_card":"summary_large_image","twitter_misc":{"Est. reading time":"4 minutes"},"schema":{"@context":"https:\/\/schema.org","@graph":[{"@type":["Article","BlogPosting"],"@id":"https:\/\/nordicequicare.se\/vara-hastbehandlingar\/massage-hast-stretch-myofacial-release\/#article","isPartOf":{"@id":"https:\/\/nordicequicare.se\/vara-hastbehandlingar\/massage-hast-stretch-myofacial-release\/"},"author":{"name":"adamhagman","@id":"https:\/\/nordicequicare.se\/#\/schema\/person\/bc523ae26af3ff7797b4d496aa7328c7"},"headline":"Massage, stretch, myofacial release","datePublished":"2023-07-12T07:16:01+00:00","dateModified":"2026-02-18T19:43:04+00:00","mainEntityOfPage":{"@id":"https:\/\/nordicequicare.se\/vara-hastbehandlingar\/massage-hast-stretch-myofacial-release\/"},"wordCount":4,"publisher":{"@id":"https:\/\/nordicequicare.se\/#organization"},"inLanguage":"en-US"},{"@type":"WebPage","@id":"https:\/\/nordicequicare.se\/vara-hastbehandlingar\/massage-hast-stretch-myofacial-release\/","url":"https:\/\/nordicequicare.se\/vara-hastbehandlingar\/massage-hast-stretch-myofacial-release\/","name":"Massage h\u00e4st | Massage, stretch, myofacial release - Nordic Equicare","isPartOf":{"@id":"https:\/\/nordicequicare.se\/#website"},"datePublished":"2023-07-12T07:16:01+00:00","dateModified":"2026-02-18T19:43:04+00:00","description":"Massage och stretch \u00e4r en av de vanligase metoderna f\u00f6r att sl\u00e4ppa p\u00e5 sp\u00e4nningar och l\u00e5sningar hos en h\u00e4st.","breadcrumb":{"@id":"https:\/\/nordicequicare.se\/vara-hastbehandlingar\/massage-hast-stretch-myofacial-release\/#breadcrumb"},"inLanguage":"en-US","potentialAction":[{"@type":"ReadAction","target":["https:\/\/nordicequicare.se\/vara-hastbehandlingar\/massage-hast-stretch-myofacial-release\/"]}]},{"@type":"BreadcrumbList","@id":"https:\/\/nordicequicare.se\/vara-hastbehandlingar\/massage-hast-stretch-myofacial-release\/#breadcrumb","itemListElement":[{"@type":"ListItem","position":1,"name":"Hem","item":"https:\/\/nordicequicare.se\/"},{"@type":"ListItem","position":2,"name":"Mina h\u00e4stbehandlingar","item":"https:\/\/nordicequicare.se\/vara-hastbehandlingar\/"},{"@type":"ListItem","position":3,"name":"Massage, stretch, myofacial release"}]},{"@type":"WebSite","@id":"https:\/\/nordicequicare.se\/#website","url":"https:\/\/nordicequicare.se\/","name":"Nordic Equicare","description":"Din equiterapeut i V\u00e4stmanland","publisher":{"@id":"https:\/\/nordicequicare.se\/#organization"},"potentialAction":[{"@type":"SearchAction","target":{"@type":"EntryPoint","urlTemplate":"https:\/\/nordicequicare.se\/?s={search_term_string}"},"query-input":{"@type":"PropertyValueSpecification","valueRequired":true,"valueName":"search_term_string"}}],"inLanguage":"en-US"},{"@type":"Organization","@id":"https:\/\/nordicequicare.se\/#organization","name":"Nordic Equicare","url":"https:\/\/nordicequicare.se\/","logo":{"@type":"ImageObject","inLanguage":"en-US","@id":"https:\/\/nordicequicare.se\/#\/schema\/logo\/image\/","url":"https:\/\/nordicequicare.se\/wp-content\/uploads\/2023\/07\/gen_logo.png","contentUrl":"https:\/\/nordicequicare.se\/wp-content\/uploads\/2023\/07\/gen_logo.png","width":500,"height":196,"caption":"Nordic Equicare"},"image":{"@id":"https:\/\/nordicequicare.se\/#\/schema\/logo\/image\/"},"sameAs":["https:\/\/www.facebook.com\/nordicequicare","https:\/\/www.instagram.com\/nordicequicare\/"]},{"@type":"Person","@id":"https:\/\/nordicequicare.se\/#\/schema\/person\/bc523ae26af3ff7797b4d496aa7328c7","name":"adamhagman","image":{"@type":"ImageObject","inLanguage":"en-US","@id":"https:\/\/secure.gravatar.com\/avatar\/0028a9544b7512c97252eaa2dcbd02f6c241d97eabc42833764f1198c3e15a9b?s=96&d=mm&r=g","url":"https:\/\/secure.gravatar.com\/avatar\/0028a9544b7512c97252eaa2dcbd02f6c241d97eabc42833764f1198c3e15a9b?s=96&d=mm&r=g","contentUrl":"https:\/\/secure.gravatar.com\/avatar\/0028a9544b7512c97252eaa2dcbd02f6c241d97eabc42833764f1198c3e15a9b?s=96&d=mm&r=g","caption":"adamhagman"},"sameAs":["https:\/\/nordicequicare.se"],"url":"https:\/\/nordicequicare.se\/en\/author\/adamhagman\/"}]}},"_links":{"self":[{"href":"https:\/\/nordicequicare.se\/en\/wp-json\/wp\/v2\/pages\/562","targetHints":{"allow":["GET"]}}],"collection":[{"href":"https:\/\/nordicequicare.se\/en\/wp-json\/wp\/v2\/pages"}],"about":[{"href":"https:\/\/nordicequicare.se\/en\/wp-json\/wp\/v2\/types\/page"}],"author":[{"embeddable":true,"href":"https:\/\/nordicequicare.se\/en\/wp-json\/wp\/v2\/users\/1"}],"replies":[{"embeddable":true,"href":"https:\/\/nordicequicare.se\/en\/wp-json\/wp\/v2\/comments?post=562"}],"version-history":[{"count":8,"href":"https:\/\/nordicequicare.se\/en\/wp-json\/wp\/v2\/pages\/562\/revisions"}],"predecessor-version":[{"id":1870,"href":"https:\/\/nordicequicare.se\/en\/wp-json\/wp\/v2\/pages\/562\/revisions\/1870"}],"up":[{"embeddable":true,"href":"https:\/\/nordicequicare.se\/en\/wp-json\/wp\/v2\/pages\/550"}],"wp:attachment":[{"href":"https:\/\/nordicequicare.se\/en\/wp-json\/wp\/v2\/media?parent=562"}],"curies":[{"name":"wp","href":"https:\/\/api.w.org\/{rel}","templated":true}]}}