{"id":559,"date":"2023-07-12T08:45:58","date_gmt":"2023-07-12T06:45:58","guid":{"rendered":"https:\/\/nordicequicare.se\/?page_id=559"},"modified":"2024-07-31T12:18:41","modified_gmt":"2024-07-31T10:18:41","slug":"akupunktur","status":"publish","type":"page","link":"https:\/\/nordicequicare.se\/en\/vara-hastbehandlingar\/akupunktur\/","title":{"rendered":"Akupunktur"},"content":{"rendered":"<section class=\"bde-section-559-100 bde-section\">\n              \n  \n  \n\t\n\n  <div class=\"section-background-overlay\"><\/div>\n\n\n<div class=\"section-container\"><div class=\"bde-image-559-101 bde-image\" data-parallax=\"true\">\n<figure class=\"breakdance-image breakdance-image--1483\">\n\t<div class=\"breakdance-image-container\">\n\t\t<div class=\"breakdance-image-clip\"><img decoding=\"async\" class=\"breakdance-image-object\" src=\"https:\/\/nordicequicare.se\/wp-content\/uploads\/2023\/10\/Heroimage.jpg\" width=\"1200\" height=\"510\" srcset=\"https:\/\/nordicequicare.se\/wp-content\/uploads\/2023\/10\/Heroimage.jpg 1200w, https:\/\/nordicequicare.se\/wp-content\/uploads\/2023\/10\/Heroimage-300x128.jpg 300w, https:\/\/nordicequicare.se\/wp-content\/uploads\/2023\/10\/Heroimage-1024x435.jpg 1024w, https:\/\/nordicequicare.se\/wp-content\/uploads\/2023\/10\/Heroimage-768x326.jpg 768w, https:\/\/nordicequicare.se\/wp-content\/uploads\/2023\/10\/Heroimage-600x255.jpg 600w\" sizes=\"auto, (max-width: 1200px) 100vw, 1200px\" alt=\"H\u00e4star springande p\u00e5 en \u00e4ng\" loading=\"lazy\"><\/div>\n\t<\/div><\/figure>\n\n<\/div><h1 class=\"bde-heading-559-102 bde-heading\">\nAkupunktur\n<\/h1><\/div>\n<\/section><section class=\"bde-section-559-103 bde-section\">\n  \n  \n\t\n\n\n\n<div class=\"section-container\"><div class=\"bde-columns-559-104 bde-columns\"><div class=\"bde-column-559-105 bde-column\">\n  \n  \n\t\n\n\n\n<div class=\"bde-image-559-106 bde-image\">\n<figure class=\"breakdance-image breakdance-image--810\">\n\t<div class=\"breakdance-image-container\">\n\t\t<div class=\"breakdance-image-clip\"><img decoding=\"async\" class=\"breakdance-image-object\" src=\"https:\/\/nordicequicare.se\/wp-content\/uploads\/2023\/07\/acpt.jpg\" width=\"428\" height=\"284\" srcset=\"https:\/\/nordicequicare.se\/wp-content\/uploads\/2023\/07\/acpt.jpg 428w, https:\/\/nordicequicare.se\/wp-content\/uploads\/2023\/07\/acpt-300x199.jpg 300w\" sizes=\"auto, (max-width: 428px) 100vw, 428px\" loading=\"lazy\"><\/div>\n\t<\/div><\/figure>\n\n<\/div><div class=\"bde-button-559-120 bde-button\">\n        \n    \n    \n    \n    \n            \n                    \n            \n            \n\n    \n    \n    \n    \n    \n    <a class=\"breakdance-link button-atom button-atom--primary bde-button__button\" href=\"https:\/\/nordicequicare.se\/en\/bookly-bokningssida\/\" target=\"_self\" data-type=\"url\"  >\n\n    \n        <span class=\"button-atom__text\">Boka behandlingen<\/span>\n\n        \n        \n                <\/a>\n\n    \n\n\n<\/div>\n<\/div><div class=\"bde-column-559-107 bde-column\">\n  \n  \n\t\n\n\n\n<h2 class=\"bde-heading-559-108 bde-heading\">\nAkupunktur\n<\/h2><div class=\"bde-text-559-110 bde-text\">\nEn akupunkturbehandling inneb\u00e4r att jag anv\u00e4nder tunna, sterila n\u00e5lar som placeras noggrant i specifika punkter. Dessa punkter v\u00e4ljer jag baserat p\u00e5 h\u00e4stens symptom, sjukdomshistoria och behandlingsm\u00e5l. Akupunktur kan ocks\u00e5 kombineras med andra tekniker, s\u00e5som elektrisk stimulering eller laserterapi, f\u00f6r att f\u00f6rst\u00e4rka effekten.\n<\/div><div class=\"bde-text-559-112 bde-text\">\nMetoden kan anv\u00e4ndas f\u00f6r att behandla en m\u00e4ngd olika tillst\u00e5nd och symptom. Det kan hj\u00e4lpa till att lindra sm\u00e4rta genom att stimulera fris\u00e4ttningen av kroppens naturliga sm\u00e4rtlindrande \u00e4mnen, s\u00e5som endorfiner. Dessutom fr\u00e4mjar den l\u00e4kning, minskar inflammation, f\u00f6rb\u00e4ttrar blodcirkulationen och balanserar nervsystemet.<br><br>Jag anv\u00e4nder oftast metoden som komplement till konventionell fysioterapeutisk behandling.<br><br>Innan jag p\u00e5b\u00f6rjar en behandling, g\u00f6r jag en grundlig genomg\u00e5ng av h\u00e4stens medicinska historia och individuella behov f\u00f6r att utforma en anpassad behandlingsplan.<br><br>Det \u00e4r viktigt att notera att metoden inte ers\u00e4tter konventionell fysioterapi eller veterin\u00e4rv\u00e5rd, s\u00e4rskilt i akuta eller allvarliga medicinska tillst\u00e5nd. Ist\u00e4llet b\u00f6r den komplettera och samverka med traditionella metoder f\u00f6r att ge en helhetsinriktad insats f\u00f6r h\u00e4stens v\u00e4lbefinnande.<br><br>L\u00e4s mer p\u00e5:\n<\/div><a class=\"bde-text-link-559-113 bde-text-link breakdance-link\" href=\"https:\/\/akupunkturforbundet.se\/\" target=\"_self\" data-type=\"url\">\n  Akupunkturf\u00f6rbundet\n\n<\/a><div class=\"bde-menu-559-121 bde-menu\">\n\n\n      \n        \n    <nav class=\"breakdance-menu breakdance-menu--collapse breakdance-menu--vertical\">\n    <button class=\"breakdance-menu-toggle breakdance-menu-toggle--squeeze\" type=\"button\" aria-label=\"Open Menu\" aria-expanded=\"false\" aria-controls=\"menu-121\">\n                  <span class=\"breakdance-menu-toggle-icon\">\n            <span class=\"breakdance-menu-toggle-lines\"><\/span>\n          <\/span>\n            <\/button>\n    \n  <ul class=\"breakdance-menu-list\" id=\"menu-121\">\n              \n  \n    <li class=\"bde-menu-dropdown-559-122 bde-menu-dropdown breakdance-menu-item\">\n<div class=\"breakdance-dropdown\">\n    <div class=\"breakdance-dropdown-toggle\">\n      \n              <button class=\"breakdance-menu-link\" type=\"button\" aria-expanded=\"false\" aria-controls=\"dropdown-122\" >\n          Andra behandlingar\n        <\/button>\n      \n      <button class=\"breakdance-menu-link-arrow\" type=\"button\" aria-expanded=\"false\" aria-controls=\"dropdown-122\" aria-label=\"Andra behandlingar Submenu\"><\/button>\n    <\/div>\n\n    <div class=\"breakdance-dropdown-floater\" aria-hidden=\"true\" id=\"dropdown-122\">\n        <div class=\"breakdance-dropdown-body\">\n              <div class=\"breakdance-dropdown-section breakdance-dropdown-section--\">\n    <div class=\"breakdance-dropdown-columns\">\n              <div class=\"breakdance-dropdown-column\">\n          \n          <ul class=\"breakdance-dropdown-links\">\n                                <li class=\"breakdance-dropdown-item\">\n            \n            \n            \n\n    \n    \n    \n    \n    \n    <a class=\"breakdance-link breakdance-dropdown-link\" href=\"https:\/\/nordicequicare.se\/en\/vara-hastbehandlingar\/massage-hast-stretch-myofacial-release\/\" target=\"_self\" data-type=\"url\"  >\n\n      \n      <span class=\"breakdance-dropdown-link__label\">\n                  <span class=\"breakdance-dropdown-link__text\">Massage, stretch, myofacial release<\/span>\n        \n              <\/span>\n        <\/a>\n\n  <\/li>\n\n                                <li class=\"breakdance-dropdown-item\">\n            \n            \n            \n\n    \n    \n    \n    \n    \n    <a class=\"breakdance-link breakdance-dropdown-link\" href=\"https:\/\/nordicequicare.se\/en\/vara-hastbehandlingar\/medicinsk-laserterapi\/\" target=\"_self\" data-type=\"url\"  >\n\n      \n      <span class=\"breakdance-dropdown-link__label\">\n                  <span class=\"breakdance-dropdown-link__text\">Medicinsk Laserterapi<\/span>\n        \n              <\/span>\n        <\/a>\n\n  <\/li>\n\n                                <li class=\"breakdance-dropdown-item\">\n            \n            \n            \n\n    \n    \n    \n    \n    \n    <a class=\"breakdance-link breakdance-dropdown-link\" href=\"https:\/\/nordicequicare.se\/en\/vara-hastbehandlingar\/medicinsk-elterapi\/\" target=\"_self\" data-type=\"url\"  >\n\n      \n      <span class=\"breakdance-dropdown-link__label\">\n                  <span class=\"breakdance-dropdown-link__text\">Medicinsk Elterapi<\/span>\n        \n              <\/span>\n        <\/a>\n\n  <\/li>\n\n                                <li class=\"breakdance-dropdown-item\">\n            \n            \n            \n\n    \n    \n    \n    \n    \n    <a class=\"breakdance-link breakdance-dropdown-link\" href=\"https:\/\/nordicequicare.se\/en\/vara-hastbehandlingar\/surefoot-balansterapi\/\" target=\"_self\" data-type=\"url\"  >\n\n      \n      <span class=\"breakdance-dropdown-link__label\">\n                  <span class=\"breakdance-dropdown-link__text\">SureFoot\u00ae balansterapi<\/span>\n        \n              <\/span>\n        <\/a>\n\n  <\/li>\n\n                                <li class=\"breakdance-dropdown-item\">\n            \n            \n            \n\n    \n    \n    \n    \n    \n    <a class=\"breakdance-link breakdance-dropdown-link\" href=\"https:\/\/nordicequicare.se\/en\/vara-hastbehandlingar\/equiband\/\" target=\"_self\" data-type=\"url\"  >\n\n      \n      <span class=\"breakdance-dropdown-link__label\">\n                  <span class=\"breakdance-dropdown-link__text\">Equiband<\/span>\n        \n              <\/span>\n        <\/a>\n\n  <\/li>\n\n                                <li class=\"breakdance-dropdown-item\">\n            \n            \n            \n\n    \n    \n    \n    \n    \n    <a class=\"breakdance-link breakdance-dropdown-link\" href=\"https:\/\/nordicequicare.se\/en\/vara-hastbehandlingar\/akupunktur\/\" target=\"_self\" data-type=\"url\"  >\n\n      \n      <span class=\"breakdance-dropdown-link__label\">\n                  <span class=\"breakdance-dropdown-link__text\">Akupunktur<\/span>\n        \n              <\/span>\n        <\/a>\n\n  <\/li>\n\n                      <\/ul>\n        <\/div>\n          <\/div>\n  <\/div>\n\n\n                    <\/div>\n    <\/div>\n<\/div>\n\n<\/li>\n  <\/ul>\n  <\/nav>\n\n\n<\/div>\n<\/div><\/div><\/div>\n<\/section>","protected":false},"excerpt":{"rendered":"<p>Akupunktur Boka behandlingen Akupunktur En akupunkturbehandling inneb\u00e4r att jag anv\u00e4nder tunna, sterila n\u00e5lar som placeras noggrant i specifika punkter. Dessa punkter v\u00e4ljer jag baserat p\u00e5 h\u00e4stens symptom, sjukdomshistoria och behandlingsm\u00e5l. Akupunktur kan ocks\u00e5 kombineras med andra tekniker, s\u00e5som elektrisk stimulering eller laserterapi, f\u00f6r att f\u00f6rst\u00e4rka effekten. Metoden kan anv\u00e4ndas f\u00f6r att behandla en m\u00e4ngd olika [&hellip;]<\/p>\n","protected":false},"author":1,"featured_media":0,"parent":550,"menu_order":0,"comment_status":"closed","ping_status":"closed","template":"","meta":{"_breakdance_hide_in_design_set":false,"_breakdance_tags":"","footnotes":""},"class_list":["post-559","page","type-page","status-publish","hentry"],"yoast_head":"<!-- This site is optimized with the Yoast SEO plugin v27.4 - https:\/\/yoast.com\/product\/yoast-seo-wordpress\/ -->\n<title>Akupunktur f\u00f6r h\u00e4star - Nordic Equicare<\/title>\n<meta name=\"description\" content=\"Akupunktur kan anv\u00e4ndas f\u00f6r att behandla en m\u00e4ngd olika tillst\u00e5nd och symptom, ofta i kombination med andra behandlingsmetoder.\" \/>\n<meta name=\"robots\" content=\"index, follow, max-snippet:-1, max-image-preview:large, max-video-preview:-1\" \/>\n<link rel=\"canonical\" href=\"https:\/\/nordicequicare.se\/en\/vara-hastbehandlingar\/akupunktur\/\" \/>\n<meta property=\"og:locale\" content=\"en_US\" \/>\n<meta property=\"og:type\" content=\"article\" \/>\n<meta property=\"og:title\" content=\"Akupunktur f\u00f6r h\u00e4star - Nordic Equicare\" \/>\n<meta property=\"og:description\" content=\"Akupunktur kan anv\u00e4ndas f\u00f6r att behandla en m\u00e4ngd olika tillst\u00e5nd och symptom, ofta i kombination med andra behandlingsmetoder.\" \/>\n<meta property=\"og:url\" content=\"https:\/\/nordicequicare.se\/en\/vara-hastbehandlingar\/akupunktur\/\" \/>\n<meta property=\"og:site_name\" content=\"Nordic Equicare\" \/>\n<meta property=\"article:publisher\" content=\"https:\/\/www.facebook.com\/nordicequicare\" \/>\n<meta property=\"article:modified_time\" content=\"2024-07-31T10:18:41+00:00\" \/>\n<meta property=\"og:image\" content=\"https:\/\/nordicequicare.se\/wp-content\/uploads\/2024\/07\/Anna_atretch1.webp\" \/>\n\t<meta property=\"og:image:width\" content=\"553\" \/>\n\t<meta property=\"og:image:height\" content=\"553\" \/>\n\t<meta property=\"og:image:type\" content=\"image\/webp\" \/>\n<meta name=\"twitter:card\" content=\"summary_large_image\" \/>\n<meta name=\"twitter:label1\" content=\"Est. reading time\" \/>\n\t<meta name=\"twitter:data1\" content=\"2 minutes\" \/>\n<script type=\"application\/ld+json\" class=\"yoast-schema-graph\">{\"@context\":\"https:\\\/\\\/schema.org\",\"@graph\":[{\"@type\":[\"Article\",\"BlogPosting\"],\"@id\":\"https:\\\/\\\/nordicequicare.se\\\/vara-hastbehandlingar\\\/akupunktur\\\/#article\",\"isPartOf\":{\"@id\":\"https:\\\/\\\/nordicequicare.se\\\/vara-hastbehandlingar\\\/akupunktur\\\/\"},\"author\":{\"name\":\"adamhagman\",\"@id\":\"https:\\\/\\\/nordicequicare.se\\\/#\\\/schema\\\/person\\\/bc523ae26af3ff7797b4d496aa7328c7\"},\"headline\":\"Akupunktur\",\"datePublished\":\"2023-07-12T06:45:58+00:00\",\"dateModified\":\"2024-07-31T10:18:41+00:00\",\"mainEntityOfPage\":{\"@id\":\"https:\\\/\\\/nordicequicare.se\\\/vara-hastbehandlingar\\\/akupunktur\\\/\"},\"wordCount\":1,\"publisher\":{\"@id\":\"https:\\\/\\\/nordicequicare.se\\\/#organization\"},\"inLanguage\":\"en-US\"},{\"@type\":\"WebPage\",\"@id\":\"https:\\\/\\\/nordicequicare.se\\\/vara-hastbehandlingar\\\/akupunktur\\\/\",\"url\":\"https:\\\/\\\/nordicequicare.se\\\/vara-hastbehandlingar\\\/akupunktur\\\/\",\"name\":\"Akupunktur f\u00f6r h\u00e4star - Nordic Equicare\",\"isPartOf\":{\"@id\":\"https:\\\/\\\/nordicequicare.se\\\/#website\"},\"datePublished\":\"2023-07-12T06:45:58+00:00\",\"dateModified\":\"2024-07-31T10:18:41+00:00\",\"description\":\"Akupunktur kan anv\u00e4ndas f\u00f6r att behandla en m\u00e4ngd olika tillst\u00e5nd och symptom, ofta i kombination med andra behandlingsmetoder.\",\"breadcrumb\":{\"@id\":\"https:\\\/\\\/nordicequicare.se\\\/vara-hastbehandlingar\\\/akupunktur\\\/#breadcrumb\"},\"inLanguage\":\"en-US\",\"potentialAction\":[{\"@type\":\"ReadAction\",\"target\":[\"https:\\\/\\\/nordicequicare.se\\\/vara-hastbehandlingar\\\/akupunktur\\\/\"]}]},{\"@type\":\"BreadcrumbList\",\"@id\":\"https:\\\/\\\/nordicequicare.se\\\/vara-hastbehandlingar\\\/akupunktur\\\/#breadcrumb\",\"itemListElement\":[{\"@type\":\"ListItem\",\"position\":1,\"name\":\"Hem\",\"item\":\"https:\\\/\\\/nordicequicare.se\\\/\"},{\"@type\":\"ListItem\",\"position\":2,\"name\":\"Mina h\u00e4stbehandlingar\",\"item\":\"https:\\\/\\\/nordicequicare.se\\\/vara-hastbehandlingar\\\/\"},{\"@type\":\"ListItem\",\"position\":3,\"name\":\"Akupunktur\"}]},{\"@type\":\"WebSite\",\"@id\":\"https:\\\/\\\/nordicequicare.se\\\/#website\",\"url\":\"https:\\\/\\\/nordicequicare.se\\\/\",\"name\":\"Nordic Equicare\",\"description\":\"Din equiterapeut i V\u00e4stmanland\",\"publisher\":{\"@id\":\"https:\\\/\\\/nordicequicare.se\\\/#organization\"},\"potentialAction\":[{\"@type\":\"SearchAction\",\"target\":{\"@type\":\"EntryPoint\",\"urlTemplate\":\"https:\\\/\\\/nordicequicare.se\\\/?s={search_term_string}\"},\"query-input\":{\"@type\":\"PropertyValueSpecification\",\"valueRequired\":true,\"valueName\":\"search_term_string\"}}],\"inLanguage\":\"en-US\"},{\"@type\":\"Organization\",\"@id\":\"https:\\\/\\\/nordicequicare.se\\\/#organization\",\"name\":\"Nordic Equicare\",\"url\":\"https:\\\/\\\/nordicequicare.se\\\/\",\"logo\":{\"@type\":\"ImageObject\",\"inLanguage\":\"en-US\",\"@id\":\"https:\\\/\\\/nordicequicare.se\\\/#\\\/schema\\\/logo\\\/image\\\/\",\"url\":\"https:\\\/\\\/nordicequicare.se\\\/wp-content\\\/uploads\\\/2023\\\/07\\\/gen_logo.png\",\"contentUrl\":\"https:\\\/\\\/nordicequicare.se\\\/wp-content\\\/uploads\\\/2023\\\/07\\\/gen_logo.png\",\"width\":500,\"height\":196,\"caption\":\"Nordic Equicare\"},\"image\":{\"@id\":\"https:\\\/\\\/nordicequicare.se\\\/#\\\/schema\\\/logo\\\/image\\\/\"},\"sameAs\":[\"https:\\\/\\\/www.facebook.com\\\/nordicequicare\",\"https:\\\/\\\/www.instagram.com\\\/nordicequicare\\\/\"]},{\"@type\":\"Person\",\"@id\":\"https:\\\/\\\/nordicequicare.se\\\/#\\\/schema\\\/person\\\/bc523ae26af3ff7797b4d496aa7328c7\",\"name\":\"adamhagman\",\"image\":{\"@type\":\"ImageObject\",\"inLanguage\":\"en-US\",\"@id\":\"https:\\\/\\\/secure.gravatar.com\\\/avatar\\\/0028a9544b7512c97252eaa2dcbd02f6c241d97eabc42833764f1198c3e15a9b?s=96&d=mm&r=g\",\"url\":\"https:\\\/\\\/secure.gravatar.com\\\/avatar\\\/0028a9544b7512c97252eaa2dcbd02f6c241d97eabc42833764f1198c3e15a9b?s=96&d=mm&r=g\",\"contentUrl\":\"https:\\\/\\\/secure.gravatar.com\\\/avatar\\\/0028a9544b7512c97252eaa2dcbd02f6c241d97eabc42833764f1198c3e15a9b?s=96&d=mm&r=g\",\"caption\":\"adamhagman\"},\"sameAs\":[\"https:\\\/\\\/nordicequicare.se\"],\"url\":\"https:\\\/\\\/nordicequicare.se\\\/en\\\/author\\\/adamhagman\\\/\"}]}<\/script>\n<!-- \/ Yoast SEO plugin. -->","yoast_head_json":{"title":"Akupunktur f\u00f6r h\u00e4star - Nordic Equicare","description":"Akupunktur kan anv\u00e4ndas f\u00f6r att behandla en m\u00e4ngd olika tillst\u00e5nd och symptom, ofta i kombination med andra behandlingsmetoder.","robots":{"index":"index","follow":"follow","max-snippet":"max-snippet:-1","max-image-preview":"max-image-preview:large","max-video-preview":"max-video-preview:-1"},"canonical":"https:\/\/nordicequicare.se\/en\/vara-hastbehandlingar\/akupunktur\/","og_locale":"en_US","og_type":"article","og_title":"Akupunktur f\u00f6r h\u00e4star - Nordic Equicare","og_description":"Akupunktur kan anv\u00e4ndas f\u00f6r att behandla en m\u00e4ngd olika tillst\u00e5nd och symptom, ofta i kombination med andra behandlingsmetoder.","og_url":"https:\/\/nordicequicare.se\/en\/vara-hastbehandlingar\/akupunktur\/","og_site_name":"Nordic Equicare","article_publisher":"https:\/\/www.facebook.com\/nordicequicare","article_modified_time":"2024-07-31T10:18:41+00:00","og_image":[{"width":553,"height":553,"url":"https:\/\/nordicequicare.se\/wp-content\/uploads\/2024\/07\/Anna_atretch1.webp","type":"image\/webp"}],"twitter_card":"summary_large_image","twitter_misc":{"Est. reading time":"2 minutes"},"schema":{"@context":"https:\/\/schema.org","@graph":[{"@type":["Article","BlogPosting"],"@id":"https:\/\/nordicequicare.se\/vara-hastbehandlingar\/akupunktur\/#article","isPartOf":{"@id":"https:\/\/nordicequicare.se\/vara-hastbehandlingar\/akupunktur\/"},"author":{"name":"adamhagman","@id":"https:\/\/nordicequicare.se\/#\/schema\/person\/bc523ae26af3ff7797b4d496aa7328c7"},"headline":"Akupunktur","datePublished":"2023-07-12T06:45:58+00:00","dateModified":"2024-07-31T10:18:41+00:00","mainEntityOfPage":{"@id":"https:\/\/nordicequicare.se\/vara-hastbehandlingar\/akupunktur\/"},"wordCount":1,"publisher":{"@id":"https:\/\/nordicequicare.se\/#organization"},"inLanguage":"en-US"},{"@type":"WebPage","@id":"https:\/\/nordicequicare.se\/vara-hastbehandlingar\/akupunktur\/","url":"https:\/\/nordicequicare.se\/vara-hastbehandlingar\/akupunktur\/","name":"Akupunktur f\u00f6r h\u00e4star - Nordic Equicare","isPartOf":{"@id":"https:\/\/nordicequicare.se\/#website"},"datePublished":"2023-07-12T06:45:58+00:00","dateModified":"2024-07-31T10:18:41+00:00","description":"Akupunktur kan anv\u00e4ndas f\u00f6r att behandla en m\u00e4ngd olika tillst\u00e5nd och symptom, ofta i kombination med andra behandlingsmetoder.","breadcrumb":{"@id":"https:\/\/nordicequicare.se\/vara-hastbehandlingar\/akupunktur\/#breadcrumb"},"inLanguage":"en-US","potentialAction":[{"@type":"ReadAction","target":["https:\/\/nordicequicare.se\/vara-hastbehandlingar\/akupunktur\/"]}]},{"@type":"BreadcrumbList","@id":"https:\/\/nordicequicare.se\/vara-hastbehandlingar\/akupunktur\/#breadcrumb","itemListElement":[{"@type":"ListItem","position":1,"name":"Hem","item":"https:\/\/nordicequicare.se\/"},{"@type":"ListItem","position":2,"name":"Mina h\u00e4stbehandlingar","item":"https:\/\/nordicequicare.se\/vara-hastbehandlingar\/"},{"@type":"ListItem","position":3,"name":"Akupunktur"}]},{"@type":"WebSite","@id":"https:\/\/nordicequicare.se\/#website","url":"https:\/\/nordicequicare.se\/","name":"Nordic Equicare","description":"Din equiterapeut i V\u00e4stmanland","publisher":{"@id":"https:\/\/nordicequicare.se\/#organization"},"potentialAction":[{"@type":"SearchAction","target":{"@type":"EntryPoint","urlTemplate":"https:\/\/nordicequicare.se\/?s={search_term_string}"},"query-input":{"@type":"PropertyValueSpecification","valueRequired":true,"valueName":"search_term_string"}}],"inLanguage":"en-US"},{"@type":"Organization","@id":"https:\/\/nordicequicare.se\/#organization","name":"Nordic Equicare","url":"https:\/\/nordicequicare.se\/","logo":{"@type":"ImageObject","inLanguage":"en-US","@id":"https:\/\/nordicequicare.se\/#\/schema\/logo\/image\/","url":"https:\/\/nordicequicare.se\/wp-content\/uploads\/2023\/07\/gen_logo.png","contentUrl":"https:\/\/nordicequicare.se\/wp-content\/uploads\/2023\/07\/gen_logo.png","width":500,"height":196,"caption":"Nordic Equicare"},"image":{"@id":"https:\/\/nordicequicare.se\/#\/schema\/logo\/image\/"},"sameAs":["https:\/\/www.facebook.com\/nordicequicare","https:\/\/www.instagram.com\/nordicequicare\/"]},{"@type":"Person","@id":"https:\/\/nordicequicare.se\/#\/schema\/person\/bc523ae26af3ff7797b4d496aa7328c7","name":"adamhagman","image":{"@type":"ImageObject","inLanguage":"en-US","@id":"https:\/\/secure.gravatar.com\/avatar\/0028a9544b7512c97252eaa2dcbd02f6c241d97eabc42833764f1198c3e15a9b?s=96&d=mm&r=g","url":"https:\/\/secure.gravatar.com\/avatar\/0028a9544b7512c97252eaa2dcbd02f6c241d97eabc42833764f1198c3e15a9b?s=96&d=mm&r=g","contentUrl":"https:\/\/secure.gravatar.com\/avatar\/0028a9544b7512c97252eaa2dcbd02f6c241d97eabc42833764f1198c3e15a9b?s=96&d=mm&r=g","caption":"adamhagman"},"sameAs":["https:\/\/nordicequicare.se"],"url":"https:\/\/nordicequicare.se\/en\/author\/adamhagman\/"}]}},"_links":{"self":[{"href":"https:\/\/nordicequicare.se\/en\/wp-json\/wp\/v2\/pages\/559","targetHints":{"allow":["GET"]}}],"collection":[{"href":"https:\/\/nordicequicare.se\/en\/wp-json\/wp\/v2\/pages"}],"about":[{"href":"https:\/\/nordicequicare.se\/en\/wp-json\/wp\/v2\/types\/page"}],"author":[{"embeddable":true,"href":"https:\/\/nordicequicare.se\/en\/wp-json\/wp\/v2\/users\/1"}],"replies":[{"embeddable":true,"href":"https:\/\/nordicequicare.se\/en\/wp-json\/wp\/v2\/comments?post=559"}],"version-history":[{"count":9,"href":"https:\/\/nordicequicare.se\/en\/wp-json\/wp\/v2\/pages\/559\/revisions"}],"predecessor-version":[{"id":1801,"href":"https:\/\/nordicequicare.se\/en\/wp-json\/wp\/v2\/pages\/559\/revisions\/1801"}],"up":[{"embeddable":true,"href":"https:\/\/nordicequicare.se\/en\/wp-json\/wp\/v2\/pages\/550"}],"wp:attachment":[{"href":"https:\/\/nordicequicare.se\/en\/wp-json\/wp\/v2\/media?parent=559"}],"curies":[{"name":"wp","href":"https:\/\/api.w.org\/{rel}","templated":true}]}}