{"id":557,"date":"2023-07-12T08:45:21","date_gmt":"2023-07-12T06:45:21","guid":{"rendered":"https:\/\/nordicequicare.se\/?page_id=557"},"modified":"2026-02-18T20:38:19","modified_gmt":"2026-02-18T19:38:19","slug":"surefoot-balansterapi","status":"publish","type":"page","link":"https:\/\/nordicequicare.se\/en\/vara-hastbehandlingar\/surefoot-balansterapi\/","title":{"rendered":"SureFoot\u00ae balansterapi"},"content":{"rendered":"<section class=\"bde-section-557-100 bde-section\">\n              \n  \n  \n\t\n\n  <div class=\"section-background-overlay\"><\/div>\n\n\n<div class=\"section-container\"><div class=\"bde-image-557-101 bde-image\" data-parallax=\"true\">\n<figure class=\"breakdance-image breakdance-image--496\">\n\t<div class=\"breakdance-image-container\">\n\t\t<div class=\"breakdance-image-clip\"><img decoding=\"async\" class=\"breakdance-image-object\" src=\"https:\/\/nordicequicare.se\/wp-content\/uploads\/2023\/07\/HeroImage2-scaled.jpg\" width=\"2560\" height=\"1458\" srcset=\"https:\/\/nordicequicare.se\/wp-content\/uploads\/2023\/07\/HeroImage2-scaled.jpg 2560w, https:\/\/nordicequicare.se\/wp-content\/uploads\/2023\/07\/HeroImage2-300x171.jpg 300w, https:\/\/nordicequicare.se\/wp-content\/uploads\/2023\/07\/HeroImage2-1024x583.jpg 1024w, https:\/\/nordicequicare.se\/wp-content\/uploads\/2023\/07\/HeroImage2-768x437.jpg 768w, https:\/\/nordicequicare.se\/wp-content\/uploads\/2023\/07\/HeroImage2-1536x875.jpg 1536w, https:\/\/nordicequicare.se\/wp-content\/uploads\/2023\/07\/HeroImage2-2048x1166.jpg 2048w, https:\/\/nordicequicare.se\/wp-content\/uploads\/2023\/07\/HeroImage2-600x342.jpg 600w\" sizes=\"auto, (max-width: 2560px) 100vw, 2560px\" loading=\"lazy\"><\/div>\n\t<\/div><\/figure>\n\n<\/div><h1 class=\"bde-heading-557-102 bde-heading\">\nSureFoot\u00ae balansterapi\n<\/h1><\/div>\n<\/section><section class=\"bde-section-557-103 bde-section\">\n  \n  \n\t\n\n\n\n<div class=\"section-container\"><div class=\"bde-columns-557-104 bde-columns\"><div class=\"bde-column-557-105 bde-column\">\n  \n  \n\t\n\n\n\n<div class=\"bde-image-557-106 bde-image\">\n<figure class=\"breakdance-image breakdance-image--1484\">\n\t<div class=\"breakdance-image-container\">\n\t\t<div class=\"breakdance-image-clip\"><img decoding=\"async\" class=\"breakdance-image-object\" src=\"https:\/\/nordicequicare.se\/wp-content\/uploads\/2023\/10\/medium-pads.jpg\" width=\"1200\" height=\"800\" srcset=\"https:\/\/nordicequicare.se\/wp-content\/uploads\/2023\/10\/medium-pads.jpg 1200w, https:\/\/nordicequicare.se\/wp-content\/uploads\/2023\/10\/medium-pads-300x200.jpg 300w, https:\/\/nordicequicare.se\/wp-content\/uploads\/2023\/10\/medium-pads-1024x683.jpg 1024w, https:\/\/nordicequicare.se\/wp-content\/uploads\/2023\/10\/medium-pads-768x512.jpg 768w, https:\/\/nordicequicare.se\/wp-content\/uploads\/2023\/10\/medium-pads-600x400.jpg 600w\" sizes=\"auto, (max-width: 1200px) 100vw, 1200px\" alt=\"Surefoot medium pads\" loading=\"lazy\"><\/div>\n\t<\/div><\/figure>\n\n<\/div><div class=\"bde-button-557-107 bde-button\">\n        \n    \n    \n    \n    \n            \n                    \n            \n            \n\n    \n    \n    \n    \n    \n    <a class=\"breakdance-link button-atom button-atom--primary bde-button__button\" href=\"https:\/\/nordicequicare.se\/en\/kontakt\/\" target=\"_self\" data-type=\"url\"  >\n\n    \n        <span class=\"button-atom__text\">Boka behandlingen<\/span>\n\n        \n        \n                <\/a>\n\n    \n\n\n<\/div><div class=\"bde-button-557-108 bde-button\">\n        \n    \n    \n    \n    \n            \n                    \n            \n            \n\n    \n    \n    \n    \n    \n    <a class=\"breakdance-link button-atom button-atom--secondary bde-button__button\" href=\"https:\/\/nordicequicare.se\/en\/shop\/\" target=\"_self\" data-type=\"url\"  >\n\n    \n        <span class=\"button-atom__text\">Shoppa SUREFOOT<\/span>\n\n        \n        \n                <\/a>\n\n    \n\n\n<\/div>\n<\/div><div class=\"bde-column-557-109 bde-column\">\n  \n  \n\t\n\n\n\n<h2 class=\"bde-heading-557-110 bde-heading\">\nSureFoot\u00ae balansterapi\n<\/h2><div class=\"bde-text-557-111 bde-text\">\nSureFoot\u00ae Equine pad \u00e4r balansplatta som jag kom i kontakt med redan f\u00f6r 3 \u00e5r sedan. Jag tyckte det var mycket sp\u00e4nnande och efter att ha sett resultat p\u00e5 flertalet h\u00e4star s\u00e5 best\u00e4mde jag mig f\u00f6r att ta kontakt med Wendy Murdoch, som \u00e4r upphovskvinnan till dessa produkter, f\u00f6r att p\u00e5 r\u00e4tt s\u00e4tt kunna erbjuda denna terapi till mina kunder.<br><br>Nu har jag inlett ett n\u00e4ra samarbete med Wendy och kan jag \u00e4ntligen erbjuda plattorna p\u00e5 min sida. Flera av mina kunder har redan f\u00e5tt prova p\u00e5 dem och \u00e4ven om jag har jobbat med dem tidigare, har jag nu f\u00e5tt f\u00f6rdjupad kunskap baserad originalet av sj\u00e4lvaste Wendy.<br><br>Nu kan jag l\u00e4gga upp program fler \u00f6vningar och tillv\u00e4gag\u00e5ngss\u00e4tt att jobba med. S\u00e5 vad kan SureFoot g\u00f6ra f\u00f6r dig och din h\u00e4st? Svaret \u00e4r massor! Kort f\u00f6rklarat utmanar plattorna h\u00e4stens vanliga h\u00e5llning samtidigt som de:<br><br>Aktiverar och \u00e5terst\u00e4ller proprioceptionen.<br>Kr\u00e5ngligt ord kanske, men enkelt f\u00f6rklarat \u00e4r det r\u00f6relse- och positionssinnet. Allts\u00e5 det sinnet som s\u00e4ger oss hur v\u00e5r kropp och kroppens delar, som tex armar och ben, r\u00f6r sig eller f\u00f6r sig. Det h\u00e4r \u00e4r otroligt intressant och v\u00e4ldigt viktigt och jag kommer g\u00e5 in mer p\u00e5 det l\u00e4ngre ned f\u00f6r de som vill n\u00f6rda ner sig.<br>Stimulerar fashian.<br>Fashia \u00e4r n\u00e4tverk av bindv\u00e4v som omsluter i storts\u00e4tt hela kroppen som muskler, skelett, organ<br>Skapar release av neurokemikalier som lugnar de flesta h\u00e4star<br>Detta resulterar i f\u00f6rb\u00e4ttrad r\u00f6relse, \u00e5terst\u00e4llning av funktion, f\u00f6rm\u00e5gan att t\u00e4nka sist f\u00f6r att reagera.<br>Effekterna av SureFoot balansplatta varar mycket l\u00e4ngre \u00e4n sj\u00e4lva sessionen och resulterar i f\u00f6rb\u00e4ttrad muskeltonus, h\u00e5llning, b\u00e5lstabilitet, b\u00e4ttre sj\u00e4lvf\u00f6rtroende, lugnare sinne, f\u00f6rb\u00e4ttrad performance, hj\u00e4lper till i l\u00f6sningar i tr\u00e4ning och b\u00e4ttre inl\u00e4rningsf\u00f6rm\u00e5ga.\n<\/div><h4 class=\"bde-heading-557-117 bde-heading\">\nThis is a heading.\n<\/h4><div class=\"bde-text-557-113 bde-text\">\nF\u00f6r att f\u00f6rst\u00e5 hur SureFoot- balansplattorna fungerar, m\u00e5ste man f\u00f6rst\u00e5 proprioception, vilket \u00e4r sinnesintryck som uppst\u00e5r till f\u00f6ljd av f\u00f6r\u00e4ndringar\/aktivitet i r\u00f6relse- och balansorganen.<br><br>Det proprioceptiva informationsfl\u00f6det \u00e4r n\u00f6dv\u00e4ndig f\u00f6r att hj\u00e4rnan skall kunna:\n<\/div><div class=\"bde-rich-text-557-119 bde-rich-text breakdance-rich-text-styles\">\n<ul><li><p>uppfatta och hantera ben, b\u00e5l, hals och huvud som en sammanh\u00e4ngande enhet<\/p><\/li><li><p>avg\u00f6ra om huvud och resten av kroppen f\u00f6r\u00e4ndrar sin hastighet och sitt l\u00e4ge i f\u00f6rh\u00e5llande till jordens dragningskraft (gravitationen)<\/p><\/li><li><p>avg\u00f6ra var i rummet\/rymden de olika kroppsdelarna befinner sig och hur de r\u00f6r sig i f\u00f6rh\u00e5llande till varandra<\/p><\/li><li><p>uppfatta kraftutvecklingen i de olika musklerna<\/p><\/li><li><p>kontrollera att de r\u00f6relseprogram som h\u00e5ller p\u00e5 att verkst\u00e4llas verkligen genomf\u00f6rs p\u00e5 det planerade s\u00e4ttet och om s\u00e5 beh\u00f6vs utl\u00f6sa de n\u00f6dv\u00e4ndiga korrektionerna.<\/p><\/li><\/ul>\n<\/div><div class=\"bde-text-557-120 bde-text\">\nGenom att h\u00e4sten st\u00e5r p\u00e5 de speciella balansplattorna, aktiveras och \u201comprogrammeras\u201d det proprioreceptiva informationsfl\u00f6det. Resultatet blir en h\u00e4st med r\u00e4tt balans ofta uppfattar man de som \u201chelt ny h\u00e4st\u201d\n<\/div><a class=\"bde-text-link-557-121 bde-text-link breakdance-link\" href=\"https:\/\/www.surefootequine.com\/contact\/about-us\" target=\"_self\" data-type=\"url\">\n  L\u00e4s mer om Wendy Murdoch\n\n<\/a><div class=\"bde-menu-557-122 bde-menu\">\n\n\n      \n        \n    <nav class=\"breakdance-menu breakdance-menu--collapse breakdance-menu--vertical\">\n    <button class=\"breakdance-menu-toggle breakdance-menu-toggle--squeeze\" type=\"button\" aria-label=\"Open Menu\" aria-expanded=\"false\" aria-controls=\"menu-122\">\n                  <span class=\"breakdance-menu-toggle-icon\">\n            <span class=\"breakdance-menu-toggle-lines\"><\/span>\n          <\/span>\n            <\/button>\n    \n  <ul class=\"breakdance-menu-list\" id=\"menu-122\">\n              \n  \n    <li class=\"bde-menu-dropdown-557-123 bde-menu-dropdown breakdance-menu-item\">\n<div class=\"breakdance-dropdown\">\n    <div class=\"breakdance-dropdown-toggle\">\n      \n              <button class=\"breakdance-menu-link\" type=\"button\" aria-expanded=\"false\" aria-controls=\"dropdown-123\" >\n          Andra behandlingar\n        <\/button>\n      \n      <button class=\"breakdance-menu-link-arrow\" type=\"button\" aria-expanded=\"false\" aria-controls=\"dropdown-123\" aria-label=\"Andra behandlingar Submenu\"><\/button>\n    <\/div>\n\n    <div class=\"breakdance-dropdown-floater\" aria-hidden=\"true\" id=\"dropdown-123\">\n        <div class=\"breakdance-dropdown-body\">\n              <div class=\"breakdance-dropdown-section breakdance-dropdown-section--\">\n    <div class=\"breakdance-dropdown-columns\">\n              <div class=\"breakdance-dropdown-column\">\n          \n          <ul class=\"breakdance-dropdown-links\">\n                                <li class=\"breakdance-dropdown-item\">\n            \n            \n            \n\n    \n    \n    \n    \n    \n    <a class=\"breakdance-link breakdance-dropdown-link\" href=\"https:\/\/nordicequicare.se\/en\/vara-hastbehandlingar\/massage-hast-stretch-myofacial-release\/\" target=\"_self\" data-type=\"url\"  >\n\n      \n      <span class=\"breakdance-dropdown-link__label\">\n                  <span class=\"breakdance-dropdown-link__text\">Massage, stretch, myofacial release<\/span>\n        \n              <\/span>\n        <\/a>\n\n  <\/li>\n\n                                <li class=\"breakdance-dropdown-item\">\n            \n            \n            \n\n    \n    \n    \n    \n    \n    <a class=\"breakdance-link breakdance-dropdown-link\" href=\"https:\/\/nordicequicare.se\/en\/vara-hastbehandlingar\/medicinsk-laserterapi\/\" target=\"_self\" data-type=\"url\"  >\n\n      \n      <span class=\"breakdance-dropdown-link__label\">\n                  <span class=\"breakdance-dropdown-link__text\">Medicinsk Laserterapi<\/span>\n        \n              <\/span>\n        <\/a>\n\n  <\/li>\n\n                                <li class=\"breakdance-dropdown-item\">\n            \n            \n            \n\n    \n    \n    \n    \n    \n    <a class=\"breakdance-link breakdance-dropdown-link\" href=\"https:\/\/nordicequicare.se\/en\/vara-hastbehandlingar\/medicinsk-elterapi\/\" target=\"_self\" data-type=\"url\"  >\n\n      \n      <span class=\"breakdance-dropdown-link__label\">\n                  <span class=\"breakdance-dropdown-link__text\">Medicinsk Elterapi<\/span>\n        \n              <\/span>\n        <\/a>\n\n  <\/li>\n\n                                <li class=\"breakdance-dropdown-item\">\n            \n            \n            \n\n    \n    \n    \n    \n    \n    <a class=\"breakdance-link breakdance-dropdown-link\" href=\"https:\/\/nordicequicare.se\/en\/vara-hastbehandlingar\/surefoot-balansterapi\/\" target=\"_self\" data-type=\"url\"  >\n\n      \n      <span class=\"breakdance-dropdown-link__label\">\n                  <span class=\"breakdance-dropdown-link__text\">SureFoot\u00ae balansterapi<\/span>\n        \n              <\/span>\n        <\/a>\n\n  <\/li>\n\n                                <li class=\"breakdance-dropdown-item\">\n            \n            \n            \n\n    \n    \n    \n    \n    \n    <a class=\"breakdance-link breakdance-dropdown-link\" href=\"https:\/\/nordicequicare.se\/en\/vara-hastbehandlingar\/equiband\/\" target=\"_self\" data-type=\"url\"  >\n\n      \n      <span class=\"breakdance-dropdown-link__label\">\n                  <span class=\"breakdance-dropdown-link__text\">Equiband<\/span>\n        \n              <\/span>\n        <\/a>\n\n  <\/li>\n\n                                <li class=\"breakdance-dropdown-item\">\n            \n            \n            \n\n    \n    \n    \n    \n    \n    <a class=\"breakdance-link breakdance-dropdown-link\" href=\"https:\/\/nordicequicare.se\/en\/vara-hastbehandlingar\/akupunktur\/\" target=\"_self\" data-type=\"url\"  >\n\n      \n      <span class=\"breakdance-dropdown-link__label\">\n                  <span class=\"breakdance-dropdown-link__text\">Akupunktur<\/span>\n        \n              <\/span>\n        <\/a>\n\n  <\/li>\n\n                      <\/ul>\n        <\/div>\n          <\/div>\n  <\/div>\n\n\n                    <\/div>\n    <\/div>\n<\/div>\n\n<\/li>\n  <\/ul>\n  <\/nav>\n\n\n<\/div>\n<\/div><\/div><\/div>\n<\/section>","protected":false},"excerpt":{"rendered":"<p>SureFoot\u00ae balansterapi Boka behandlingen Shoppa SUREFOOT SureFoot\u00ae balansterapi SureFoot\u00ae Equine pad \u00e4r balansplatta som jag kom i kontakt med redan f\u00f6r 3 \u00e5r sedan. Jag tyckte det var mycket sp\u00e4nnande och efter att ha sett resultat p\u00e5 flertalet h\u00e4star s\u00e5 best\u00e4mde jag mig f\u00f6r att ta kontakt med Wendy Murdoch, som \u00e4r upphovskvinnan till dessa [&hellip;]<\/p>\n","protected":false},"author":1,"featured_media":0,"parent":550,"menu_order":0,"comment_status":"closed","ping_status":"closed","template":"","meta":{"_breakdance_hide_in_design_set":false,"_breakdance_tags":"","footnotes":""},"class_list":["post-557","page","type-page","status-publish","hentry"],"yoast_head":"<!-- This site is optimized with the Yoast SEO plugin v27.5 - https:\/\/yoast.com\/product\/yoast-seo-wordpress\/ -->\n<title>Balansplatta fr\u00e5n SureFoot\u00ae balansterapi f\u00f6r h\u00e4star - Nordic Equicare - K\u00f6p nu!<\/title>\n<meta name=\"description\" content=\"Balansplatta i fysioterapi l\u00e4r h\u00e4sten att aktivera och &quot;omprogrammera&quot; h\u00e4stens proprioreceptiva informationsfl\u00f6de.\" \/>\n<meta name=\"robots\" content=\"index, follow, max-snippet:-1, max-image-preview:large, max-video-preview:-1\" \/>\n<link rel=\"canonical\" href=\"https:\/\/nordicequicare.se\/en\/vara-hastbehandlingar\/surefoot-balansterapi\/\" \/>\n<meta property=\"og:locale\" content=\"en_US\" \/>\n<meta property=\"og:type\" content=\"article\" \/>\n<meta property=\"og:title\" content=\"Balansplatta fr\u00e5n SureFoot\u00ae balansterapi f\u00f6r h\u00e4star - Nordic Equicare - K\u00f6p nu!\" \/>\n<meta property=\"og:description\" content=\"Balansplatta i fysioterapi l\u00e4r h\u00e4sten att aktivera och &quot;omprogrammera&quot; h\u00e4stens proprioreceptiva informationsfl\u00f6de.\" \/>\n<meta property=\"og:url\" content=\"https:\/\/nordicequicare.se\/en\/vara-hastbehandlingar\/surefoot-balansterapi\/\" \/>\n<meta property=\"og:site_name\" content=\"Nordic Equicare\" \/>\n<meta property=\"article:publisher\" content=\"https:\/\/www.facebook.com\/nordicequicare\" \/>\n<meta property=\"article:modified_time\" content=\"2026-02-18T19:38:19+00:00\" \/>\n<meta property=\"og:image\" content=\"https:\/\/nordicequicare.se\/wp-content\/uploads\/2024\/07\/Anna_atretch1.webp\" \/>\n\t<meta property=\"og:image:width\" content=\"553\" \/>\n\t<meta property=\"og:image:height\" content=\"553\" \/>\n\t<meta property=\"og:image:type\" content=\"image\/webp\" \/>\n<meta name=\"twitter:card\" content=\"summary_large_image\" \/>\n<meta name=\"twitter:label1\" content=\"Est. reading time\" \/>\n\t<meta name=\"twitter:data1\" content=\"3 minutes\" \/>\n<script type=\"application\/ld+json\" class=\"yoast-schema-graph\">{\"@context\":\"https:\\\/\\\/schema.org\",\"@graph\":[{\"@type\":[\"Article\",\"BlogPosting\"],\"@id\":\"https:\\\/\\\/nordicequicare.se\\\/vara-hastbehandlingar\\\/surefoot-balansterapi\\\/#article\",\"isPartOf\":{\"@id\":\"https:\\\/\\\/nordicequicare.se\\\/vara-hastbehandlingar\\\/surefoot-balansterapi\\\/\"},\"author\":{\"name\":\"adamhagman\",\"@id\":\"https:\\\/\\\/nordicequicare.se\\\/#\\\/schema\\\/person\\\/bc523ae26af3ff7797b4d496aa7328c7\"},\"headline\":\"SureFoot\u00ae balansterapi\",\"datePublished\":\"2023-07-12T06:45:21+00:00\",\"dateModified\":\"2026-02-18T19:38:19+00:00\",\"mainEntityOfPage\":{\"@id\":\"https:\\\/\\\/nordicequicare.se\\\/vara-hastbehandlingar\\\/surefoot-balansterapi\\\/\"},\"wordCount\":2,\"publisher\":{\"@id\":\"https:\\\/\\\/nordicequicare.se\\\/#organization\"},\"inLanguage\":\"en-US\"},{\"@type\":\"WebPage\",\"@id\":\"https:\\\/\\\/nordicequicare.se\\\/vara-hastbehandlingar\\\/surefoot-balansterapi\\\/\",\"url\":\"https:\\\/\\\/nordicequicare.se\\\/vara-hastbehandlingar\\\/surefoot-balansterapi\\\/\",\"name\":\"Balansplatta fr\u00e5n SureFoot\u00ae balansterapi f\u00f6r h\u00e4star - Nordic Equicare - K\u00f6p nu!\",\"isPartOf\":{\"@id\":\"https:\\\/\\\/nordicequicare.se\\\/#website\"},\"datePublished\":\"2023-07-12T06:45:21+00:00\",\"dateModified\":\"2026-02-18T19:38:19+00:00\",\"description\":\"Balansplatta i fysioterapi l\u00e4r h\u00e4sten att aktivera och \\\"omprogrammera\\\" h\u00e4stens proprioreceptiva informationsfl\u00f6de.\",\"breadcrumb\":{\"@id\":\"https:\\\/\\\/nordicequicare.se\\\/vara-hastbehandlingar\\\/surefoot-balansterapi\\\/#breadcrumb\"},\"inLanguage\":\"en-US\",\"potentialAction\":[{\"@type\":\"ReadAction\",\"target\":[\"https:\\\/\\\/nordicequicare.se\\\/vara-hastbehandlingar\\\/surefoot-balansterapi\\\/\"]}]},{\"@type\":\"BreadcrumbList\",\"@id\":\"https:\\\/\\\/nordicequicare.se\\\/vara-hastbehandlingar\\\/surefoot-balansterapi\\\/#breadcrumb\",\"itemListElement\":[{\"@type\":\"ListItem\",\"position\":1,\"name\":\"Hem\",\"item\":\"https:\\\/\\\/nordicequicare.se\\\/\"},{\"@type\":\"ListItem\",\"position\":2,\"name\":\"Mina h\u00e4stbehandlingar\",\"item\":\"https:\\\/\\\/nordicequicare.se\\\/vara-hastbehandlingar\\\/\"},{\"@type\":\"ListItem\",\"position\":3,\"name\":\"SureFoot\u00ae balansterapi\"}]},{\"@type\":\"WebSite\",\"@id\":\"https:\\\/\\\/nordicequicare.se\\\/#website\",\"url\":\"https:\\\/\\\/nordicequicare.se\\\/\",\"name\":\"Nordic Equicare\",\"description\":\"Din equiterapeut i V\u00e4stmanland\",\"publisher\":{\"@id\":\"https:\\\/\\\/nordicequicare.se\\\/#organization\"},\"potentialAction\":[{\"@type\":\"SearchAction\",\"target\":{\"@type\":\"EntryPoint\",\"urlTemplate\":\"https:\\\/\\\/nordicequicare.se\\\/?s={search_term_string}\"},\"query-input\":{\"@type\":\"PropertyValueSpecification\",\"valueRequired\":true,\"valueName\":\"search_term_string\"}}],\"inLanguage\":\"en-US\"},{\"@type\":\"Organization\",\"@id\":\"https:\\\/\\\/nordicequicare.se\\\/#organization\",\"name\":\"Nordic Equicare\",\"url\":\"https:\\\/\\\/nordicequicare.se\\\/\",\"logo\":{\"@type\":\"ImageObject\",\"inLanguage\":\"en-US\",\"@id\":\"https:\\\/\\\/nordicequicare.se\\\/#\\\/schema\\\/logo\\\/image\\\/\",\"url\":\"https:\\\/\\\/nordicequicare.se\\\/wp-content\\\/uploads\\\/2023\\\/07\\\/gen_logo.png\",\"contentUrl\":\"https:\\\/\\\/nordicequicare.se\\\/wp-content\\\/uploads\\\/2023\\\/07\\\/gen_logo.png\",\"width\":500,\"height\":196,\"caption\":\"Nordic Equicare\"},\"image\":{\"@id\":\"https:\\\/\\\/nordicequicare.se\\\/#\\\/schema\\\/logo\\\/image\\\/\"},\"sameAs\":[\"https:\\\/\\\/www.facebook.com\\\/nordicequicare\",\"https:\\\/\\\/www.instagram.com\\\/nordicequicare\\\/\"]},{\"@type\":\"Person\",\"@id\":\"https:\\\/\\\/nordicequicare.se\\\/#\\\/schema\\\/person\\\/bc523ae26af3ff7797b4d496aa7328c7\",\"name\":\"adamhagman\",\"image\":{\"@type\":\"ImageObject\",\"inLanguage\":\"en-US\",\"@id\":\"https:\\\/\\\/secure.gravatar.com\\\/avatar\\\/0028a9544b7512c97252eaa2dcbd02f6c241d97eabc42833764f1198c3e15a9b?s=96&d=mm&r=g\",\"url\":\"https:\\\/\\\/secure.gravatar.com\\\/avatar\\\/0028a9544b7512c97252eaa2dcbd02f6c241d97eabc42833764f1198c3e15a9b?s=96&d=mm&r=g\",\"contentUrl\":\"https:\\\/\\\/secure.gravatar.com\\\/avatar\\\/0028a9544b7512c97252eaa2dcbd02f6c241d97eabc42833764f1198c3e15a9b?s=96&d=mm&r=g\",\"caption\":\"adamhagman\"},\"sameAs\":[\"https:\\\/\\\/nordicequicare.se\"],\"url\":\"https:\\\/\\\/nordicequicare.se\\\/en\\\/author\\\/adamhagman\\\/\"}]}<\/script>\n<!-- \/ Yoast SEO plugin. -->","yoast_head_json":{"title":"Balansplatta fr\u00e5n SureFoot\u00ae balansterapi f\u00f6r h\u00e4star - Nordic Equicare - K\u00f6p nu!","description":"Balansplatta i fysioterapi l\u00e4r h\u00e4sten att aktivera och \"omprogrammera\" h\u00e4stens proprioreceptiva informationsfl\u00f6de.","robots":{"index":"index","follow":"follow","max-snippet":"max-snippet:-1","max-image-preview":"max-image-preview:large","max-video-preview":"max-video-preview:-1"},"canonical":"https:\/\/nordicequicare.se\/en\/vara-hastbehandlingar\/surefoot-balansterapi\/","og_locale":"en_US","og_type":"article","og_title":"Balansplatta fr\u00e5n SureFoot\u00ae balansterapi f\u00f6r h\u00e4star - Nordic Equicare - K\u00f6p nu!","og_description":"Balansplatta i fysioterapi l\u00e4r h\u00e4sten att aktivera och \"omprogrammera\" h\u00e4stens proprioreceptiva informationsfl\u00f6de.","og_url":"https:\/\/nordicequicare.se\/en\/vara-hastbehandlingar\/surefoot-balansterapi\/","og_site_name":"Nordic Equicare","article_publisher":"https:\/\/www.facebook.com\/nordicequicare","article_modified_time":"2026-02-18T19:38:19+00:00","og_image":[{"width":553,"height":553,"url":"https:\/\/nordicequicare.se\/wp-content\/uploads\/2024\/07\/Anna_atretch1.webp","type":"image\/webp"}],"twitter_card":"summary_large_image","twitter_misc":{"Est. reading time":"3 minutes"},"schema":{"@context":"https:\/\/schema.org","@graph":[{"@type":["Article","BlogPosting"],"@id":"https:\/\/nordicequicare.se\/vara-hastbehandlingar\/surefoot-balansterapi\/#article","isPartOf":{"@id":"https:\/\/nordicequicare.se\/vara-hastbehandlingar\/surefoot-balansterapi\/"},"author":{"name":"adamhagman","@id":"https:\/\/nordicequicare.se\/#\/schema\/person\/bc523ae26af3ff7797b4d496aa7328c7"},"headline":"SureFoot\u00ae balansterapi","datePublished":"2023-07-12T06:45:21+00:00","dateModified":"2026-02-18T19:38:19+00:00","mainEntityOfPage":{"@id":"https:\/\/nordicequicare.se\/vara-hastbehandlingar\/surefoot-balansterapi\/"},"wordCount":2,"publisher":{"@id":"https:\/\/nordicequicare.se\/#organization"},"inLanguage":"en-US"},{"@type":"WebPage","@id":"https:\/\/nordicequicare.se\/vara-hastbehandlingar\/surefoot-balansterapi\/","url":"https:\/\/nordicequicare.se\/vara-hastbehandlingar\/surefoot-balansterapi\/","name":"Balansplatta fr\u00e5n SureFoot\u00ae balansterapi f\u00f6r h\u00e4star - Nordic Equicare - K\u00f6p nu!","isPartOf":{"@id":"https:\/\/nordicequicare.se\/#website"},"datePublished":"2023-07-12T06:45:21+00:00","dateModified":"2026-02-18T19:38:19+00:00","description":"Balansplatta i fysioterapi l\u00e4r h\u00e4sten att aktivera och \"omprogrammera\" h\u00e4stens proprioreceptiva informationsfl\u00f6de.","breadcrumb":{"@id":"https:\/\/nordicequicare.se\/vara-hastbehandlingar\/surefoot-balansterapi\/#breadcrumb"},"inLanguage":"en-US","potentialAction":[{"@type":"ReadAction","target":["https:\/\/nordicequicare.se\/vara-hastbehandlingar\/surefoot-balansterapi\/"]}]},{"@type":"BreadcrumbList","@id":"https:\/\/nordicequicare.se\/vara-hastbehandlingar\/surefoot-balansterapi\/#breadcrumb","itemListElement":[{"@type":"ListItem","position":1,"name":"Hem","item":"https:\/\/nordicequicare.se\/"},{"@type":"ListItem","position":2,"name":"Mina h\u00e4stbehandlingar","item":"https:\/\/nordicequicare.se\/vara-hastbehandlingar\/"},{"@type":"ListItem","position":3,"name":"SureFoot\u00ae balansterapi"}]},{"@type":"WebSite","@id":"https:\/\/nordicequicare.se\/#website","url":"https:\/\/nordicequicare.se\/","name":"Nordic Equicare","description":"Din equiterapeut i V\u00e4stmanland","publisher":{"@id":"https:\/\/nordicequicare.se\/#organization"},"potentialAction":[{"@type":"SearchAction","target":{"@type":"EntryPoint","urlTemplate":"https:\/\/nordicequicare.se\/?s={search_term_string}"},"query-input":{"@type":"PropertyValueSpecification","valueRequired":true,"valueName":"search_term_string"}}],"inLanguage":"en-US"},{"@type":"Organization","@id":"https:\/\/nordicequicare.se\/#organization","name":"Nordic Equicare","url":"https:\/\/nordicequicare.se\/","logo":{"@type":"ImageObject","inLanguage":"en-US","@id":"https:\/\/nordicequicare.se\/#\/schema\/logo\/image\/","url":"https:\/\/nordicequicare.se\/wp-content\/uploads\/2023\/07\/gen_logo.png","contentUrl":"https:\/\/nordicequicare.se\/wp-content\/uploads\/2023\/07\/gen_logo.png","width":500,"height":196,"caption":"Nordic Equicare"},"image":{"@id":"https:\/\/nordicequicare.se\/#\/schema\/logo\/image\/"},"sameAs":["https:\/\/www.facebook.com\/nordicequicare","https:\/\/www.instagram.com\/nordicequicare\/"]},{"@type":"Person","@id":"https:\/\/nordicequicare.se\/#\/schema\/person\/bc523ae26af3ff7797b4d496aa7328c7","name":"adamhagman","image":{"@type":"ImageObject","inLanguage":"en-US","@id":"https:\/\/secure.gravatar.com\/avatar\/0028a9544b7512c97252eaa2dcbd02f6c241d97eabc42833764f1198c3e15a9b?s=96&d=mm&r=g","url":"https:\/\/secure.gravatar.com\/avatar\/0028a9544b7512c97252eaa2dcbd02f6c241d97eabc42833764f1198c3e15a9b?s=96&d=mm&r=g","contentUrl":"https:\/\/secure.gravatar.com\/avatar\/0028a9544b7512c97252eaa2dcbd02f6c241d97eabc42833764f1198c3e15a9b?s=96&d=mm&r=g","caption":"adamhagman"},"sameAs":["https:\/\/nordicequicare.se"],"url":"https:\/\/nordicequicare.se\/en\/author\/adamhagman\/"}]}},"_links":{"self":[{"href":"https:\/\/nordicequicare.se\/en\/wp-json\/wp\/v2\/pages\/557","targetHints":{"allow":["GET"]}}],"collection":[{"href":"https:\/\/nordicequicare.se\/en\/wp-json\/wp\/v2\/pages"}],"about":[{"href":"https:\/\/nordicequicare.se\/en\/wp-json\/wp\/v2\/types\/page"}],"author":[{"embeddable":true,"href":"https:\/\/nordicequicare.se\/en\/wp-json\/wp\/v2\/users\/1"}],"replies":[{"embeddable":true,"href":"https:\/\/nordicequicare.se\/en\/wp-json\/wp\/v2\/comments?post=557"}],"version-history":[{"count":6,"href":"https:\/\/nordicequicare.se\/en\/wp-json\/wp\/v2\/pages\/557\/revisions"}],"predecessor-version":[{"id":1866,"href":"https:\/\/nordicequicare.se\/en\/wp-json\/wp\/v2\/pages\/557\/revisions\/1866"}],"up":[{"embeddable":true,"href":"https:\/\/nordicequicare.se\/en\/wp-json\/wp\/v2\/pages\/550"}],"wp:attachment":[{"href":"https:\/\/nordicequicare.se\/en\/wp-json\/wp\/v2\/media?parent=557"}],"curies":[{"name":"wp","href":"https:\/\/api.w.org\/{rel}","templated":true}]}}