{"id":495,"date":"2023-07-09T19:23:04","date_gmt":"2023-07-09T17:23:04","guid":{"rendered":"https:\/\/nordicequicare.se\/?page_id=495"},"modified":"2024-07-29T21:58:04","modified_gmt":"2024-07-29T19:58:04","slug":"vara-tjanster","status":"publish","type":"page","link":"https:\/\/nordicequicare.se\/en\/vara-tjanster\/","title":{"rendered":"Mina tj\u00e4nster"},"content":{"rendered":"<section class=\"bde-section-495-180 bde-section\">\n              \n  \n  \n\t\n\n  <div class=\"section-background-overlay\"><\/div>\n\n\n<div class=\"section-container\"><div class=\"bde-image-495-181 bde-image\" data-parallax=\"true\">\n<figure class=\"breakdance-image breakdance-image--1573\">\n\t<div class=\"breakdance-image-container\">\n\t\t<div class=\"breakdance-image-clip\"><img decoding=\"async\" class=\"breakdance-image-object\" src=\"https:\/\/nordicequicare.se\/wp-content\/uploads\/2024\/07\/e4wuwbcur7y.jpg\" width=\"1600\" height=\"1068\" srcset=\"https:\/\/nordicequicare.se\/wp-content\/uploads\/2024\/07\/e4wuwbcur7y.jpg 1600w, https:\/\/nordicequicare.se\/wp-content\/uploads\/2024\/07\/e4wuwbcur7y-300x200.jpg 300w, https:\/\/nordicequicare.se\/wp-content\/uploads\/2024\/07\/e4wuwbcur7y-1024x684.jpg 1024w, https:\/\/nordicequicare.se\/wp-content\/uploads\/2024\/07\/e4wuwbcur7y-768x513.jpg 768w, https:\/\/nordicequicare.se\/wp-content\/uploads\/2024\/07\/e4wuwbcur7y-1536x1025.jpg 1536w, https:\/\/nordicequicare.se\/wp-content\/uploads\/2024\/07\/e4wuwbcur7y-600x401.jpg 600w\" sizes=\"auto, (max-width: 1600px) 100vw, 1600px\" alt=\"three horses on green ground\" loading=\"lazy\"><\/div>\n\t<\/div><\/figure>\n\n<\/div><h1 class=\"bde-heading-495-183 bde-heading\">\nMina tj\u00e4nster\n<\/h1><\/div>\n<\/section><section class=\"bde-section-495-131 bde-section\">\n  \n  \n\t\n\n\n\n<div class=\"section-container\"><h2 class=\"bde-heading-495-135 bde-heading\">\nUnders\u00f6kning\n<\/h2><div class=\"bde-columns-495-132 bde-columns\"><div class=\"bde-column-495-133 bde-column\">\n  \n  \n\t\n\n\n\n<div class=\"bde-text-495-136 bde-text\">\nIbland beter sig h\u00e4sten annorlunda. Den vill inte st\u00e4lla h\u00f6ger, v\u00e4grar g\u00e5 fram\u00e5t eller uppvisar annat o\u00f6nskat beteende. I dessa fall arbetar jag metodiskt f\u00f6r att hitta m\u00f6jliga samband och utesluta andra. Jag g\u00f6r en r\u00f6relseanalys, palperar noggrant igenom h\u00e4sten, utf\u00f6r fysikalisk testmetodik. Jag unders\u00f6ker utrustning som sadel mm. I de flesta fall hittar jag det problemomr\u00e5de som orsakar st\u00f6rningen och kan behandla med relevant behandlingsmetod, initiera korrigering av utrustningen eller kombination av b\u00e5da.<br>Dock \u00e4r det oerh\u00f6rt viktigt att veta n\u00e4r man m\u00e5ste tillkalla en veterin\u00e4r eller bes\u00f6ka en klinik. Jag samarbetar med m\u00e5nga veterin\u00e4rer i M\u00e4lardalen och Stockholm och tillsammans kan vi leverera de relevanta \u00e5tg\u00e4rderna som kr\u00e4vs.<br><br>M\u00e5nga kunder \u00f6nskar att jag som equiterapeut, \u00e4r n\u00e4rvarande vid veterin\u00e4rbes\u00f6k och ibland \u00e4r det jag som k\u00f6r h\u00e4sten till klinik om det beh\u00f6vs. Jag anv\u00e4nder mig av en helt ny transport med frontutlastning och l\u00e5g lasth\u00f6jd s\u00e5 att h\u00e4sten slipper backa ur transporten.<br><br>Det kan \u00e4ven vara sk\u00f6nt att f\u00e5 ett fysioterapeutiskt \u00f6ga med sig n\u00e4r du ska k\u00f6pa en h\u00e4st. Eftersom jag har erfarenhet av att se st\u00f6rningar som p\u00e5 sikt kan leda till allvarligare problem, kan det vara v\u00e4rt att f\u00e5 ett extra \u201c\u00f6ga\u201d vid besiktningen.\n<\/div><div class=\"bde-div-495-137 bde-div\">\n  \n  \n\t\n\n\n\n<div class=\"bde-button-495-138 bde-button\">\n        \n    \n    \n    \n    \n            \n                    \n            \n            \n\n    \n    \n    \n    \n    \n    <a class=\"breakdance-link button-atom button-atom--primary bde-button__button\" href=\"https:\/\/nordicequicare.se\/en\/kontakt\/\" target=\"_self\" data-type=\"url\"  >\n\n    \n        <span class=\"button-atom__text\">Kontakt<\/span>\n\n        \n        \n                <\/a>\n\n    \n\n\n<\/div><div class=\"bde-button-495-139 bde-button\">\n        \n    \n    \n    \n    \n            \n                    \n            \n            \n\n    \n    \n    \n    \n    \n    <a class=\"breakdance-link button-atom button-atom--secondary bde-button__button\" href=\"https:\/\/nordicequicare.se\/en\/bookly-bokningssida\/\" target=\"_self\" data-type=\"url\"  >\n\n    \n        <span class=\"button-atom__text\">Boka online<\/span>\n\n        \n        \n                <\/a>\n\n    \n\n\n<\/div>\n<\/div>\n<\/div><div class=\"bde-column-495-140 bde-column\">\n  \n  \n\t\n\n\n\n<div class=\"bde-image-495-142 bde-image\">\n<figure class=\"breakdance-image breakdance-image--1556\">\n\t<div class=\"breakdance-image-container\">\n\t\t<div class=\"breakdance-image-clip\"><img loading=\"lazy\" decoding=\"async\" class=\"breakdance-image-object\" src=\"https:\/\/nordicequicare.se\/wp-content\/uploads\/2024\/07\/Anna_atretch1.webp\" width=\"553\" height=\"553\" srcset=\"https:\/\/nordicequicare.se\/wp-content\/uploads\/2024\/07\/Anna_atretch1.webp 553w, https:\/\/nordicequicare.se\/wp-content\/uploads\/2024\/07\/Anna_atretch1-300x300.webp 300w, https:\/\/nordicequicare.se\/wp-content\/uploads\/2024\/07\/Anna_atretch1-150x150.webp 150w, https:\/\/nordicequicare.se\/wp-content\/uploads\/2024\/07\/Anna_atretch1-100x100.webp 100w\" sizes=\"auto, (max-width: 553px) 100vw, 553px\"><\/div>\n\t<\/div><\/figure>\n\n<\/div>\n<\/div><\/div><\/div>\n<\/section><section class=\"bde-section-495-143 bde-section\">\n  \n  \n\t\n\n\n\n<div class=\"section-container\"><h2 class=\"bde-heading-495-144 bde-heading\">\nFriskv\u00e5rd, prehab\n<\/h2><div class=\"bde-columns-495-145 bde-columns\"><div class=\"bde-column-495-146 bde-column\">\n  \n  \n\t\n\n\n\n<div class=\"bde-text-495-147 bde-text\">\nPrehab, eller prehabilitering f\u00f6r h\u00e4star syftar till att f\u00f6rebygga skador och f\u00f6rbereda h\u00e4sten fysiskt inf\u00f6r prestation, belastning eller bara ett aktivt liv. Det inneb\u00e4r att arbeta f\u00f6rebyggande genom regelbundet unders\u00f6ka h\u00e4sten fysiologiskt att st\u00e4rka muskler och leder, f\u00f6rb\u00e4ttra r\u00f6rlighet, och arbeta med balans och koordination.<br>Prehabilitering kan inkludera \u00f6vningar och tr\u00e4ningsprogram s\u00e5som stretching, markarbete, cavaletti, balanstr\u00e4ning eller andra specifika \u00f6vningar f\u00f6r att st\u00e4rka och f\u00f6rbereda h\u00e4stens muskler och kropp inf\u00f6r kommande aktiviteter och livet i stort.<br>SURE FOOT Equine Stability Program \u00e4r t.ex. ocks\u00e5 en utm\u00e4rkt metod f\u00f6r att st\u00e4rka h\u00e4stens balans och hj\u00e4lpa h\u00e4sten att komma \u00f6ver eventuella \u201covanor\u201d som \u00f6kar risken f\u00f6r skador.<br><br>M\u00e5let med prehab \u00e4r att minska risken f\u00f6r skador och ge h\u00e4sten en optimal fysisk grund f\u00f6r att beh\u00e5lla h\u00e4lsa och prestationsf\u00f6rm\u00e5ga. Det kan vara en v\u00e4sentlig del av tr\u00e4ningen f\u00f6r att fr\u00e4mja h\u00e4stens v\u00e4lbefinnande och h\u00e5llbarhet \u00f6ver tid.<br>Kontakta mig g\u00e4rna s\u00e5 hj\u00e4lper jag dig att l\u00e4gga upp en plan f\u00f6r din h\u00e4st.\n<\/div><div class=\"bde-div-495-148 bde-div\">\n  \n  \n\t\n\n\n\n<div class=\"bde-button-495-149 bde-button\">\n        \n    \n    \n    \n    \n            \n                    \n            \n            \n\n    \n    \n    \n    \n    \n    <a class=\"breakdance-link button-atom button-atom--primary bde-button__button\" href=\"https:\/\/nordicequicare.se\/en\/kontakt\/\" target=\"_self\" data-type=\"url\"  >\n\n    \n        <span class=\"button-atom__text\">Kontakt<\/span>\n\n        \n        \n                <\/a>\n\n    \n\n\n<\/div><div class=\"bde-button-495-150 bde-button\">\n        \n    \n    \n    \n    \n            \n                    \n            \n            \n\n    \n    \n    \n    \n    \n    <a class=\"breakdance-link button-atom button-atom--secondary bde-button__button\" href=\"https:\/\/nordicequicare.se\/en\/bookly-bokningssida\/\" target=\"_self\" data-type=\"url\"  >\n\n    \n        <span class=\"button-atom__text\">Boka online<\/span>\n\n        \n        \n                <\/a>\n\n    \n\n\n<\/div>\n<\/div>\n<\/div><div class=\"bde-column-495-151 bde-column\">\n  \n  \n\t\n\n\n\n<div class=\"bde-image-495-152 bde-image\">\n<figure class=\"breakdance-image breakdance-image--1560\">\n\t<div class=\"breakdance-image-container\">\n\t\t<div class=\"breakdance-image-clip\"><img loading=\"lazy\" decoding=\"async\" class=\"breakdance-image-object\" src=\"https:\/\/nordicequicare.se\/wp-content\/uploads\/2024\/07\/friskvard.webp\" width=\"500\" height=\"500\" srcset=\"https:\/\/nordicequicare.se\/wp-content\/uploads\/2024\/07\/friskvard.webp 500w, https:\/\/nordicequicare.se\/wp-content\/uploads\/2024\/07\/friskvard-300x300.webp 300w, https:\/\/nordicequicare.se\/wp-content\/uploads\/2024\/07\/friskvard-150x150.webp 150w, https:\/\/nordicequicare.se\/wp-content\/uploads\/2024\/07\/friskvard-100x100.webp 100w\" sizes=\"auto, (max-width: 500px) 100vw, 500px\"><\/div>\n\t<\/div><\/figure>\n\n<\/div>\n<\/div><\/div><\/div>\n<\/section><section class=\"bde-section-495-153 bde-section\">\n  \n  \n\t\n\n\n\n<div class=\"section-container\"><h2 class=\"bde-heading-495-154 bde-heading\">\nRehabilitering\n<\/h2><div class=\"bde-columns-495-155 bde-columns\"><div class=\"bde-column-495-156 bde-column\">\n  \n  \n\t\n\n\n\n<div class=\"bde-text-495-157 bde-text\">\nRehabilitering f\u00f6r h\u00e4star syftar till att \u00e5terst\u00e4lla h\u00e4stens fysiska h\u00e4lsa, funktion och prestation efter en skada, sjukdom eller operation. Det involverar en individuell behandlingsplan som utformas av mig, oftast tillsammans veterin\u00e4r f\u00f6r att optimera h\u00e4stens l\u00e4kning, \u00e5terh\u00e4mtning och \u00e5terg\u00e5ng till normal funktion.<br>Rehabilitering f\u00f6r h\u00e4star kan inkludera olika metoder och tekniker beroende p\u00e5 skadans typ och omfattning. Det kan t.ex. omfatta:<br><br>Vila och begr\u00e4nsad r\u00f6relse f\u00f6r att ge kroppen tid att l\u00e4ka och f\u00f6rhindra ytterligare skada.<br>Rehabiliterings\u00f6vningar och terapier f\u00f6r att \u00e5terst\u00e4lla styrka, r\u00f6rlighet och koordination. Det kan innefatta t\u00f6mk\u00f6rning, SureFoot balansterapi, medicinsk laserbehandling, vattenband, terapeutiska \u00f6vningar p\u00e5 marken och stretching.<br>Fysioterapi och manuell terapi, inklusive massage, stretching, laserterapi, el-terapi akupunktur och manuell manipulation av muskler och leder i \u201cRange of Motion\u201d (ROM) f\u00f6r att p\u00e5skynda l\u00e4kning, minska sm\u00e4rta och f\u00f6rb\u00e4ttra r\u00f6relsef\u00f6rm\u00e5ga.<br>Anpassnings av kost och kosttillskott f\u00f6r att st\u00f6dja h\u00e4lsan och \u00e5terh\u00e4mtningen hos h\u00e4sten.<br>Rehabilitering f\u00f6r h\u00e4star ska utf\u00f6ras under \u00f6vervakning av en erfaren veterin\u00e4r och\/eller en professionell equiterapeut f\u00f6r att s\u00e4kerst\u00e4lla korrekt behandling och monitorering av rebiliteringens resultat. M\u00e5let med rehabilitering \u00e4r att \u00e5terst\u00e4lla h\u00e4stens fysiska funktion, minska sm\u00e4rta, f\u00f6rhindra \u00e5terkommande skador och \u00e5terintegrera h\u00e4sten i sin tidigare aktivitetsniv\u00e5 eller idrottsprestation.\n<\/div><div class=\"bde-div-495-158 bde-div\">\n  \n  \n\t\n\n\n\n<div class=\"bde-button-495-159 bde-button\">\n        \n    \n    \n    \n    \n            \n                    \n            \n            \n\n    \n    \n    \n    \n    \n    <a class=\"breakdance-link button-atom button-atom--primary bde-button__button\" href=\"https:\/\/nordicequicare.se\/en\/kontakt\/\" target=\"_self\" data-type=\"url\"  >\n\n    \n        <span class=\"button-atom__text\">Kontakt<\/span>\n\n        \n        \n                <\/a>\n\n    \n\n\n<\/div><div class=\"bde-button-495-160 bde-button\">\n        \n    \n    \n    \n    \n            \n                    \n            \n            \n\n    \n    \n    \n    \n    \n    <a class=\"breakdance-link button-atom button-atom--secondary bde-button__button\" href=\"https:\/\/nordicequicare.se\/en\/bookly-bokningssida\/\" target=\"_self\" data-type=\"url\"  >\n\n    \n        <span class=\"button-atom__text\">Boka online<\/span>\n\n        \n        \n                <\/a>\n\n    \n\n\n<\/div>\n<\/div>\n<\/div><div class=\"bde-column-495-161 bde-column\">\n  \n  \n\t\n\n\n\n<div class=\"bde-image-495-162 bde-image\">\n<figure class=\"breakdance-image breakdance-image--1562\">\n\t<div class=\"breakdance-image-container\">\n\t\t<div class=\"breakdance-image-clip\"><img loading=\"lazy\" decoding=\"async\" class=\"breakdance-image-object\" src=\"https:\/\/nordicequicare.se\/wp-content\/uploads\/2024\/07\/rehab.webp\" width=\"500\" height=\"500\" srcset=\"https:\/\/nordicequicare.se\/wp-content\/uploads\/2024\/07\/rehab.webp 500w, https:\/\/nordicequicare.se\/wp-content\/uploads\/2024\/07\/rehab-300x300.webp 300w, https:\/\/nordicequicare.se\/wp-content\/uploads\/2024\/07\/rehab-150x150.webp 150w, https:\/\/nordicequicare.se\/wp-content\/uploads\/2024\/07\/rehab-100x100.webp 100w\" sizes=\"auto, (max-width: 500px) 100vw, 500px\"><\/div>\n\t<\/div><\/figure>\n\n<\/div>\n<\/div><\/div><\/div>\n<\/section>","protected":false},"excerpt":{"rendered":"<p>Mina tj\u00e4nster Unders\u00f6kning Ibland beter sig h\u00e4sten annorlunda. Den vill inte st\u00e4lla h\u00f6ger, v\u00e4grar g\u00e5 fram\u00e5t eller uppvisar annat o\u00f6nskat beteende. I dessa fall arbetar jag metodiskt f\u00f6r att hitta m\u00f6jliga samband och utesluta andra. Jag g\u00f6r en r\u00f6relseanalys, palperar noggrant igenom h\u00e4sten, utf\u00f6r fysikalisk testmetodik. Jag unders\u00f6ker utrustning som sadel mm. I de flesta [&hellip;]<\/p>\n","protected":false},"author":1,"featured_media":0,"parent":0,"menu_order":0,"comment_status":"closed","ping_status":"closed","template":"","meta":{"_breakdance_hide_in_design_set":false,"_breakdance_tags":"","footnotes":""},"class_list":["post-495","page","type-page","status-publish","hentry"],"yoast_head":"<!-- This site is optimized with the Yoast SEO plugin v27.5 - https:\/\/yoast.com\/product\/yoast-seo-wordpress\/ -->\n<title>Mina tj\u00e4nster - Nordic Equicare<\/title>\n<meta name=\"robots\" content=\"index, follow, max-snippet:-1, max-image-preview:large, max-video-preview:-1\" \/>\n<link rel=\"canonical\" href=\"https:\/\/nordicequicare.se\/en\/vara-tjanster\/\" \/>\n<meta property=\"og:locale\" content=\"en_US\" \/>\n<meta property=\"og:type\" content=\"article\" \/>\n<meta property=\"og:title\" content=\"Mina tj\u00e4nster - Nordic Equicare\" \/>\n<meta property=\"og:description\" content=\"Mina tj\u00e4nster Unders\u00f6kning Ibland beter sig h\u00e4sten annorlunda. Den vill inte st\u00e4lla h\u00f6ger, v\u00e4grar g\u00e5 fram\u00e5t eller uppvisar annat o\u00f6nskat beteende. I dessa fall arbetar jag metodiskt f\u00f6r att hitta m\u00f6jliga samband och utesluta andra. Jag g\u00f6r en r\u00f6relseanalys, palperar noggrant igenom h\u00e4sten, utf\u00f6r fysikalisk testmetodik. Jag unders\u00f6ker utrustning som sadel mm. I de flesta [&hellip;]\" \/>\n<meta property=\"og:url\" content=\"https:\/\/nordicequicare.se\/en\/vara-tjanster\/\" \/>\n<meta property=\"og:site_name\" content=\"Nordic Equicare\" \/>\n<meta property=\"article:publisher\" content=\"https:\/\/www.facebook.com\/nordicequicare\" \/>\n<meta property=\"article:modified_time\" content=\"2024-07-29T19:58:04+00:00\" \/>\n<meta property=\"og:image\" content=\"https:\/\/nordicequicare.se\/wp-content\/uploads\/2024\/07\/Anna_atretch1.webp\" \/>\n\t<meta property=\"og:image:width\" content=\"553\" \/>\n\t<meta property=\"og:image:height\" content=\"553\" \/>\n\t<meta property=\"og:image:type\" content=\"image\/webp\" \/>\n<meta name=\"twitter:card\" content=\"summary_large_image\" \/>\n<meta name=\"twitter:label1\" content=\"Est. reading time\" \/>\n\t<meta name=\"twitter:data1\" content=\"4 minutes\" \/>\n<script type=\"application\/ld+json\" class=\"yoast-schema-graph\">{\"@context\":\"https:\\\/\\\/schema.org\",\"@graph\":[{\"@type\":[\"Article\",\"BlogPosting\"],\"@id\":\"https:\\\/\\\/nordicequicare.se\\\/vara-tjanster\\\/#article\",\"isPartOf\":{\"@id\":\"https:\\\/\\\/nordicequicare.se\\\/vara-tjanster\\\/\"},\"author\":{\"name\":\"adamhagman\",\"@id\":\"https:\\\/\\\/nordicequicare.se\\\/#\\\/schema\\\/person\\\/bc523ae26af3ff7797b4d496aa7328c7\"},\"headline\":\"Mina tj\u00e4nster\",\"datePublished\":\"2023-07-09T17:23:04+00:00\",\"dateModified\":\"2024-07-29T19:58:04+00:00\",\"mainEntityOfPage\":{\"@id\":\"https:\\\/\\\/nordicequicare.se\\\/vara-tjanster\\\/\"},\"wordCount\":3,\"publisher\":{\"@id\":\"https:\\\/\\\/nordicequicare.se\\\/#organization\"},\"inLanguage\":\"en-US\"},{\"@type\":\"WebPage\",\"@id\":\"https:\\\/\\\/nordicequicare.se\\\/vara-tjanster\\\/\",\"url\":\"https:\\\/\\\/nordicequicare.se\\\/vara-tjanster\\\/\",\"name\":\"Mina tj\u00e4nster - Nordic Equicare\",\"isPartOf\":{\"@id\":\"https:\\\/\\\/nordicequicare.se\\\/#website\"},\"datePublished\":\"2023-07-09T17:23:04+00:00\",\"dateModified\":\"2024-07-29T19:58:04+00:00\",\"breadcrumb\":{\"@id\":\"https:\\\/\\\/nordicequicare.se\\\/vara-tjanster\\\/#breadcrumb\"},\"inLanguage\":\"en-US\",\"potentialAction\":[{\"@type\":\"ReadAction\",\"target\":[\"https:\\\/\\\/nordicequicare.se\\\/vara-tjanster\\\/\"]}]},{\"@type\":\"BreadcrumbList\",\"@id\":\"https:\\\/\\\/nordicequicare.se\\\/vara-tjanster\\\/#breadcrumb\",\"itemListElement\":[{\"@type\":\"ListItem\",\"position\":1,\"name\":\"Hem\",\"item\":\"https:\\\/\\\/nordicequicare.se\\\/\"},{\"@type\":\"ListItem\",\"position\":2,\"name\":\"Mina tj\u00e4nster\"}]},{\"@type\":\"WebSite\",\"@id\":\"https:\\\/\\\/nordicequicare.se\\\/#website\",\"url\":\"https:\\\/\\\/nordicequicare.se\\\/\",\"name\":\"Nordic Equicare\",\"description\":\"Din equiterapeut i V\u00e4stmanland\",\"publisher\":{\"@id\":\"https:\\\/\\\/nordicequicare.se\\\/#organization\"},\"potentialAction\":[{\"@type\":\"SearchAction\",\"target\":{\"@type\":\"EntryPoint\",\"urlTemplate\":\"https:\\\/\\\/nordicequicare.se\\\/?s={search_term_string}\"},\"query-input\":{\"@type\":\"PropertyValueSpecification\",\"valueRequired\":true,\"valueName\":\"search_term_string\"}}],\"inLanguage\":\"en-US\"},{\"@type\":\"Organization\",\"@id\":\"https:\\\/\\\/nordicequicare.se\\\/#organization\",\"name\":\"Nordic Equicare\",\"url\":\"https:\\\/\\\/nordicequicare.se\\\/\",\"logo\":{\"@type\":\"ImageObject\",\"inLanguage\":\"en-US\",\"@id\":\"https:\\\/\\\/nordicequicare.se\\\/#\\\/schema\\\/logo\\\/image\\\/\",\"url\":\"https:\\\/\\\/nordicequicare.se\\\/wp-content\\\/uploads\\\/2023\\\/07\\\/gen_logo.png\",\"contentUrl\":\"https:\\\/\\\/nordicequicare.se\\\/wp-content\\\/uploads\\\/2023\\\/07\\\/gen_logo.png\",\"width\":500,\"height\":196,\"caption\":\"Nordic Equicare\"},\"image\":{\"@id\":\"https:\\\/\\\/nordicequicare.se\\\/#\\\/schema\\\/logo\\\/image\\\/\"},\"sameAs\":[\"https:\\\/\\\/www.facebook.com\\\/nordicequicare\",\"https:\\\/\\\/www.instagram.com\\\/nordicequicare\\\/\"]},{\"@type\":\"Person\",\"@id\":\"https:\\\/\\\/nordicequicare.se\\\/#\\\/schema\\\/person\\\/bc523ae26af3ff7797b4d496aa7328c7\",\"name\":\"adamhagman\",\"image\":{\"@type\":\"ImageObject\",\"inLanguage\":\"en-US\",\"@id\":\"https:\\\/\\\/secure.gravatar.com\\\/avatar\\\/0028a9544b7512c97252eaa2dcbd02f6c241d97eabc42833764f1198c3e15a9b?s=96&d=mm&r=g\",\"url\":\"https:\\\/\\\/secure.gravatar.com\\\/avatar\\\/0028a9544b7512c97252eaa2dcbd02f6c241d97eabc42833764f1198c3e15a9b?s=96&d=mm&r=g\",\"contentUrl\":\"https:\\\/\\\/secure.gravatar.com\\\/avatar\\\/0028a9544b7512c97252eaa2dcbd02f6c241d97eabc42833764f1198c3e15a9b?s=96&d=mm&r=g\",\"caption\":\"adamhagman\"},\"sameAs\":[\"https:\\\/\\\/nordicequicare.se\"],\"url\":\"https:\\\/\\\/nordicequicare.se\\\/en\\\/author\\\/adamhagman\\\/\"}]}<\/script>\n<!-- \/ Yoast SEO plugin. -->","yoast_head_json":{"title":"Mina tj\u00e4nster - Nordic Equicare","robots":{"index":"index","follow":"follow","max-snippet":"max-snippet:-1","max-image-preview":"max-image-preview:large","max-video-preview":"max-video-preview:-1"},"canonical":"https:\/\/nordicequicare.se\/en\/vara-tjanster\/","og_locale":"en_US","og_type":"article","og_title":"Mina tj\u00e4nster - Nordic Equicare","og_description":"Mina tj\u00e4nster Unders\u00f6kning Ibland beter sig h\u00e4sten annorlunda. Den vill inte st\u00e4lla h\u00f6ger, v\u00e4grar g\u00e5 fram\u00e5t eller uppvisar annat o\u00f6nskat beteende. I dessa fall arbetar jag metodiskt f\u00f6r att hitta m\u00f6jliga samband och utesluta andra. Jag g\u00f6r en r\u00f6relseanalys, palperar noggrant igenom h\u00e4sten, utf\u00f6r fysikalisk testmetodik. Jag unders\u00f6ker utrustning som sadel mm. I de flesta [&hellip;]","og_url":"https:\/\/nordicequicare.se\/en\/vara-tjanster\/","og_site_name":"Nordic Equicare","article_publisher":"https:\/\/www.facebook.com\/nordicequicare","article_modified_time":"2024-07-29T19:58:04+00:00","og_image":[{"width":553,"height":553,"url":"https:\/\/nordicequicare.se\/wp-content\/uploads\/2024\/07\/Anna_atretch1.webp","type":"image\/webp"}],"twitter_card":"summary_large_image","twitter_misc":{"Est. reading time":"4 minutes"},"schema":{"@context":"https:\/\/schema.org","@graph":[{"@type":["Article","BlogPosting"],"@id":"https:\/\/nordicequicare.se\/vara-tjanster\/#article","isPartOf":{"@id":"https:\/\/nordicequicare.se\/vara-tjanster\/"},"author":{"name":"adamhagman","@id":"https:\/\/nordicequicare.se\/#\/schema\/person\/bc523ae26af3ff7797b4d496aa7328c7"},"headline":"Mina tj\u00e4nster","datePublished":"2023-07-09T17:23:04+00:00","dateModified":"2024-07-29T19:58:04+00:00","mainEntityOfPage":{"@id":"https:\/\/nordicequicare.se\/vara-tjanster\/"},"wordCount":3,"publisher":{"@id":"https:\/\/nordicequicare.se\/#organization"},"inLanguage":"en-US"},{"@type":"WebPage","@id":"https:\/\/nordicequicare.se\/vara-tjanster\/","url":"https:\/\/nordicequicare.se\/vara-tjanster\/","name":"Mina tj\u00e4nster - Nordic Equicare","isPartOf":{"@id":"https:\/\/nordicequicare.se\/#website"},"datePublished":"2023-07-09T17:23:04+00:00","dateModified":"2024-07-29T19:58:04+00:00","breadcrumb":{"@id":"https:\/\/nordicequicare.se\/vara-tjanster\/#breadcrumb"},"inLanguage":"en-US","potentialAction":[{"@type":"ReadAction","target":["https:\/\/nordicequicare.se\/vara-tjanster\/"]}]},{"@type":"BreadcrumbList","@id":"https:\/\/nordicequicare.se\/vara-tjanster\/#breadcrumb","itemListElement":[{"@type":"ListItem","position":1,"name":"Hem","item":"https:\/\/nordicequicare.se\/"},{"@type":"ListItem","position":2,"name":"Mina tj\u00e4nster"}]},{"@type":"WebSite","@id":"https:\/\/nordicequicare.se\/#website","url":"https:\/\/nordicequicare.se\/","name":"Nordic Equicare","description":"Din equiterapeut i V\u00e4stmanland","publisher":{"@id":"https:\/\/nordicequicare.se\/#organization"},"potentialAction":[{"@type":"SearchAction","target":{"@type":"EntryPoint","urlTemplate":"https:\/\/nordicequicare.se\/?s={search_term_string}"},"query-input":{"@type":"PropertyValueSpecification","valueRequired":true,"valueName":"search_term_string"}}],"inLanguage":"en-US"},{"@type":"Organization","@id":"https:\/\/nordicequicare.se\/#organization","name":"Nordic Equicare","url":"https:\/\/nordicequicare.se\/","logo":{"@type":"ImageObject","inLanguage":"en-US","@id":"https:\/\/nordicequicare.se\/#\/schema\/logo\/image\/","url":"https:\/\/nordicequicare.se\/wp-content\/uploads\/2023\/07\/gen_logo.png","contentUrl":"https:\/\/nordicequicare.se\/wp-content\/uploads\/2023\/07\/gen_logo.png","width":500,"height":196,"caption":"Nordic Equicare"},"image":{"@id":"https:\/\/nordicequicare.se\/#\/schema\/logo\/image\/"},"sameAs":["https:\/\/www.facebook.com\/nordicequicare","https:\/\/www.instagram.com\/nordicequicare\/"]},{"@type":"Person","@id":"https:\/\/nordicequicare.se\/#\/schema\/person\/bc523ae26af3ff7797b4d496aa7328c7","name":"adamhagman","image":{"@type":"ImageObject","inLanguage":"en-US","@id":"https:\/\/secure.gravatar.com\/avatar\/0028a9544b7512c97252eaa2dcbd02f6c241d97eabc42833764f1198c3e15a9b?s=96&d=mm&r=g","url":"https:\/\/secure.gravatar.com\/avatar\/0028a9544b7512c97252eaa2dcbd02f6c241d97eabc42833764f1198c3e15a9b?s=96&d=mm&r=g","contentUrl":"https:\/\/secure.gravatar.com\/avatar\/0028a9544b7512c97252eaa2dcbd02f6c241d97eabc42833764f1198c3e15a9b?s=96&d=mm&r=g","caption":"adamhagman"},"sameAs":["https:\/\/nordicequicare.se"],"url":"https:\/\/nordicequicare.se\/en\/author\/adamhagman\/"}]}},"_links":{"self":[{"href":"https:\/\/nordicequicare.se\/en\/wp-json\/wp\/v2\/pages\/495","targetHints":{"allow":["GET"]}}],"collection":[{"href":"https:\/\/nordicequicare.se\/en\/wp-json\/wp\/v2\/pages"}],"about":[{"href":"https:\/\/nordicequicare.se\/en\/wp-json\/wp\/v2\/types\/page"}],"author":[{"embeddable":true,"href":"https:\/\/nordicequicare.se\/en\/wp-json\/wp\/v2\/users\/1"}],"replies":[{"embeddable":true,"href":"https:\/\/nordicequicare.se\/en\/wp-json\/wp\/v2\/comments?post=495"}],"version-history":[{"count":9,"href":"https:\/\/nordicequicare.se\/en\/wp-json\/wp\/v2\/pages\/495\/revisions"}],"predecessor-version":[{"id":1785,"href":"https:\/\/nordicequicare.se\/en\/wp-json\/wp\/v2\/pages\/495\/revisions\/1785"}],"wp:attachment":[{"href":"https:\/\/nordicequicare.se\/en\/wp-json\/wp\/v2\/media?parent=495"}],"curies":[{"name":"wp","href":"https:\/\/api.w.org\/{rel}","templated":true}]}}