{"id":1780,"date":"2024-07-29T21:32:18","date_gmt":"2024-07-29T19:32:18","guid":{"rendered":"https:\/\/nordicequicare.se\/?page_id=1780"},"modified":"2026-02-18T19:24:40","modified_gmt":"2026-02-18T18:24:40","slug":"kontakt","status":"publish","type":"page","link":"https:\/\/nordicequicare.se\/en\/kontakt\/","title":{"rendered":"Kontakt"},"content":{"rendered":"<section class=\"bde-section-1780-100 bde-section\">\n  \n  \n\t\n\n\n\n<div class=\"section-container\"><div class=\"bde-columns-1780-101 bde-columns\"><div class=\"bde-column-1780-102 bde-column\">\n  \n  \n\t\n\n\n\n<h2 class=\"bde-heading-1780-103 bde-heading\">\nHar du fr\u00e5gor eller vill boka?\n<\/h2><div class=\"bde-text-1780-104 bde-text\">\nH\u00f6r g\u00e4rna av dig via sms, eller skicka iv\u00e4g ett mail.\n<\/div><div class=\"bde-icon-list-1780-105 bde-icon-list\">\n<ul>\n  \n              \n    <li>\n              <div class='bde-icon-list__item-wrapper'>\n      \n      <span class='bde-icon-list__icon' aria-hidden='true'>\n        <svg xmlns=\"http:\/\/www.w3.org\/2000\/svg\" width=\"24\" height=\"24\" viewBox=\"0 0 24 24\" fill-rule=\"evenodd\" clip-rule=\"evenodd\"><path d=\"M12 2h2v2h2v3.702l7 2.618v12.68h1v1h-24v-1h1v-11h6v-8h2v-2h2v-2h1v2zm3 3h-7v18h1v-2h5v2h1v-18zm-2 17h-3v1h3v-1zm8 1h1v-11.987l-6-2.243v14.23h1v-2h4v2zm-14-10h-5v10h1v-2h3v2h1v-10zm-2 9h-1v1h1v-1zm15 0h-2v1h2v-1zm-16-5v2h-1v-2h1zm2 0v2h-1v-2h1zm5-10v12h-1v-12h1zm10 11v1h-4v-1h4zm-8-11v12h-1v-12h1zm8 9v1h-4v-1h4zm-17-2v2h-1v-2h1zm2 0v2h-1v-2h1zm15 0v1h-4v-1h4zm0-2v1h-4v-1h4zm-8-9h-3v1h3v-1z\"\/><\/svg>\n      <\/span>\n      <span class='bde-icon-list__text' >\n      Kristinerov\u00e4gen 7A, S\u00f6r\u00e5ker\n      <\/span>\n              <\/div>\n      \n    <\/li>\n\n  \n              \n    <li>\n                      \n            \n            \n\n    \n    \n    \n    \n    \n    <a class=\"breakdance-link bde-icon-list__item-wrapper\" href=\"mailto:info@nordicequicare.se\" target=\"_self\" data-type=\"url\"  >\n\n      \n      <span class='bde-icon-list__icon' aria-hidden='true'>\n        <svg xmlns=\"http:\/\/www.w3.org\/2000\/svg\" width=\"24\" height=\"24\" viewBox=\"0 0 24 24\" fill-rule=\"evenodd\" clip-rule=\"evenodd\"><path d=\"M24 21h-24v-18h24v18zm-23-16.477v15.477h22v-15.477l-10.999 10-11.001-10zm21.089-.523h-20.176l10.088 9.171 10.088-9.171z\"\/><\/svg>\n      <\/span>\n      <span class='bde-icon-list__text' >\n      info@nordicequicare.se\n      <\/span>\n                  <\/a>\n\n      \n    <\/li>\n\n  \n              \n    <li>\n              <div class='bde-icon-list__item-wrapper'>\n      \n      <span class='bde-icon-list__icon' aria-hidden='true'>\n        <svg xmlns=\"http:\/\/www.w3.org\/2000\/svg\" width=\"24\" height=\"24\" viewBox=\"0 0 24 24\" fill=\"none\">\n<g clip-path=\"url(#clip0_626_2)\">\n<path fill-rule=\"evenodd\" clip-rule=\"evenodd\" d=\"M8.26016 1.289L6.69616 2.061C0.903156 5.081 9.49416 23.005 16.0062 23.005C16.4662 23.005 16.9102 22.911 17.3232 22.721L18.8652 21.966L15.9672 16.372L14.4272 17.126C14.2462 17.213 14.0432 17.26 13.8302 17.26C11.2692 17.26 6.98916 9.056 9.58916 7.664L11.1352 6.901L8.26016 1.289V1.289ZM16.0062 24C10.3262 24 3.78516 12.886 3.78516 6.168C3.78516 3.749 4.61816 2.022 6.24216 1.176L8.62416 0L12.4812 7.347L10.0442 8.548C8.60516 9.32 12.4532 16.972 14.0002 16.228L16.3992 15.049L20.2152 22.409C20.2152 22.409 17.8552 23.571 17.7392 23.624C17.1922 23.875 16.6102 24 16.0062 24\"\/>\n<\/g>\n<defs>\n<clipPath id=\"clip0_626_2\">\n<rect width=\"24\" height=\"24\" fill=\"white\"\/>\n<\/clipPath>\n<\/defs>\n<\/svg>\n      <\/span>\n      <span class='bde-icon-list__text' >\n      070-348 16 23\n      <\/span>\n              <\/div>\n      \n    <\/li>\n\n  <\/ul>\n\n<\/div>\n<\/div><div class=\"bde-column-1780-106 bde-column\">\n  \n  \n\t\n\n\n\n<div class=\"bde-form-builder-1780-107 bde-form-builder\">\n\n<form id=\"contact-form107\" class=\"breakdance-form breakdance-form--vertical\" data-options=\"{&quot;slug&quot;:&quot;custom&quot;,&quot;name&quot;:&quot;Contact Form&quot;,&quot;ajaxUrl&quot;:&quot;https:\\\/\\\/nordicequicare.se\\\/wp-admin\\\/admin-ajax.php&quot;,&quot;clearOnSuccess&quot;:true,&quot;hideOnSuccess&quot;:false,&quot;successMessage&quot;:&quot;Ditt meddelande har emottagits&quot;,&quot;errorMessage&quot;:&quot;N\\u00e5gonting gick tokigt&quot;,&quot;redirect&quot;:false,&quot;redirectUrl&quot;:&quot;&quot;,&quot;customJavaScript&quot;:&quot;&quot;,&quot;recaptcha&quot;:{&quot;key&quot;:&quot;&quot;,&quot;enabled&quot;:false},&quot;honeypot_enabled&quot;:false,&quot;popupsOnSuccess&quot;:[],&quot;popupsOnError&quot;:[]}\" data-steps=\"0\" >\n  \n  \n  \n<div class=\"breakdance-form-field breakdance-form-field--text\" >\n    \n    \n            <label class=\"breakdance-form-field__label\" for=\"name\">\n            Namn<span class=\"breakdance-form-field__required\">*<\/span>\n        <\/label>\n    \n    <input\n    class=\"breakdance-form-field__input\"\n    id=\"name\"\n    aria-describedby=\"name\"\n    type=\"text\"\n    name=\"fields[name]\"\n    placeholder=\"\"\n    value=\"\"\n                \n        \n        \n    required\n    \n    \n    \n    \n    \n>\n\n\n    \n    \n<\/div>\n\n\n<div class=\"breakdance-form-field breakdance-form-field--email\" >\n    \n    \n            <label class=\"breakdance-form-field__label\" for=\"email\">\n            E-Post<span class=\"breakdance-form-field__required\">*<\/span>\n        <\/label>\n    \n    <input\n    class=\"breakdance-form-field__input\"\n    id=\"email\"\n    aria-describedby=\"email\"\n    type=\"email\"\n    name=\"fields[email]\"\n    placeholder=\"\"\n    value=\"\"\n                \n        \n        \n    required\n    \n    \n    \n    \n    \n>\n\n\n    \n    \n<\/div>\n\n\n<div class=\"breakdance-form-field breakdance-form-field--textarea\" >\n    \n    \n            <label class=\"breakdance-form-field__label\" for=\"message\">\n            Meddelande<span class=\"breakdance-form-field__required\">*<\/span>\n        <\/label>\n    \n    <textarea\n    class=\"breakdance-form-field__input\"\n    id=\"message\"\n    aria-describedby=\"message\"\n    type=\"textarea\"\n    name=\"fields[message]\"\n        placeholder=\"\"\n    required\n    \n    \n    >\n<\/textarea>\n\n\n    \n    \n<\/div><div class=\"breakdance-form-field breakdance-form-footer\">    \n    \n    \n    \n    \n            \n            <button type=\"submit\" class=\"button-atom button-atom--primary breakdance-form-button breakdance-form-button__submit\"  >\n    \n        <span class=\"button-atom__text\">Skicka<\/span>\n\n        \n        \n            <\/button>\n    \n    <input type=\"hidden\" name=\"form_id\" value=\"107\">\n    <input type=\"hidden\" name=\"post_id\" value=\"1780\">\n<\/div>\n\n  \n<\/form>\n\n\n<\/div>\n<\/div><\/div><\/div>\n<\/section>","protected":false},"excerpt":{"rendered":"<p>Har du fr\u00e5gor eller vill boka? H\u00f6r g\u00e4rna av dig via sms, eller skicka iv\u00e4g ett mail. Kristinerov\u00e4gen 7A, S\u00f6r\u00e5ker info@nordicequicare.se 070-348 16 23 Namn* E-Post* Meddelande* Skicka<\/p>","protected":false},"author":1,"featured_media":0,"parent":0,"menu_order":0,"comment_status":"closed","ping_status":"closed","template":"","meta":{"_breakdance_hide_in_design_set":false,"_breakdance_tags":"","footnotes":""},"class_list":["post-1780","page","type-page","status-publish","hentry"],"yoast_head":"<!-- This site is optimized with the Yoast SEO plugin v27.4 - https:\/\/yoast.com\/product\/yoast-seo-wordpress\/ -->\n<title>Kontakt - Nordic Equicare<\/title>\n<meta name=\"robots\" content=\"index, follow, max-snippet:-1, max-image-preview:large, max-video-preview:-1\" \/>\n<link rel=\"canonical\" href=\"https:\/\/nordicequicare.se\/en\/kontakt\/\" \/>\n<meta property=\"og:locale\" content=\"en_US\" \/>\n<meta property=\"og:type\" content=\"article\" \/>\n<meta property=\"og:title\" content=\"Kontakt - Nordic Equicare\" \/>\n<meta property=\"og:description\" content=\"Har du fr\u00e5gor eller vill boka? H\u00f6r g\u00e4rna av dig via sms, eller skicka iv\u00e4g ett mail. Kristinerov\u00e4gen 7A, S\u00f6r\u00e5ker info@nordicequicare.se 070-348 16 23 Namn* E-Post* Meddelande* Skicka\" \/>\n<meta property=\"og:url\" content=\"https:\/\/nordicequicare.se\/en\/kontakt\/\" \/>\n<meta property=\"og:site_name\" content=\"Nordic Equicare\" \/>\n<meta property=\"article:publisher\" content=\"https:\/\/www.facebook.com\/nordicequicare\" \/>\n<meta property=\"article:modified_time\" content=\"2026-02-18T18:24:40+00:00\" \/>\n<meta property=\"og:image\" content=\"https:\/\/nordicequicare.se\/wp-content\/uploads\/2024\/07\/Anna_atretch1.webp\" \/>\n\t<meta property=\"og:image:width\" content=\"553\" \/>\n\t<meta property=\"og:image:height\" content=\"553\" \/>\n\t<meta property=\"og:image:type\" content=\"image\/webp\" \/>\n<meta name=\"twitter:card\" content=\"summary_large_image\" \/>\n<meta name=\"twitter:label1\" content=\"Est. reading time\" \/>\n\t<meta name=\"twitter:data1\" content=\"1 minute\" \/>\n<script type=\"application\/ld+json\" class=\"yoast-schema-graph\">{\"@context\":\"https:\\\/\\\/schema.org\",\"@graph\":[{\"@type\":[\"Article\",\"BlogPosting\"],\"@id\":\"https:\\\/\\\/nordicequicare.se\\\/kontakt\\\/#article\",\"isPartOf\":{\"@id\":\"https:\\\/\\\/nordicequicare.se\\\/kontakt\\\/\"},\"author\":{\"name\":\"adamhagman\",\"@id\":\"https:\\\/\\\/nordicequicare.se\\\/#\\\/schema\\\/person\\\/bc523ae26af3ff7797b4d496aa7328c7\"},\"headline\":\"Kontakt\",\"datePublished\":\"2024-07-29T19:32:18+00:00\",\"dateModified\":\"2026-02-18T18:24:40+00:00\",\"mainEntityOfPage\":{\"@id\":\"https:\\\/\\\/nordicequicare.se\\\/kontakt\\\/\"},\"wordCount\":1,\"publisher\":{\"@id\":\"https:\\\/\\\/nordicequicare.se\\\/#organization\"},\"inLanguage\":\"en-US\"},{\"@type\":\"WebPage\",\"@id\":\"https:\\\/\\\/nordicequicare.se\\\/kontakt\\\/\",\"url\":\"https:\\\/\\\/nordicequicare.se\\\/kontakt\\\/\",\"name\":\"Kontakt - Nordic Equicare\",\"isPartOf\":{\"@id\":\"https:\\\/\\\/nordicequicare.se\\\/#website\"},\"datePublished\":\"2024-07-29T19:32:18+00:00\",\"dateModified\":\"2026-02-18T18:24:40+00:00\",\"breadcrumb\":{\"@id\":\"https:\\\/\\\/nordicequicare.se\\\/kontakt\\\/#breadcrumb\"},\"inLanguage\":\"en-US\",\"potentialAction\":[{\"@type\":\"ReadAction\",\"target\":[\"https:\\\/\\\/nordicequicare.se\\\/kontakt\\\/\"]}]},{\"@type\":\"BreadcrumbList\",\"@id\":\"https:\\\/\\\/nordicequicare.se\\\/kontakt\\\/#breadcrumb\",\"itemListElement\":[{\"@type\":\"ListItem\",\"position\":1,\"name\":\"Hem\",\"item\":\"https:\\\/\\\/nordicequicare.se\\\/\"},{\"@type\":\"ListItem\",\"position\":2,\"name\":\"Kontakt\"}]},{\"@type\":\"WebSite\",\"@id\":\"https:\\\/\\\/nordicequicare.se\\\/#website\",\"url\":\"https:\\\/\\\/nordicequicare.se\\\/\",\"name\":\"Nordic Equicare\",\"description\":\"Din equiterapeut i V\u00e4stmanland\",\"publisher\":{\"@id\":\"https:\\\/\\\/nordicequicare.se\\\/#organization\"},\"potentialAction\":[{\"@type\":\"SearchAction\",\"target\":{\"@type\":\"EntryPoint\",\"urlTemplate\":\"https:\\\/\\\/nordicequicare.se\\\/?s={search_term_string}\"},\"query-input\":{\"@type\":\"PropertyValueSpecification\",\"valueRequired\":true,\"valueName\":\"search_term_string\"}}],\"inLanguage\":\"en-US\"},{\"@type\":\"Organization\",\"@id\":\"https:\\\/\\\/nordicequicare.se\\\/#organization\",\"name\":\"Nordic Equicare\",\"url\":\"https:\\\/\\\/nordicequicare.se\\\/\",\"logo\":{\"@type\":\"ImageObject\",\"inLanguage\":\"en-US\",\"@id\":\"https:\\\/\\\/nordicequicare.se\\\/#\\\/schema\\\/logo\\\/image\\\/\",\"url\":\"https:\\\/\\\/nordicequicare.se\\\/wp-content\\\/uploads\\\/2023\\\/07\\\/gen_logo.png\",\"contentUrl\":\"https:\\\/\\\/nordicequicare.se\\\/wp-content\\\/uploads\\\/2023\\\/07\\\/gen_logo.png\",\"width\":500,\"height\":196,\"caption\":\"Nordic Equicare\"},\"image\":{\"@id\":\"https:\\\/\\\/nordicequicare.se\\\/#\\\/schema\\\/logo\\\/image\\\/\"},\"sameAs\":[\"https:\\\/\\\/www.facebook.com\\\/nordicequicare\",\"https:\\\/\\\/www.instagram.com\\\/nordicequicare\\\/\"]},{\"@type\":\"Person\",\"@id\":\"https:\\\/\\\/nordicequicare.se\\\/#\\\/schema\\\/person\\\/bc523ae26af3ff7797b4d496aa7328c7\",\"name\":\"adamhagman\",\"image\":{\"@type\":\"ImageObject\",\"inLanguage\":\"en-US\",\"@id\":\"https:\\\/\\\/secure.gravatar.com\\\/avatar\\\/0028a9544b7512c97252eaa2dcbd02f6c241d97eabc42833764f1198c3e15a9b?s=96&d=mm&r=g\",\"url\":\"https:\\\/\\\/secure.gravatar.com\\\/avatar\\\/0028a9544b7512c97252eaa2dcbd02f6c241d97eabc42833764f1198c3e15a9b?s=96&d=mm&r=g\",\"contentUrl\":\"https:\\\/\\\/secure.gravatar.com\\\/avatar\\\/0028a9544b7512c97252eaa2dcbd02f6c241d97eabc42833764f1198c3e15a9b?s=96&d=mm&r=g\",\"caption\":\"adamhagman\"},\"sameAs\":[\"https:\\\/\\\/nordicequicare.se\"],\"url\":\"https:\\\/\\\/nordicequicare.se\\\/en\\\/author\\\/adamhagman\\\/\"}]}<\/script>\n<!-- \/ Yoast SEO plugin. -->","yoast_head_json":{"title":"Kontakt - Nordic Equicare","robots":{"index":"index","follow":"follow","max-snippet":"max-snippet:-1","max-image-preview":"max-image-preview:large","max-video-preview":"max-video-preview:-1"},"canonical":"https:\/\/nordicequicare.se\/en\/kontakt\/","og_locale":"en_US","og_type":"article","og_title":"Kontakt - Nordic Equicare","og_description":"Har du fr\u00e5gor eller vill boka? H\u00f6r g\u00e4rna av dig via sms, eller skicka iv\u00e4g ett mail. Kristinerov\u00e4gen 7A, S\u00f6r\u00e5ker info@nordicequicare.se 070-348 16 23 Namn* E-Post* Meddelande* Skicka","og_url":"https:\/\/nordicequicare.se\/en\/kontakt\/","og_site_name":"Nordic Equicare","article_publisher":"https:\/\/www.facebook.com\/nordicequicare","article_modified_time":"2026-02-18T18:24:40+00:00","og_image":[{"width":553,"height":553,"url":"https:\/\/nordicequicare.se\/wp-content\/uploads\/2024\/07\/Anna_atretch1.webp","type":"image\/webp"}],"twitter_card":"summary_large_image","twitter_misc":{"Est. reading time":"1 minute"},"schema":{"@context":"https:\/\/schema.org","@graph":[{"@type":["Article","BlogPosting"],"@id":"https:\/\/nordicequicare.se\/kontakt\/#article","isPartOf":{"@id":"https:\/\/nordicequicare.se\/kontakt\/"},"author":{"name":"adamhagman","@id":"https:\/\/nordicequicare.se\/#\/schema\/person\/bc523ae26af3ff7797b4d496aa7328c7"},"headline":"Kontakt","datePublished":"2024-07-29T19:32:18+00:00","dateModified":"2026-02-18T18:24:40+00:00","mainEntityOfPage":{"@id":"https:\/\/nordicequicare.se\/kontakt\/"},"wordCount":1,"publisher":{"@id":"https:\/\/nordicequicare.se\/#organization"},"inLanguage":"en-US"},{"@type":"WebPage","@id":"https:\/\/nordicequicare.se\/kontakt\/","url":"https:\/\/nordicequicare.se\/kontakt\/","name":"Kontakt - Nordic Equicare","isPartOf":{"@id":"https:\/\/nordicequicare.se\/#website"},"datePublished":"2024-07-29T19:32:18+00:00","dateModified":"2026-02-18T18:24:40+00:00","breadcrumb":{"@id":"https:\/\/nordicequicare.se\/kontakt\/#breadcrumb"},"inLanguage":"en-US","potentialAction":[{"@type":"ReadAction","target":["https:\/\/nordicequicare.se\/kontakt\/"]}]},{"@type":"BreadcrumbList","@id":"https:\/\/nordicequicare.se\/kontakt\/#breadcrumb","itemListElement":[{"@type":"ListItem","position":1,"name":"Hem","item":"https:\/\/nordicequicare.se\/"},{"@type":"ListItem","position":2,"name":"Kontakt"}]},{"@type":"WebSite","@id":"https:\/\/nordicequicare.se\/#website","url":"https:\/\/nordicequicare.se\/","name":"Nordic Equicare","description":"Din equiterapeut i V\u00e4stmanland","publisher":{"@id":"https:\/\/nordicequicare.se\/#organization"},"potentialAction":[{"@type":"SearchAction","target":{"@type":"EntryPoint","urlTemplate":"https:\/\/nordicequicare.se\/?s={search_term_string}"},"query-input":{"@type":"PropertyValueSpecification","valueRequired":true,"valueName":"search_term_string"}}],"inLanguage":"en-US"},{"@type":"Organization","@id":"https:\/\/nordicequicare.se\/#organization","name":"Nordic Equicare","url":"https:\/\/nordicequicare.se\/","logo":{"@type":"ImageObject","inLanguage":"en-US","@id":"https:\/\/nordicequicare.se\/#\/schema\/logo\/image\/","url":"https:\/\/nordicequicare.se\/wp-content\/uploads\/2023\/07\/gen_logo.png","contentUrl":"https:\/\/nordicequicare.se\/wp-content\/uploads\/2023\/07\/gen_logo.png","width":500,"height":196,"caption":"Nordic Equicare"},"image":{"@id":"https:\/\/nordicequicare.se\/#\/schema\/logo\/image\/"},"sameAs":["https:\/\/www.facebook.com\/nordicequicare","https:\/\/www.instagram.com\/nordicequicare\/"]},{"@type":"Person","@id":"https:\/\/nordicequicare.se\/#\/schema\/person\/bc523ae26af3ff7797b4d496aa7328c7","name":"adamhagman","image":{"@type":"ImageObject","inLanguage":"en-US","@id":"https:\/\/secure.gravatar.com\/avatar\/0028a9544b7512c97252eaa2dcbd02f6c241d97eabc42833764f1198c3e15a9b?s=96&d=mm&r=g","url":"https:\/\/secure.gravatar.com\/avatar\/0028a9544b7512c97252eaa2dcbd02f6c241d97eabc42833764f1198c3e15a9b?s=96&d=mm&r=g","contentUrl":"https:\/\/secure.gravatar.com\/avatar\/0028a9544b7512c97252eaa2dcbd02f6c241d97eabc42833764f1198c3e15a9b?s=96&d=mm&r=g","caption":"adamhagman"},"sameAs":["https:\/\/nordicequicare.se"],"url":"https:\/\/nordicequicare.se\/en\/author\/adamhagman\/"}]}},"_links":{"self":[{"href":"https:\/\/nordicequicare.se\/en\/wp-json\/wp\/v2\/pages\/1780","targetHints":{"allow":["GET"]}}],"collection":[{"href":"https:\/\/nordicequicare.se\/en\/wp-json\/wp\/v2\/pages"}],"about":[{"href":"https:\/\/nordicequicare.se\/en\/wp-json\/wp\/v2\/types\/page"}],"author":[{"embeddable":true,"href":"https:\/\/nordicequicare.se\/en\/wp-json\/wp\/v2\/users\/1"}],"replies":[{"embeddable":true,"href":"https:\/\/nordicequicare.se\/en\/wp-json\/wp\/v2\/comments?post=1780"}],"version-history":[{"count":4,"href":"https:\/\/nordicequicare.se\/en\/wp-json\/wp\/v2\/pages\/1780\/revisions"}],"predecessor-version":[{"id":1858,"href":"https:\/\/nordicequicare.se\/en\/wp-json\/wp\/v2\/pages\/1780\/revisions\/1858"}],"wp:attachment":[{"href":"https:\/\/nordicequicare.se\/en\/wp-json\/wp\/v2\/media?parent=1780"}],"curies":[{"name":"wp","href":"https:\/\/api.w.org\/{rel}","templated":true}]}}