{"id":1564,"date":"2024-07-15T14:40:52","date_gmt":"2024-07-15T12:40:52","guid":{"rendered":"https:\/\/nordicequicare.se\/?page_id=1564"},"modified":"2024-07-15T14:46:12","modified_gmt":"2024-07-15T12:46:12","slug":"ny-hemsida-snart-klar","status":"publish","type":"page","link":"https:\/\/nordicequicare.se\/en\/ny-hemsida-snart-klar\/","title":{"rendered":"Ny hemsida snart klar&#8230;"},"content":{"rendered":"<section class=\"bde-section-1564-100 bde-section\">\n  \n  \n\t\n\n\n\n<div class=\"section-container\"><div class=\"bde-image-1564-105 bde-image\">\n<figure class=\"breakdance-image breakdance-image--534\">\n\t<div class=\"breakdance-image-container\">\n\t\t<div class=\"breakdance-image-clip\"><img decoding=\"async\" class=\"breakdance-image-object\" src=\"https:\/\/nordicequicare.se\/wp-content\/uploads\/2023\/07\/gen_logo.png\" width=\"500\" height=\"196\" srcset=\"https:\/\/nordicequicare.se\/wp-content\/uploads\/2023\/07\/gen_logo.png 500w, https:\/\/nordicequicare.se\/wp-content\/uploads\/2023\/07\/gen_logo-300x118.png 300w, https:\/\/nordicequicare.se\/wp-content\/uploads\/2023\/07\/gen_logo-230x90.png 230w\" sizes=\"auto, (max-width: 500px) 100vw, 500px\" loading=\"lazy\"><\/div>\n\t<\/div><\/figure>\n\n<\/div><div class=\"bde-image-1564-101 bde-image\">\n<figure class=\"breakdance-image breakdance-image--1556\">\n\t<div class=\"breakdance-image-container\">\n\t\t<div class=\"breakdance-image-clip\"><img loading=\"lazy\" decoding=\"async\" class=\"breakdance-image-object\" src=\"https:\/\/nordicequicare.se\/wp-content\/uploads\/2024\/07\/Anna_atretch1.webp\" width=\"553\" height=\"553\" srcset=\"https:\/\/nordicequicare.se\/wp-content\/uploads\/2024\/07\/Anna_atretch1.webp 553w, https:\/\/nordicequicare.se\/wp-content\/uploads\/2024\/07\/Anna_atretch1-300x300.webp 300w, https:\/\/nordicequicare.se\/wp-content\/uploads\/2024\/07\/Anna_atretch1-150x150.webp 150w, https:\/\/nordicequicare.se\/wp-content\/uploads\/2024\/07\/Anna_atretch1-100x100.webp 100w\" sizes=\"auto, (max-width: 553px) 100vw, 553px\"><\/div>\n\t<\/div><\/figure>\n\n<\/div><h1 class=\"bde-heading-1564-102 bde-heading\">\nArbete p\u00e5g\u00e5r\n<\/h1><div class=\"bde-text-1564-103 bde-text\">\nVi uppdaterar v\u00e5r hemsida f\u00f6r att skapa en \u00e4nnu b\u00e4ttre upplevelse f\u00f6r dig som bes\u00f6kare. Under tiden kan du n\u00e5 mig p\u00e5 070-609 36 22\n<\/div><div class=\"bde-form-builder-1564-104 bde-form-builder\">\n\n<form id=\"contact-form104\" class=\"breakdance-form breakdance-form--horizontal\" data-options=\"{&quot;slug&quot;:&quot;custom&quot;,&quot;name&quot;:&quot;Contact Form&quot;,&quot;ajaxUrl&quot;:&quot;https:\\\/\\\/nordicequicare.se\\\/wp-admin\\\/admin-ajax.php&quot;,&quot;clearOnSuccess&quot;:true,&quot;hideOnSuccess&quot;:false,&quot;successMessage&quot;:&quot;Your message has been received!&quot;,&quot;errorMessage&quot;:&quot;Something went wrong&quot;,&quot;redirect&quot;:false,&quot;redirectUrl&quot;:&quot;&quot;,&quot;customJavaScript&quot;:&quot;&quot;,&quot;recaptcha&quot;:{&quot;key&quot;:&quot;&quot;,&quot;enabled&quot;:false},&quot;honeypot_enabled&quot;:false,&quot;popupsOnSuccess&quot;:[],&quot;popupsOnError&quot;:[]}\" data-steps=\"0\" >\n  \n  \n  \n<div class=\"breakdance-form-field breakdance-form-field--email\" >\n    \n    \n    \n    <input\n    class=\"breakdance-form-field__input\"\n    id=\"email\"\n    aria-describedby=\"email\"\n    type=\"email\"\n    name=\"fields[email]\"\n    placeholder=\"E-postadress\"\n    value=\"\"\n                \n        \n        \n    required\n    \n    \n    \n    \n    \n>\n\n\n    \n    \n<\/div><div class=\"breakdance-form-field breakdance-form-footer\">    \n    \n    \n    \n    \n            \n            <button type=\"submit\" class=\"button-atom button-atom--primary breakdance-form-button breakdance-form-button__submit\"  >\n    \n        <span class=\"button-atom__text\">Jag vill bli kontaktad<\/span>\n\n        \n        \n            <\/button>\n    \n    <input type=\"hidden\" name=\"form_id\" value=\"104\">\n    <input type=\"hidden\" name=\"post_id\" value=\"1564\">\n<\/div>\n\n  \n<\/form>\n\n\n<\/div><\/div>\n<\/section>","protected":false},"excerpt":{"rendered":"<p>Arbete p\u00e5g\u00e5r Vi uppdaterar v\u00e5r hemsida f\u00f6r att skapa en \u00e4nnu b\u00e4ttre upplevelse f\u00f6r dig som bes\u00f6kare. Under tiden kan du n\u00e5 mig p\u00e5 070-609 36 22 Jag vill bli kontaktad<\/p>","protected":false},"author":1,"featured_media":0,"parent":0,"menu_order":0,"comment_status":"closed","ping_status":"closed","template":"","meta":{"_breakdance_hide_in_design_set":false,"_breakdance_tags":"","footnotes":""},"class_list":["post-1564","page","type-page","status-publish","hentry"],"yoast_head":"<!-- This site is optimized with the Yoast SEO plugin v27.4 - https:\/\/yoast.com\/product\/yoast-seo-wordpress\/ -->\n<title>Ny hemsida snart klar... - Nordic Equicare<\/title>\n<meta name=\"robots\" content=\"index, follow, max-snippet:-1, max-image-preview:large, max-video-preview:-1\" \/>\n<link rel=\"canonical\" href=\"https:\/\/nordicequicare.se\/en\/ny-hemsida-snart-klar\/\" \/>\n<meta property=\"og:locale\" content=\"en_US\" \/>\n<meta property=\"og:type\" content=\"article\" \/>\n<meta property=\"og:title\" content=\"Ny hemsida snart klar... - Nordic Equicare\" \/>\n<meta property=\"og:description\" content=\"Arbete p\u00e5g\u00e5r Vi uppdaterar v\u00e5r hemsida f\u00f6r att skapa en \u00e4nnu b\u00e4ttre upplevelse f\u00f6r dig som bes\u00f6kare. Under tiden kan du n\u00e5 mig p\u00e5 070-609 36 22 Jag vill bli kontaktad\" \/>\n<meta property=\"og:url\" content=\"https:\/\/nordicequicare.se\/en\/ny-hemsida-snart-klar\/\" \/>\n<meta property=\"og:site_name\" content=\"Nordic Equicare\" \/>\n<meta property=\"article:publisher\" content=\"https:\/\/www.facebook.com\/nordicequicare\" \/>\n<meta property=\"article:modified_time\" content=\"2024-07-15T12:46:12+00:00\" \/>\n<meta property=\"og:image\" content=\"https:\/\/nordicequicare.se\/wp-content\/uploads\/2024\/07\/Anna_atretch1.webp\" \/>\n\t<meta property=\"og:image:width\" content=\"553\" \/>\n\t<meta property=\"og:image:height\" content=\"553\" \/>\n\t<meta property=\"og:image:type\" content=\"image\/webp\" \/>\n<meta name=\"twitter:card\" content=\"summary_large_image\" \/>\n<meta name=\"twitter:label1\" content=\"Est. reading time\" \/>\n\t<meta name=\"twitter:data1\" content=\"1 minute\" \/>\n<script type=\"application\/ld+json\" class=\"yoast-schema-graph\">{\"@context\":\"https:\\\/\\\/schema.org\",\"@graph\":[{\"@type\":[\"Article\",\"BlogPosting\"],\"@id\":\"https:\\\/\\\/nordicequicare.se\\\/ny-hemsida-snart-klar\\\/#article\",\"isPartOf\":{\"@id\":\"https:\\\/\\\/nordicequicare.se\\\/ny-hemsida-snart-klar\\\/\"},\"author\":{\"name\":\"adamhagman\",\"@id\":\"https:\\\/\\\/nordicequicare.se\\\/#\\\/schema\\\/person\\\/bc523ae26af3ff7797b4d496aa7328c7\"},\"headline\":\"Ny hemsida snart klar&#8230;\",\"datePublished\":\"2024-07-15T12:40:52+00:00\",\"dateModified\":\"2024-07-15T12:46:12+00:00\",\"mainEntityOfPage\":{\"@id\":\"https:\\\/\\\/nordicequicare.se\\\/ny-hemsida-snart-klar\\\/\"},\"wordCount\":4,\"publisher\":{\"@id\":\"https:\\\/\\\/nordicequicare.se\\\/#organization\"},\"inLanguage\":\"en-US\"},{\"@type\":\"WebPage\",\"@id\":\"https:\\\/\\\/nordicequicare.se\\\/ny-hemsida-snart-klar\\\/\",\"url\":\"https:\\\/\\\/nordicequicare.se\\\/ny-hemsida-snart-klar\\\/\",\"name\":\"Ny hemsida snart klar... - Nordic Equicare\",\"isPartOf\":{\"@id\":\"https:\\\/\\\/nordicequicare.se\\\/#website\"},\"datePublished\":\"2024-07-15T12:40:52+00:00\",\"dateModified\":\"2024-07-15T12:46:12+00:00\",\"breadcrumb\":{\"@id\":\"https:\\\/\\\/nordicequicare.se\\\/ny-hemsida-snart-klar\\\/#breadcrumb\"},\"inLanguage\":\"en-US\",\"potentialAction\":[{\"@type\":\"ReadAction\",\"target\":[\"https:\\\/\\\/nordicequicare.se\\\/ny-hemsida-snart-klar\\\/\"]}]},{\"@type\":\"BreadcrumbList\",\"@id\":\"https:\\\/\\\/nordicequicare.se\\\/ny-hemsida-snart-klar\\\/#breadcrumb\",\"itemListElement\":[{\"@type\":\"ListItem\",\"position\":1,\"name\":\"Hem\",\"item\":\"https:\\\/\\\/nordicequicare.se\\\/\"},{\"@type\":\"ListItem\",\"position\":2,\"name\":\"Ny hemsida snart klar&#8230;\"}]},{\"@type\":\"WebSite\",\"@id\":\"https:\\\/\\\/nordicequicare.se\\\/#website\",\"url\":\"https:\\\/\\\/nordicequicare.se\\\/\",\"name\":\"Nordic Equicare\",\"description\":\"Din equiterapeut i V\u00e4stmanland\",\"publisher\":{\"@id\":\"https:\\\/\\\/nordicequicare.se\\\/#organization\"},\"potentialAction\":[{\"@type\":\"SearchAction\",\"target\":{\"@type\":\"EntryPoint\",\"urlTemplate\":\"https:\\\/\\\/nordicequicare.se\\\/?s={search_term_string}\"},\"query-input\":{\"@type\":\"PropertyValueSpecification\",\"valueRequired\":true,\"valueName\":\"search_term_string\"}}],\"inLanguage\":\"en-US\"},{\"@type\":\"Organization\",\"@id\":\"https:\\\/\\\/nordicequicare.se\\\/#organization\",\"name\":\"Nordic Equicare\",\"url\":\"https:\\\/\\\/nordicequicare.se\\\/\",\"logo\":{\"@type\":\"ImageObject\",\"inLanguage\":\"en-US\",\"@id\":\"https:\\\/\\\/nordicequicare.se\\\/#\\\/schema\\\/logo\\\/image\\\/\",\"url\":\"https:\\\/\\\/nordicequicare.se\\\/wp-content\\\/uploads\\\/2023\\\/07\\\/gen_logo.png\",\"contentUrl\":\"https:\\\/\\\/nordicequicare.se\\\/wp-content\\\/uploads\\\/2023\\\/07\\\/gen_logo.png\",\"width\":500,\"height\":196,\"caption\":\"Nordic Equicare\"},\"image\":{\"@id\":\"https:\\\/\\\/nordicequicare.se\\\/#\\\/schema\\\/logo\\\/image\\\/\"},\"sameAs\":[\"https:\\\/\\\/www.facebook.com\\\/nordicequicare\",\"https:\\\/\\\/www.instagram.com\\\/nordicequicare\\\/\"]},{\"@type\":\"Person\",\"@id\":\"https:\\\/\\\/nordicequicare.se\\\/#\\\/schema\\\/person\\\/bc523ae26af3ff7797b4d496aa7328c7\",\"name\":\"adamhagman\",\"image\":{\"@type\":\"ImageObject\",\"inLanguage\":\"en-US\",\"@id\":\"https:\\\/\\\/secure.gravatar.com\\\/avatar\\\/0028a9544b7512c97252eaa2dcbd02f6c241d97eabc42833764f1198c3e15a9b?s=96&d=mm&r=g\",\"url\":\"https:\\\/\\\/secure.gravatar.com\\\/avatar\\\/0028a9544b7512c97252eaa2dcbd02f6c241d97eabc42833764f1198c3e15a9b?s=96&d=mm&r=g\",\"contentUrl\":\"https:\\\/\\\/secure.gravatar.com\\\/avatar\\\/0028a9544b7512c97252eaa2dcbd02f6c241d97eabc42833764f1198c3e15a9b?s=96&d=mm&r=g\",\"caption\":\"adamhagman\"},\"sameAs\":[\"https:\\\/\\\/nordicequicare.se\"],\"url\":\"https:\\\/\\\/nordicequicare.se\\\/en\\\/author\\\/adamhagman\\\/\"}]}<\/script>\n<!-- \/ Yoast SEO plugin. -->","yoast_head_json":{"title":"Ny hemsida snart klar... - Nordic Equicare","robots":{"index":"index","follow":"follow","max-snippet":"max-snippet:-1","max-image-preview":"max-image-preview:large","max-video-preview":"max-video-preview:-1"},"canonical":"https:\/\/nordicequicare.se\/en\/ny-hemsida-snart-klar\/","og_locale":"en_US","og_type":"article","og_title":"Ny hemsida snart klar... - Nordic Equicare","og_description":"Arbete p\u00e5g\u00e5r Vi uppdaterar v\u00e5r hemsida f\u00f6r att skapa en \u00e4nnu b\u00e4ttre upplevelse f\u00f6r dig som bes\u00f6kare. Under tiden kan du n\u00e5 mig p\u00e5 070-609 36 22 Jag vill bli kontaktad","og_url":"https:\/\/nordicequicare.se\/en\/ny-hemsida-snart-klar\/","og_site_name":"Nordic Equicare","article_publisher":"https:\/\/www.facebook.com\/nordicequicare","article_modified_time":"2024-07-15T12:46:12+00:00","og_image":[{"width":553,"height":553,"url":"https:\/\/nordicequicare.se\/wp-content\/uploads\/2024\/07\/Anna_atretch1.webp","type":"image\/webp"}],"twitter_card":"summary_large_image","twitter_misc":{"Est. reading time":"1 minute"},"schema":{"@context":"https:\/\/schema.org","@graph":[{"@type":["Article","BlogPosting"],"@id":"https:\/\/nordicequicare.se\/ny-hemsida-snart-klar\/#article","isPartOf":{"@id":"https:\/\/nordicequicare.se\/ny-hemsida-snart-klar\/"},"author":{"name":"adamhagman","@id":"https:\/\/nordicequicare.se\/#\/schema\/person\/bc523ae26af3ff7797b4d496aa7328c7"},"headline":"Ny hemsida snart klar&#8230;","datePublished":"2024-07-15T12:40:52+00:00","dateModified":"2024-07-15T12:46:12+00:00","mainEntityOfPage":{"@id":"https:\/\/nordicequicare.se\/ny-hemsida-snart-klar\/"},"wordCount":4,"publisher":{"@id":"https:\/\/nordicequicare.se\/#organization"},"inLanguage":"en-US"},{"@type":"WebPage","@id":"https:\/\/nordicequicare.se\/ny-hemsida-snart-klar\/","url":"https:\/\/nordicequicare.se\/ny-hemsida-snart-klar\/","name":"Ny hemsida snart klar... - Nordic Equicare","isPartOf":{"@id":"https:\/\/nordicequicare.se\/#website"},"datePublished":"2024-07-15T12:40:52+00:00","dateModified":"2024-07-15T12:46:12+00:00","breadcrumb":{"@id":"https:\/\/nordicequicare.se\/ny-hemsida-snart-klar\/#breadcrumb"},"inLanguage":"en-US","potentialAction":[{"@type":"ReadAction","target":["https:\/\/nordicequicare.se\/ny-hemsida-snart-klar\/"]}]},{"@type":"BreadcrumbList","@id":"https:\/\/nordicequicare.se\/ny-hemsida-snart-klar\/#breadcrumb","itemListElement":[{"@type":"ListItem","position":1,"name":"Hem","item":"https:\/\/nordicequicare.se\/"},{"@type":"ListItem","position":2,"name":"Ny hemsida snart klar&#8230;"}]},{"@type":"WebSite","@id":"https:\/\/nordicequicare.se\/#website","url":"https:\/\/nordicequicare.se\/","name":"Nordic Equicare","description":"Din equiterapeut i V\u00e4stmanland","publisher":{"@id":"https:\/\/nordicequicare.se\/#organization"},"potentialAction":[{"@type":"SearchAction","target":{"@type":"EntryPoint","urlTemplate":"https:\/\/nordicequicare.se\/?s={search_term_string}"},"query-input":{"@type":"PropertyValueSpecification","valueRequired":true,"valueName":"search_term_string"}}],"inLanguage":"en-US"},{"@type":"Organization","@id":"https:\/\/nordicequicare.se\/#organization","name":"Nordic Equicare","url":"https:\/\/nordicequicare.se\/","logo":{"@type":"ImageObject","inLanguage":"en-US","@id":"https:\/\/nordicequicare.se\/#\/schema\/logo\/image\/","url":"https:\/\/nordicequicare.se\/wp-content\/uploads\/2023\/07\/gen_logo.png","contentUrl":"https:\/\/nordicequicare.se\/wp-content\/uploads\/2023\/07\/gen_logo.png","width":500,"height":196,"caption":"Nordic Equicare"},"image":{"@id":"https:\/\/nordicequicare.se\/#\/schema\/logo\/image\/"},"sameAs":["https:\/\/www.facebook.com\/nordicequicare","https:\/\/www.instagram.com\/nordicequicare\/"]},{"@type":"Person","@id":"https:\/\/nordicequicare.se\/#\/schema\/person\/bc523ae26af3ff7797b4d496aa7328c7","name":"adamhagman","image":{"@type":"ImageObject","inLanguage":"en-US","@id":"https:\/\/secure.gravatar.com\/avatar\/0028a9544b7512c97252eaa2dcbd02f6c241d97eabc42833764f1198c3e15a9b?s=96&d=mm&r=g","url":"https:\/\/secure.gravatar.com\/avatar\/0028a9544b7512c97252eaa2dcbd02f6c241d97eabc42833764f1198c3e15a9b?s=96&d=mm&r=g","contentUrl":"https:\/\/secure.gravatar.com\/avatar\/0028a9544b7512c97252eaa2dcbd02f6c241d97eabc42833764f1198c3e15a9b?s=96&d=mm&r=g","caption":"adamhagman"},"sameAs":["https:\/\/nordicequicare.se"],"url":"https:\/\/nordicequicare.se\/en\/author\/adamhagman\/"}]}},"_links":{"self":[{"href":"https:\/\/nordicequicare.se\/en\/wp-json\/wp\/v2\/pages\/1564","targetHints":{"allow":["GET"]}}],"collection":[{"href":"https:\/\/nordicequicare.se\/en\/wp-json\/wp\/v2\/pages"}],"about":[{"href":"https:\/\/nordicequicare.se\/en\/wp-json\/wp\/v2\/types\/page"}],"author":[{"embeddable":true,"href":"https:\/\/nordicequicare.se\/en\/wp-json\/wp\/v2\/users\/1"}],"replies":[{"embeddable":true,"href":"https:\/\/nordicequicare.se\/en\/wp-json\/wp\/v2\/comments?post=1564"}],"version-history":[{"count":6,"href":"https:\/\/nordicequicare.se\/en\/wp-json\/wp\/v2\/pages\/1564\/revisions"}],"predecessor-version":[{"id":1571,"href":"https:\/\/nordicequicare.se\/en\/wp-json\/wp\/v2\/pages\/1564\/revisions\/1571"}],"wp:attachment":[{"href":"https:\/\/nordicequicare.se\/en\/wp-json\/wp\/v2\/media?parent=1564"}],"curies":[{"name":"wp","href":"https:\/\/api.w.org\/{rel}","templated":true}]}}